{"id":959,"date":"2016-04-25T07:31:47","date_gmt":"2016-04-25T07:31:47","guid":{"rendered":"https:\/\/hotelpunt14.com\/fr\/?page_id=959"},"modified":"2025-08-15T07:20:17","modified_gmt":"2025-08-15T07:20:17","slug":"frequently-asked-questions","status":"publish","type":"page","link":"https:\/\/hotelpunt14.com\/fr\/frequently-asked-questions\/","title":{"rendered":"Questions fr\u00e9quentes"},"content":{"rendered":"<div class=\"faq-container\">\n<div class=\"faq-item\">\n<button class=\"faq-question\"><\/p>\n<h3>Heures d&rsquo;arriv\u00e9e et de d\u00e9part de l&rsquo;h\u00f4tel<\/h3>\n<p><span class=\"icon\">+<\/span><\/button><\/p>\n<div class=\"faq-answer\">\n<p>Vous pouvez vous enregistrer \u00e0 partir de 14h00 et partir jusqu&rsquo;\u00e0 12h00. Possibilit\u00e9 d&rsquo;enregistrement anticip\u00e9 et de d\u00e9part tardif selon les disponibilit\u00e9s.<\/p>\n<\/div>\n<\/div>\n<div class=\"faq-item\">\n<button class=\"faq-question\"><\/p>\n<h3>Tr\u00e8s proche de l&rsquo;a\u00e9roport Josep Tarradellas &#8211; El Prat.<\/h3>\n<p><span class=\"icon\">+<\/span><\/button><\/p>\n<div class=\"faq-answer\">\n<p>A seulement 9&prime; (8,4 Km). Acc\u00e8s depuis l&rsquo;a\u00e9roport et en voiture.<\/p>\n<\/div>\n<\/div>\n<div class=\"faq-item\">\n<button class=\"faq-question\"><\/p>\n<h3>Tr\u00e8s proche de la plage<\/h3>\n<p><span class=\"icon\">+<\/span><\/button><\/p>\n<div class=\"faq-answer\">\n<p>A seulement 1,5 km et 4&prime; en voiture et 20&prime; \u00e0 pied des plages renomm\u00e9es de Gav\u00e0.<\/p>\n<\/div>\n<\/div>\n<div class=\"faq-item\">\n<button class=\"faq-question\"><\/p>\n<h3>Tr\u00e8s proche de la Fira<\/h3>\n<p><span class=\"icon\">+<\/span><\/button><\/p>\n<div class=\"faq-answer\">\n<p>A seulement 14&prime; (15&rsquo;6 Km) en voiture.<\/p>\n<\/div>\n<\/div>\n<div class=\"faq-item\">\n<button class=\"faq-question\"><\/p>\n<h3>Est-il possible de se garer \u00e0 l&rsquo;h\u00f4tel?<\/h3>\n<p><span class=\"icon\">+<\/span><\/button><\/p>\n<div class=\"faq-answer\">\n<p>Oui, nous disposons d&rsquo;un parking priv\u00e9 et surveill\u00e9 dans le m\u00eame b\u00e2timent, sans frais suppl\u00e9mentaires. La hauteur maximale autoris\u00e9e est de 1,85 m. Si votre v\u00e9hicule d\u00e9passe cette hauteur, veuillez nous en informer et nous vous proposerons une alternative dans les installations de l&rsquo;h\u00f4tel.<\/p>\n<\/div>\n<\/div>\n<div class=\"faq-item\">\n<button class=\"faq-question\"><\/p>\n<h3>Y a-t-il des bornes de recharge pour voitures \u00e9lectriques ?<\/h3>\n<p><span class=\"icon\">+<\/span><\/button><\/p>\n<div class=\"faq-answer\">\n<p>Oui, nous disposons de deux bornes de recharge semi-rapide dans notre parking priv\u00e9. Le service est payant via l\u2019application MundoGalp.<\/p>\n<\/div>\n<\/div>\n<div class=\"faq-item\">\n<button class=\"faq-question\"><\/p>\n<h3>Un service de petit-d\u00e9jeuner est-il disponible ?<\/h3>\n<p><span class=\"icon\">+<\/span><\/button><\/p>\n<div class=\"faq-answer\">\n<p>Oui, nous proposons des petits-d\u00e9jeuners complets et sains \u00e0 un prix comp\u00e9titif, id\u00e9aux \u00e0 d\u00e9guster \u00e0 l&rsquo;h\u00f4tel ou \u00e0 emporter. La salle de petit-d\u00e9jeuner n&rsquo;\u00e9tant pas disponible actuellement, nous vous proposons de servir le petit-d\u00e9jeuner dans votre chambre sans frais suppl\u00e9mentaires.<br \/>\nDe plus, \u00e0 l&rsquo;\u00e9tage de la r\u00e9ception, vous trouverez un service gratuit de caf\u00e9 et de th\u00e9.<\/p>\n<\/div>\n<\/div>\n<div class=\"faq-item\">\n<button class=\"faq-question\"><\/p>\n<h3>Qu&rsquo;est-ce qu&rsquo;un h\u00f4tel r\u00e9serv\u00e9 aux adultes?<\/h3>\n<p><span class=\"icon\">+<\/span><\/button><\/p>\n<div class=\"faq-answer\">\n<p>Il s&rsquo;agit d&rsquo;un h\u00f4tel r\u00e9serv\u00e9 aux adultes, o\u00f9 l&rsquo;\u00e2ge minimum pour l&rsquo;enregistrement est de 18 ans. Nous ne disposons pas de chambres familiales, de lits d&rsquo;enfants ou de lits de camp.<\/p>\n<\/div>\n<\/div>\n<div class=\"faq-item\">\n<button class=\"faq-question\"><\/p>\n<h3>Dois-je pr\u00e9senter ma carte d\u2019identit\u00e9?<\/h3>\n<p><span class=\"icon\">+<\/span><\/button><\/p>\n<div class=\"faq-answer\">\n<p>Oui. La pr\u00e9sentation d\u2019un document d\u2019identification valide est obligatoire pour toutes les personnes s\u2019enregistrant dans un h\u00f4tel.<\/p>\n<\/div>\n<\/div>\n<div class=\"faq-item\">\n<button class=\"faq-question\"><\/p>\n<h3>Qu&rsquo;est-ce qu&rsquo;un service \u00e0 la journ\u00e9e ou \u00e0 l&rsquo;heure ?<\/h3>\n<p><span class=\"icon\">+<\/span><\/button><\/p>\n<div class=\"faq-answer\">\n<p>Il s&rsquo;agit de la possibilit\u00e9 de louer une chambre \u00e0 un prix plus \u00e9conomique, uniquement pour le temps dont vous avez besoin. Vous pouvez choisir librement l&rsquo;heure d&rsquo;arriv\u00e9e et de d\u00e9part, en fonction de vos besoins.<\/p>\n<\/div>\n<\/div>\n<div class=\"faq-item\">\n<button class=\"faq-question\"><\/p>\n<h3>Existe-t-il un service de navette vers l&rsquo;a\u00e9roport?<\/h3>\n<p><span class=\"icon\">+<\/span><\/button><\/p>\n<div class=\"faq-answer\">\n<p>Nous ne disposons pas de notre propre service de transport, mais nous pouvons vous mettre en contact, sans frais suppl\u00e9mentaires, avec des agences qui offrent ce service.<\/p>\n<\/div>\n<\/div>\n<div class=\"faq-item\">\n<button class=\"faq-question\"><\/p>\n<h3>Y a-t-il des chambres non-fumeurs?<\/h3>\n<p><span class=\"icon\">+<\/span><\/button><\/p>\n<div class=\"faq-answer\">\n<p>Oui, toutes nos cat\u00e9gories de chambres comprennent des options non-fumeurs, garantissant un s\u00e9jour agr\u00e9able et sans fum\u00e9e.<\/p>\n<\/div>\n<\/div>\n<div class=\"faq-item\">\n<button class=\"faq-question\"><\/p>\n<h3>Les animaux domestiques sont-ils autoris\u00e9s?<\/h3>\n<p><span class=\"icon\">+<\/span><\/button><\/p>\n<div class=\"faq-answer\">\n<p>Non, malheureusement les animaux ne sont pas admis dans l&rsquo;h\u00f4tel.<\/p>\n<\/div>\n<\/div>\n<div class=\"faq-item\">\n<button class=\"faq-question\"><\/p>\n<h3><b>J&rsquo;ai plus de doutes&#8230;<\/b><\/h3>\n<p><span class=\"icon\">+<\/span><\/button><\/p>\n<div class=\"faq-answer\">\n<p>Contactez-nous par courrier \u00e9lectronique \u00e0 l&rsquo;adresse <a href=\"mailto:info@motelpuntcatorze.com\">info@motelpuntcatorze.com<\/a> ou par t\u00e9l\u00e9phone \u00e0 l&rsquo;adresse <a href=\"tel:+346330284\">93 633 02 84<\/a> et nous nous ferons un plaisir de r\u00e9pondre \u00e0 vos questions.<\/p>\n<\/div>\n<\/div>\n<\/div>\n<p>&nbsp;<\/p>\n<h2 style=\"text-align: left;\">Acc\u00e8s \u00e0 l&rsquo;h\u00f4tel<\/h2>\n<p style=\"text-align: left;\"><strong>Depuis l&rsquo;a\u00e9roport Josep Tarradellas Barcelona <\/strong> &#8211; El Prat &#8211; En voiture &#8211; 9 min (8,4 km)<\/p>\n<ul style=\"text-align: left;\">Prendre l&rsquo;autoroute Castelldefels\/C-31 \u00e0 Viladecans depuis l&rsquo;Av. de l&rsquo;Aeroport. 3 min (2,2 km)<\/ul>\n<ul style=\"text-align: left;\">Suivre l&rsquo;autoroute Castelldefels\/C-31 en direction de Gav\u00e0. Prendre la sortie vers Gav\u00e0 de l&rsquo;autoroute Castelldefels\/C-31. 3 min (4,8 km)<\/ul>\n<ul style=\"text-align: left;\">Prendre le Cam\u00ed de la Pineda et la Carrer de la Ciutat del Rep\u00f2s en direction de la Carrer de Josep Llu\u00eds Sert. 3 min (1.4 km)<\/ul>\n<ul style=\"text-align: left;\">Motel Punt 14 Carrer de Josep Llu\u00eds Sert, 48, 08850 Gav\u00e0, Barcelona<\/ul>\n<p style=\"text-align: left;\"><strong>Depuis l&rsquo;a\u00e9roport Josep Tarradellas Barcelona-El Prat (T1) &#8211; En transport public (bus) &#8211; 29 min (8,4 km)<\/strong><\/p>\n<ul style=\"text-align: left;\">L77 vers Av. Europa &#8211; Av. del Mar. 12 min (2 arr\u00eats) &#8211; Arr\u00eat n\u00b0 109197<\/ul>\n<ul style=\"text-align: left;\">Av. Europa &#8211; Av. del Mar. A pied 17 min environ (1,3 km)<\/ul>\n<ul style=\"text-align: left;\">H\u00f4tel Punt 14 Carrer de Josep Llu\u00eds Sert, 48, 08850 Gav\u00e0, Barcelona.<\/ul>\n","protected":false},"excerpt":{"rendered":"<p>Heures d&rsquo;arriv\u00e9e et de d\u00e9part de l&rsquo;h\u00f4tel + Vous pouvez vous enregistrer \u00e0 partir de 14h00 et partir jusqu&rsquo;\u00e0 12h00. Possibilit\u00e9 d&rsquo;enregistrement anticip\u00e9 et de d\u00e9part tardif selon les disponibilit\u00e9s. Tr\u00e8s proche de l&rsquo;a\u00e9roport Josep Tarradellas &#8211; El Prat. + A seulement 9&prime; (8,4 Km). Acc\u00e8s depuis l&rsquo;a\u00e9roport et en voiture. Tr\u00e8s proche de la [&hellip;]<\/p>\n","protected":false},"author":4,"featured_media":0,"parent":0,"menu_order":0,"comment_status":"closed","ping_status":"closed","template":"","meta":{"_acf_changed":false,"footnotes":""},"class_list":["post-959","page","type-page","status-publish","hentry"],"acf":[],"yoast_head":"<!-- This site is optimized with the Yoast SEO plugin v25.3 - https:\/\/yoast.com\/wordpress\/plugins\/seo\/ -->\r\n<title>Chambres \u00e0 l&#039;heure id\u00e9al couples | Motel Punt14<\/title>\r\n<meta name=\"description\" content=\"Chambres \u00e0 l&#039;heure id\u00e9al couples. Room service 24 heures. Parking priv\u00e9 gratuit. Ouvert toute l\u2019ann\u00e9e. Discr\u00e9tion 100%. Chambres \u00e0 l&#039;heure avec hydromassage\" \/>\r\n<meta name=\"robots\" content=\"index, follow, max-snippet:-1, max-image-preview:large, max-video-preview:-1\" \/>\r\n<link rel=\"canonical\" href=\"https:\/\/hotelpunt14.com\/fr\/frequently-asked-questions\/\" \/>\r\n<meta property=\"og:locale\" content=\"fr_FR\" \/>\r\n<meta property=\"og:type\" content=\"article\" \/>\r\n<meta property=\"og:title\" content=\"Chambres \u00e0 l&#039;heure id\u00e9al couples | Motel Punt14\" \/>\r\n<meta property=\"og:description\" content=\"Chambres \u00e0 l&#039;heure id\u00e9al couples. Room service 24 heures. Parking priv\u00e9 gratuit. Ouvert toute l\u2019ann\u00e9e. Discr\u00e9tion 100%. Chambres \u00e0 l&#039;heure avec hydromassage\" \/>\r\n<meta property=\"og:url\" content=\"https:\/\/hotelpunt14.com\/fr\/frequently-asked-questions\/\" \/>\r\n<meta property=\"og:site_name\" content=\"Motel Punt14\" \/>\r\n<meta property=\"article:modified_time\" content=\"2025-08-15T07:20:17+00:00\" \/>\r\n<meta name=\"twitter:card\" content=\"summary_large_image\" \/>\r\n<meta name=\"twitter:label1\" content=\"Dur\u00e9e de lecture estim\u00e9e\" \/>\n\t<meta name=\"twitter:data1\" content=\"3 minutes\" \/>\r\n<script type=\"application\/ld+json\" class=\"yoast-schema-graph\">{\"@context\":\"https:\/\/schema.org\",\"@graph\":[{\"@type\":\"WebPage\",\"@id\":\"https:\/\/hotelpunt14.com\/fr\/frequently-asked-questions\/\",\"url\":\"https:\/\/hotelpunt14.com\/fr\/frequently-asked-questions\/\",\"name\":\"Chambres \u00e0 l'heure id\u00e9al couples | Motel Punt14\",\"isPartOf\":{\"@id\":\"https:\/\/hotelpunt14.com\/#website\"},\"datePublished\":\"2016-04-25T07:31:47+00:00\",\"dateModified\":\"2025-08-15T07:20:17+00:00\",\"description\":\"Chambres \u00e0 l'heure id\u00e9al couples. Room service 24 heures. Parking priv\u00e9 gratuit. Ouvert toute l\u2019ann\u00e9e. Discr\u00e9tion 100%. Chambres \u00e0 l'heure avec hydromassage\",\"breadcrumb\":{\"@id\":\"https:\/\/hotelpunt14.com\/fr\/frequently-asked-questions\/#breadcrumb\"},\"inLanguage\":\"fr-FR\",\"potentialAction\":[{\"@type\":\"ReadAction\",\"target\":[\"https:\/\/hotelpunt14.com\/fr\/frequently-asked-questions\/\"]}]},{\"@type\":\"BreadcrumbList\",\"@id\":\"https:\/\/hotelpunt14.com\/fr\/frequently-asked-questions\/#breadcrumb\",\"itemListElement\":[{\"@type\":\"ListItem\",\"position\":1,\"name\":\"Inici\",\"item\":\"https:\/\/hotelpunt14.com\/fr\/\"},{\"@type\":\"ListItem\",\"position\":2,\"name\":\"Questions fr\u00e9quentes\"}]},{\"@type\":\"WebSite\",\"@id\":\"https:\/\/hotelpunt14.com\/#website\",\"url\":\"https:\/\/hotelpunt14.com\/\",\"name\":\"Motel Punt14\",\"description\":\"Chambres \u00e0 l&#039;heure \u00e0 Barcelone\",\"potentialAction\":[{\"@type\":\"SearchAction\",\"target\":{\"@type\":\"EntryPoint\",\"urlTemplate\":\"https:\/\/hotelpunt14.com\/?s={search_term_string}\"},\"query-input\":{\"@type\":\"PropertyValueSpecification\",\"valueRequired\":true,\"valueName\":\"search_term_string\"}}],\"inLanguage\":\"fr-FR\"}]}<\/script>\r\n<!-- \/ Yoast SEO plugin. -->","yoast_head_json":{"title":"Chambres \u00e0 l'heure id\u00e9al couples | Motel Punt14","description":"Chambres \u00e0 l'heure id\u00e9al couples. Room service 24 heures. Parking priv\u00e9 gratuit. Ouvert toute l\u2019ann\u00e9e. Discr\u00e9tion 100%. Chambres \u00e0 l'heure avec hydromassage","robots":{"index":"index","follow":"follow","max-snippet":"max-snippet:-1","max-image-preview":"max-image-preview:large","max-video-preview":"max-video-preview:-1"},"canonical":"https:\/\/hotelpunt14.com\/fr\/frequently-asked-questions\/","og_locale":"fr_FR","og_type":"article","og_title":"Chambres \u00e0 l'heure id\u00e9al couples | Motel Punt14","og_description":"Chambres \u00e0 l'heure id\u00e9al couples. Room service 24 heures. Parking priv\u00e9 gratuit. Ouvert toute l\u2019ann\u00e9e. Discr\u00e9tion 100%. Chambres \u00e0 l'heure avec hydromassage","og_url":"https:\/\/hotelpunt14.com\/fr\/frequently-asked-questions\/","og_site_name":"Motel Punt14","article_modified_time":"2025-08-15T07:20:17+00:00","twitter_card":"summary_large_image","twitter_misc":{"Dur\u00e9e de lecture estim\u00e9e":"3 minutes"},"schema":{"@context":"https:\/\/schema.org","@graph":[{"@type":"WebPage","@id":"https:\/\/hotelpunt14.com\/fr\/frequently-asked-questions\/","url":"https:\/\/hotelpunt14.com\/fr\/frequently-asked-questions\/","name":"Chambres \u00e0 l'heure id\u00e9al couples | Motel Punt14","isPartOf":{"@id":"https:\/\/hotelpunt14.com\/#website"},"datePublished":"2016-04-25T07:31:47+00:00","dateModified":"2025-08-15T07:20:17+00:00","description":"Chambres \u00e0 l'heure id\u00e9al couples. Room service 24 heures. Parking priv\u00e9 gratuit. Ouvert toute l\u2019ann\u00e9e. Discr\u00e9tion 100%. Chambres \u00e0 l'heure avec hydromassage","breadcrumb":{"@id":"https:\/\/hotelpunt14.com\/fr\/frequently-asked-questions\/#breadcrumb"},"inLanguage":"fr-FR","potentialAction":[{"@type":"ReadAction","target":["https:\/\/hotelpunt14.com\/fr\/frequently-asked-questions\/"]}]},{"@type":"BreadcrumbList","@id":"https:\/\/hotelpunt14.com\/fr\/frequently-asked-questions\/#breadcrumb","itemListElement":[{"@type":"ListItem","position":1,"name":"Inici","item":"https:\/\/hotelpunt14.com\/fr\/"},{"@type":"ListItem","position":2,"name":"Questions fr\u00e9quentes"}]},{"@type":"WebSite","@id":"https:\/\/hotelpunt14.com\/#website","url":"https:\/\/hotelpunt14.com\/","name":"Motel Punt14","description":"Chambres \u00e0 l&#039;heure \u00e0 Barcelone","potentialAction":[{"@type":"SearchAction","target":{"@type":"EntryPoint","urlTemplate":"https:\/\/hotelpunt14.com\/?s={search_term_string}"},"query-input":{"@type":"PropertyValueSpecification","valueRequired":true,"valueName":"search_term_string"}}],"inLanguage":"fr-FR"}]}},"_links":{"self":[{"href":"https:\/\/hotelpunt14.com\/fr\/wp-json\/wp\/v2\/pages\/959","targetHints":{"allow":["GET"]}}],"collection":[{"href":"https:\/\/hotelpunt14.com\/fr\/wp-json\/wp\/v2\/pages"}],"about":[{"href":"https:\/\/hotelpunt14.com\/fr\/wp-json\/wp\/v2\/types\/page"}],"author":[{"embeddable":true,"href":"https:\/\/hotelpunt14.com\/fr\/wp-json\/wp\/v2\/users\/4"}],"replies":[{"embeddable":true,"href":"https:\/\/hotelpunt14.com\/fr\/wp-json\/wp\/v2\/comments?post=959"}],"version-history":[{"count":10,"href":"https:\/\/hotelpunt14.com\/fr\/wp-json\/wp\/v2\/pages\/959\/revisions"}],"predecessor-version":[{"id":3202,"href":"https:\/\/hotelpunt14.com\/fr\/wp-json\/wp\/v2\/pages\/959\/revisions\/3202"}],"wp:attachment":[{"href":"https:\/\/hotelpunt14.com\/fr\/wp-json\/wp\/v2\/media?parent=959"}],"curies":[{"name":"wp","href":"https:\/\/api.w.org\/{rel}","templated":true}]}}