{"id":914,"date":"2013-06-07T17:24:02","date_gmt":"2013-06-07T17:24:02","guid":{"rendered":"https:\/\/hotelpunt14.com\/fr\/reserves-hotels-per-hores\/"},"modified":"2025-06-11T07:13:13","modified_gmt":"2025-06-11T07:13:13","slug":"reservation-hotel","status":"publish","type":"page","link":"https:\/\/hotelpunt14.com\/fr\/reservation-hotel\/","title":{"rendered":"Contact et r\u00e9servation"},"content":{"rendered":"<div class=\"iconos-contacto\">\n<div class=\"servicio\">\n<p><img decoding=\"async\" src=\"\/wp-content\/uploads\/hotel-punt-14-servicio-habitaciones-copia.svg\" width=\"80\" \/><\/p>\n<h3>T\u00e9l\u00e9phone \/ WhatsApp<\/h3>\n<p><a href=\"0034936330284\">+34 936 330 284<\/a><br \/>\n<a href=\"https:\/\/wa.me\/0034696277727\">+34 696 27 77 27<\/a><\/p>\n<\/div>\n<div class=\"servicio\">\n<p><img decoding=\"async\" src=\"\/wp-content\/uploads\/hotel-punt-14-email.svg\" width=\"80\" \/><\/p>\n<h3>Courrier \u00e9lectronique<\/h3>\n<p><a href=\"mailto:info@hotelpunt14.com\">info@hotelpunt14.com<\/a><\/p>\n<\/div>\n<div class=\"servicio\">\n<p><img decoding=\"async\" src=\"\/wp-content\/uploads\/hotel-punt-14-ubicacion.svg\" width=\"65px\" \/><\/p>\n<h3>Adresse<\/h3>\n<p><a href=\"https:\/\/maps.app.goo.gl\/camjYFQp3qt76E1fA\">Rue Josep Lluis Sert 44-48 | 08850 Gav\u00e0 | Barcelone | Espagne<\/a><\/p>\n<\/div>\n<div class=\"servicio\">\n<p><img decoding=\"async\" src=\"\/wp-content\/uploads\/hotel-punt-14-parking.svg\" width=\"80\" \/><\/p>\n<h3>Parking<\/h3>\n<p>Stationnement gratuit pour les v\u00e9hicules d&rsquo;une hauteur maximaum de 1,8 m<\/p>\n<\/div>\n<\/div>\n<h2><b>formulaire de contact<\/b><\/h2>\n\n<div class=\"wpcf7 no-js\" id=\"wpcf7-f2965-o1\" lang=\"ca\" dir=\"ltr\" data-wpcf7-id=\"2965\">\n<div class=\"screen-reader-response\"><p role=\"status\" aria-live=\"polite\" aria-atomic=\"true\"><\/p> <ul><\/ul><\/div>\n<form action=\"\/fr\/wp-json\/wp\/v2\/pages\/914#wpcf7-f2965-o1\" method=\"post\" class=\"wpcf7-form init\" aria-label=\"Formulari de contacte\" novalidate=\"novalidate\" data-status=\"init\">\n<div style=\"display: none;\">\n<input type=\"hidden\" name=\"_wpcf7\" value=\"2965\" \/>\n<input type=\"hidden\" name=\"_wpcf7_version\" value=\"6.0.6\" \/>\n<input type=\"hidden\" name=\"_wpcf7_locale\" value=\"ca\" \/>\n<input type=\"hidden\" name=\"_wpcf7_unit_tag\" value=\"wpcf7-f2965-o1\" \/>\n<input type=\"hidden\" name=\"_wpcf7_container_post\" value=\"0\" \/>\n<input type=\"hidden\" name=\"_wpcf7_posted_data_hash\" value=\"\" \/>\n<\/div>\n<p><span class=\"fila-triple\"><br \/>\n<label><span class=\"wpcf7-form-control-wrap\" data-name=\"nombre\"><input size=\"40\" maxlength=\"400\" class=\"wpcf7-form-control wpcf7-text wpcf7-validates-as-required\" aria-required=\"true\" aria-invalid=\"false\" placeholder=\"Pr\u00e9nom *\" value=\"\" type=\"text\" name=\"nombre\" \/><\/span><\/label><br \/>\n<label><span class=\"wpcf7-form-control-wrap\" data-name=\"telefono\"><input size=\"40\" maxlength=\"400\" class=\"wpcf7-form-control wpcf7-tel wpcf7-text wpcf7-validates-as-tel\" aria-invalid=\"false\" placeholder=\"t\u00e9l\u00e9phone\" value=\"\" type=\"tel\" name=\"telefono\" \/><\/span><\/label><br \/>\n<label><span class=\"wpcf7-form-control-wrap\" data-name=\"correo\"><input size=\"40\" maxlength=\"400\" class=\"wpcf7-form-control wpcf7-email wpcf7-validates-as-required wpcf7-text wpcf7-validates-as-email\" aria-required=\"true\" aria-invalid=\"false\" placeholder=\"adresse \u00e9lectronique *\" value=\"\" type=\"email\" name=\"correo\" \/><\/span><\/label><br \/>\n<\/span>\n<\/p>\n<p><span class=\"fila-full\"><br \/>\n<label><span class=\"wpcf7-form-control-wrap\" data-name=\"mensaje\"><textarea cols=\"40\" rows=\"10\" maxlength=\"2000\" class=\"wpcf7-form-control wpcf7-textarea wpcf7-validates-as-required\" aria-required=\"true\" aria-invalid=\"false\" placeholder=\"Message *\" name=\"mensaje\"><\/textarea><\/span><\/label><br \/>\n<label class=\"privacidad\"><span class=\"wpcf7-form-control-wrap\" data-name=\"privacidad\"><span class=\"wpcf7-form-control wpcf7-acceptance\"><span class=\"wpcf7-list-item\"><input type=\"checkbox\" name=\"privacidad\" value=\"1\" aria-invalid=\"false\" \/><\/span><\/span><\/span> En envoyant ce message, vous acceptez notre <a href=\"\/politica-de-privacidad\/\">politique de confidentialit\u00e9<\/a><\/label><br \/>\n<span id=\"wpcf7-69fc9ab962494-wrapper\" class=\"wpcf7-form-control-wrap email-wrap\" style=\"display:none !important; visibility:hidden !important;\"><label for=\"wpcf7-69fc9ab962494-field\" class=\"hp-message\">Deixeu aquest camp buit.<\/label><input id=\"wpcf7-69fc9ab962494-field\"  class=\"wpcf7-form-control wpcf7-text\" type=\"text\" name=\"email\" value=\"\" size=\"40\" tabindex=\"-1\" autocomplete=\"new-password\" \/><\/span><br \/>\n<input class=\"wpcf7-form-control wpcf7-submit has-spinner\" type=\"submit\" value=\"Envoyer\" \/><br \/>\n<\/span>\n<\/p><div class=\"wpcf7-response-output\" aria-hidden=\"true\"><\/div>\n<\/form>\n<\/div>\n\n<h2><b>Emplacement<\/b><\/h2>\n<div class=\"map\"><iframe loading=\"lazy\" style=\"border: 0;\" src=\"https:\/\/www.google.com\/maps\/embed?pb=!1m18!1m12!1m3!1d80683.08961138278!2d2.0294645304310213!3d41.282770162305994!2m3!1f0!2f0!3f0!3m2!1i1024!2i768!4f13.1!3m3!1m2!1s0x12a4bd011e1caff7%3A0x1b5a9ce83256eac7!2sMotel%20Punt%2014!5e0!3m2!1ses!2ses!4v1738229953313!5m2!1ses!2ses\" width=\"100%\" height=\"100%\" allowfullscreen=\"allowfullscreen\"><\/iframe><\/div>\n","protected":false},"excerpt":{"rendered":"<p>T\u00e9l\u00e9phone \/ WhatsApp +34 936 330 284 +34 696 27 77 27 Courrier \u00e9lectronique info@hotelpunt14.com Adresse Rue Josep Lluis Sert 44-48 | 08850 Gav\u00e0 | Barcelone | Espagne Parking Stationnement gratuit pour les v\u00e9hicules d&rsquo;une hauteur maximaum de 1,8 m formulaire de contact Emplacement<\/p>\n","protected":false},"author":5,"featured_media":2594,"parent":0,"menu_order":0,"comment_status":"closed","ping_status":"closed","template":"contacte.php","meta":{"_acf_changed":false,"footnotes":""},"class_list":["post-914","page","type-page","status-publish","has-post-thumbnail","hentry"],"acf":[],"yoast_head":"<!-- This site is optimized with the Yoast SEO plugin v25.3 - https:\/\/yoast.com\/wordpress\/plugins\/seo\/ -->\r\n<title>R\u00e9servations d&#039;h\u00f4tel \u00e0 Barcelone | Hotel Punt14<\/title>\r\n<meta name=\"description\" content=\"Chambres et suites d&#039;h\u00f4tel pr\u00e8s de Barcelone, \u00e0 5 minutes de l&#039;a\u00e9roport et juste \u00e0 c\u00f4t\u00e9 des plages de Gav\u00e0 Mar et Castelldefels.\" \/>\r\n<meta name=\"robots\" content=\"index, follow, max-snippet:-1, max-image-preview:large, max-video-preview:-1\" \/>\r\n<link rel=\"canonical\" href=\"https:\/\/hotelpunt14.com\/fr\/reservation-hotel\/\" \/>\r\n<meta property=\"og:locale\" content=\"fr_FR\" \/>\r\n<meta property=\"og:type\" content=\"article\" \/>\r\n<meta property=\"og:title\" content=\"R\u00e9servations d&#039;h\u00f4tel \u00e0 Barcelone | Hotel Punt14\" \/>\r\n<meta property=\"og:description\" content=\"Chambres et suites d&#039;h\u00f4tel pr\u00e8s de Barcelone, \u00e0 5 minutes de l&#039;a\u00e9roport et juste \u00e0 c\u00f4t\u00e9 des plages de Gav\u00e0 Mar et Castelldefels.\" \/>\r\n<meta property=\"og:url\" content=\"https:\/\/hotelpunt14.com\/fr\/reservation-hotel\/\" \/>\r\n<meta property=\"og:site_name\" content=\"Motel Punt14\" \/>\r\n<meta property=\"article:modified_time\" content=\"2025-06-11T07:13:13+00:00\" \/>\r\n<meta property=\"og:image\" content=\"https:\/\/hotelpunt14.com\/wp-content\/uploads\/Punt14_Imatges_Front3.webp\" \/>\r\n\t<meta property=\"og:image:width\" content=\"1280\" \/>\r\n\t<meta property=\"og:image:height\" content=\"853\" \/>\r\n\t<meta property=\"og:image:type\" content=\"image\/webp\" \/>\r\n<meta name=\"twitter:card\" content=\"summary_large_image\" \/>\r\n<meta name=\"twitter:label1\" content=\"Dur\u00e9e de lecture estim\u00e9e\" \/>\n\t<meta name=\"twitter:data1\" content=\"2 minutes\" \/>\r\n<script type=\"application\/ld+json\" class=\"yoast-schema-graph\">{\"@context\":\"https:\/\/schema.org\",\"@graph\":[{\"@type\":\"WebPage\",\"@id\":\"https:\/\/hotelpunt14.com\/fr\/reservation-hotel\/\",\"url\":\"https:\/\/hotelpunt14.com\/fr\/reservation-hotel\/\",\"name\":\"R\u00e9servations d'h\u00f4tel \u00e0 Barcelone | Hotel Punt14\",\"isPartOf\":{\"@id\":\"https:\/\/hotelpunt14.com\/#website\"},\"primaryImageOfPage\":{\"@id\":\"https:\/\/hotelpunt14.com\/fr\/reservation-hotel\/#primaryimage\"},\"image\":{\"@id\":\"https:\/\/hotelpunt14.com\/fr\/reservation-hotel\/#primaryimage\"},\"thumbnailUrl\":\"https:\/\/hotelpunt14.com\/wp-content\/uploads\/Punt14_Imatges_Front3.webp\",\"datePublished\":\"2013-06-07T17:24:02+00:00\",\"dateModified\":\"2025-06-11T07:13:13+00:00\",\"description\":\"Chambres et suites d'h\u00f4tel pr\u00e8s de Barcelone, \u00e0 5 minutes de l'a\u00e9roport et juste \u00e0 c\u00f4t\u00e9 des plages de Gav\u00e0 Mar et Castelldefels.\",\"breadcrumb\":{\"@id\":\"https:\/\/hotelpunt14.com\/fr\/reservation-hotel\/#breadcrumb\"},\"inLanguage\":\"fr-FR\",\"potentialAction\":[{\"@type\":\"ReadAction\",\"target\":[\"https:\/\/hotelpunt14.com\/fr\/reservation-hotel\/\"]}]},{\"@type\":\"ImageObject\",\"inLanguage\":\"fr-FR\",\"@id\":\"https:\/\/hotelpunt14.com\/fr\/reservation-hotel\/#primaryimage\",\"url\":\"https:\/\/hotelpunt14.com\/wp-content\/uploads\/Punt14_Imatges_Front3.webp\",\"contentUrl\":\"https:\/\/hotelpunt14.com\/wp-content\/uploads\/Punt14_Imatges_Front3.webp\",\"width\":1280,\"height\":853,\"caption\":\"Hotel cerca de las playas de Gav\u00e0 Mar y Castelldefels\"},{\"@type\":\"BreadcrumbList\",\"@id\":\"https:\/\/hotelpunt14.com\/fr\/reservation-hotel\/#breadcrumb\",\"itemListElement\":[{\"@type\":\"ListItem\",\"position\":1,\"name\":\"Inici\",\"item\":\"https:\/\/hotelpunt14.com\/fr\/\"},{\"@type\":\"ListItem\",\"position\":2,\"name\":\"Contact et r\u00e9servation\"}]},{\"@type\":\"WebSite\",\"@id\":\"https:\/\/hotelpunt14.com\/#website\",\"url\":\"https:\/\/hotelpunt14.com\/\",\"name\":\"Motel Punt14\",\"description\":\"Chambres \u00e0 l&#039;heure \u00e0 Barcelone\",\"potentialAction\":[{\"@type\":\"SearchAction\",\"target\":{\"@type\":\"EntryPoint\",\"urlTemplate\":\"https:\/\/hotelpunt14.com\/?s={search_term_string}\"},\"query-input\":{\"@type\":\"PropertyValueSpecification\",\"valueRequired\":true,\"valueName\":\"search_term_string\"}}],\"inLanguage\":\"fr-FR\"}]}<\/script>\r\n<!-- \/ Yoast SEO plugin. -->","yoast_head_json":{"title":"R\u00e9servations d'h\u00f4tel \u00e0 Barcelone | Hotel Punt14","description":"Chambres et suites d'h\u00f4tel pr\u00e8s de Barcelone, \u00e0 5 minutes de l'a\u00e9roport et juste \u00e0 c\u00f4t\u00e9 des plages de Gav\u00e0 Mar et Castelldefels.","robots":{"index":"index","follow":"follow","max-snippet":"max-snippet:-1","max-image-preview":"max-image-preview:large","max-video-preview":"max-video-preview:-1"},"canonical":"https:\/\/hotelpunt14.com\/fr\/reservation-hotel\/","og_locale":"fr_FR","og_type":"article","og_title":"R\u00e9servations d'h\u00f4tel \u00e0 Barcelone | Hotel Punt14","og_description":"Chambres et suites d'h\u00f4tel pr\u00e8s de Barcelone, \u00e0 5 minutes de l'a\u00e9roport et juste \u00e0 c\u00f4t\u00e9 des plages de Gav\u00e0 Mar et Castelldefels.","og_url":"https:\/\/hotelpunt14.com\/fr\/reservation-hotel\/","og_site_name":"Motel Punt14","article_modified_time":"2025-06-11T07:13:13+00:00","og_image":[{"width":1280,"height":853,"url":"https:\/\/hotelpunt14.com\/wp-content\/uploads\/Punt14_Imatges_Front3.webp","type":"image\/webp"}],"twitter_card":"summary_large_image","twitter_misc":{"Dur\u00e9e de lecture estim\u00e9e":"2 minutes"},"schema":{"@context":"https:\/\/schema.org","@graph":[{"@type":"WebPage","@id":"https:\/\/hotelpunt14.com\/fr\/reservation-hotel\/","url":"https:\/\/hotelpunt14.com\/fr\/reservation-hotel\/","name":"R\u00e9servations d'h\u00f4tel \u00e0 Barcelone | Hotel Punt14","isPartOf":{"@id":"https:\/\/hotelpunt14.com\/#website"},"primaryImageOfPage":{"@id":"https:\/\/hotelpunt14.com\/fr\/reservation-hotel\/#primaryimage"},"image":{"@id":"https:\/\/hotelpunt14.com\/fr\/reservation-hotel\/#primaryimage"},"thumbnailUrl":"https:\/\/hotelpunt14.com\/wp-content\/uploads\/Punt14_Imatges_Front3.webp","datePublished":"2013-06-07T17:24:02+00:00","dateModified":"2025-06-11T07:13:13+00:00","description":"Chambres et suites d'h\u00f4tel pr\u00e8s de Barcelone, \u00e0 5 minutes de l'a\u00e9roport et juste \u00e0 c\u00f4t\u00e9 des plages de Gav\u00e0 Mar et Castelldefels.","breadcrumb":{"@id":"https:\/\/hotelpunt14.com\/fr\/reservation-hotel\/#breadcrumb"},"inLanguage":"fr-FR","potentialAction":[{"@type":"ReadAction","target":["https:\/\/hotelpunt14.com\/fr\/reservation-hotel\/"]}]},{"@type":"ImageObject","inLanguage":"fr-FR","@id":"https:\/\/hotelpunt14.com\/fr\/reservation-hotel\/#primaryimage","url":"https:\/\/hotelpunt14.com\/wp-content\/uploads\/Punt14_Imatges_Front3.webp","contentUrl":"https:\/\/hotelpunt14.com\/wp-content\/uploads\/Punt14_Imatges_Front3.webp","width":1280,"height":853,"caption":"Hotel cerca de las playas de Gav\u00e0 Mar y Castelldefels"},{"@type":"BreadcrumbList","@id":"https:\/\/hotelpunt14.com\/fr\/reservation-hotel\/#breadcrumb","itemListElement":[{"@type":"ListItem","position":1,"name":"Inici","item":"https:\/\/hotelpunt14.com\/fr\/"},{"@type":"ListItem","position":2,"name":"Contact et r\u00e9servation"}]},{"@type":"WebSite","@id":"https:\/\/hotelpunt14.com\/#website","url":"https:\/\/hotelpunt14.com\/","name":"Motel Punt14","description":"Chambres \u00e0 l&#039;heure \u00e0 Barcelone","potentialAction":[{"@type":"SearchAction","target":{"@type":"EntryPoint","urlTemplate":"https:\/\/hotelpunt14.com\/?s={search_term_string}"},"query-input":{"@type":"PropertyValueSpecification","valueRequired":true,"valueName":"search_term_string"}}],"inLanguage":"fr-FR"}]}},"_links":{"self":[{"href":"https:\/\/hotelpunt14.com\/fr\/wp-json\/wp\/v2\/pages\/914","targetHints":{"allow":["GET"]}}],"collection":[{"href":"https:\/\/hotelpunt14.com\/fr\/wp-json\/wp\/v2\/pages"}],"about":[{"href":"https:\/\/hotelpunt14.com\/fr\/wp-json\/wp\/v2\/types\/page"}],"author":[{"embeddable":true,"href":"https:\/\/hotelpunt14.com\/fr\/wp-json\/wp\/v2\/users\/5"}],"replies":[{"embeddable":true,"href":"https:\/\/hotelpunt14.com\/fr\/wp-json\/wp\/v2\/comments?post=914"}],"version-history":[{"count":7,"href":"https:\/\/hotelpunt14.com\/fr\/wp-json\/wp\/v2\/pages\/914\/revisions"}],"predecessor-version":[{"id":3168,"href":"https:\/\/hotelpunt14.com\/fr\/wp-json\/wp\/v2\/pages\/914\/revisions\/3168"}],"wp:featuredmedia":[{"embeddable":true,"href":"https:\/\/hotelpunt14.com\/fr\/wp-json\/wp\/v2\/media\/2594"}],"wp:attachment":[{"href":"https:\/\/hotelpunt14.com\/fr\/wp-json\/wp\/v2\/media?parent=914"}],"curies":[{"name":"wp","href":"https:\/\/api.w.org\/{rel}","templated":true}]}}