{"id":904,"date":"2013-06-07T17:44:33","date_gmt":"2013-06-07T17:44:33","guid":{"rendered":"https:\/\/hotelpunt14.com\/fr\/chambres-lheure-barcelone\/superior\/"},"modified":"2025-05-30T10:37:58","modified_gmt":"2025-05-30T10:37:58","slug":"superieure","status":"publish","type":"page","link":"https:\/\/hotelpunt14.com\/fr\/chambres-suites\/superieure\/","title":{"rendered":"Sup\u00e9rieure"},"content":{"rendered":"<p>Chambre tr\u00e8s spacieuse avec un grand lit et une salle de bain ouverte tr\u00e8s spacieuse avec douche et grande baignoire circulaire. Canap\u00e9, armoire, t\u00e9l\u00e9vision, s\u00e8che-cheveux, wifi HS et bureau.<\/p>\r\n\r\n<div class=\"wp-block-button boton-reservar-habitacion\"><a class=\"wp-block-button__link has-text-color has-background wp-element-button\" style=\"color: #ffffff; background-color: #000000;\" href=\"https:\/\/mp14.hotelintranet.com\/Default\" target=\"_blank\" rel=\"noreferrer noopener\">R\u00e9server <\/a><\/div>\r\n\r\n<p>&nbsp;<\/p>\r\n<div class=\"servicios-habitacion\">\r\n<ul>\r\n<li><img decoding=\"async\" src=\"\/wp-content\/uploads\/icono-cama-doble-extra.svg\" width=\"50\" \/> Tr\u00e8s grand lit double<\/li>\r\n<li><img decoding=\"async\" src=\"\/wp-content\/uploads\/icono-tamano.svg\" width=\"50\" \/> 28 m2<\/li>\r\n<li><img decoding=\"async\" src=\"\/wp-content\/uploads\/icono-wifi.svg\" width=\"50\" \/> WiFi gratuit<\/li>\r\n<li><img decoding=\"async\" src=\"\/wp-content\/uploads\/icono-aire-acondicionado.svg\" width=\"50\" \/> Air conditionn\u00e9<\/li>\r\n<li><img decoding=\"async\" src=\"\/wp-content\/uploads\/icono-tv.svg\" width=\"50\" \/> TV \u00e9cran 40\u2019\u2019<\/li>\r\n<li><img decoding=\"async\" src=\"\/wp-content\/uploads\/icono-bano-habitacion.svg\" width=\"50\" \/> Salle de bain dans la chambre<\/li>\r\n<li><img decoding=\"async\" src=\"\/wp-content\/uploads\/icono-banera-ducha.svg\" width=\"50\" \/> Baignoire &#8211; douche<\/li>\r\n<li><img decoding=\"async\" src=\"\/wp-content\/uploads\/icono-secador.svg\" width=\"50\" \/> S\u00e8che-cheveux<\/li>\r\n<li><img decoding=\"async\" src=\"\/wp-content\/uploads\/icono-articulos-aseo.svg\" width=\"50\" \/> Articles d&rsquo;hygi\u00e8ne gratuit<\/li>\r\n<li><img decoding=\"async\" src=\"\/wp-content\/uploads\/icono-armario.svg\" width=\"50\" \/> Armoire et petit bureau<\/li>\r\n<\/ul>\r\n<\/div>","protected":false},"excerpt":{"rendered":"<p>Chambre tr\u00e8s spacieuse avec un grand lit et une salle de bain ouverte tr\u00e8s spacieuse avec douche et grande baignoire circulaire. Canap\u00e9, armoire, t\u00e9l\u00e9vision, s\u00e8che-cheveux, wifi HS et bureau. &nbsp; Tr\u00e8s grand lit double 28 m2 WiFi gratuit Air conditionn\u00e9 TV \u00e9cran 40\u2019\u2019 Salle de bain dans la chambre Baignoire &#8211; douche S\u00e8che-cheveux Articles d&rsquo;hygi\u00e8ne [&hellip;]<\/p>\n","protected":false},"author":5,"featured_media":2495,"parent":888,"menu_order":4,"comment_status":"closed","ping_status":"closed","template":"habitacio.php","meta":{"_acf_changed":false,"footnotes":""},"class_list":["post-904","page","type-page","status-publish","has-post-thumbnail","hentry"],"acf":[],"yoast_head":"<!-- This site is optimized with the Yoast SEO plugin v25.3 - https:\/\/yoast.com\/wordpress\/plugins\/seo\/ -->\r\n<title>Chambre Sup\u00e9rieure \u00e0 Barcelone | Hotel Punt14<\/title>\r\n<meta name=\"description\" content=\"Chambres sup\u00e9rieures H\u00f4tel Punt 14 : confort et design pr\u00e8s de Barcelone\" \/>\r\n<meta name=\"robots\" content=\"index, follow, max-snippet:-1, max-image-preview:large, max-video-preview:-1\" \/>\r\n<link rel=\"canonical\" href=\"https:\/\/hotelpunt14.com\/fr\/chambres-suites\/superieure\/\" \/>\r\n<meta property=\"og:locale\" content=\"fr_FR\" \/>\r\n<meta property=\"og:type\" content=\"article\" \/>\r\n<meta property=\"og:title\" content=\"Chambre Sup\u00e9rieure \u00e0 Barcelone | Hotel Punt14\" \/>\r\n<meta property=\"og:description\" content=\"Chambres sup\u00e9rieures H\u00f4tel Punt 14 : confort et design pr\u00e8s de Barcelone\" \/>\r\n<meta property=\"og:url\" content=\"https:\/\/hotelpunt14.com\/fr\/chambres-suites\/superieure\/\" \/>\r\n<meta property=\"og:site_name\" content=\"Motel Punt14\" \/>\r\n<meta property=\"article:modified_time\" content=\"2025-05-30T10:37:58+00:00\" \/>\r\n<meta property=\"og:image\" content=\"https:\/\/hotelpunt14.com\/wp-content\/uploads\/habitacion-superior-hotel-punt-14-2.webp\" \/>\r\n\t<meta property=\"og:image:width\" content=\"1280\" \/>\r\n\t<meta property=\"og:image:height\" content=\"853\" \/>\r\n\t<meta property=\"og:image:type\" content=\"image\/webp\" \/>\r\n<meta name=\"twitter:card\" content=\"summary_large_image\" \/>\r\n<meta name=\"twitter:label1\" content=\"Dur\u00e9e de lecture estim\u00e9e\" \/>\n\t<meta name=\"twitter:data1\" content=\"3 minutes\" \/>\r\n<script type=\"application\/ld+json\" class=\"yoast-schema-graph\">{\"@context\":\"https:\/\/schema.org\",\"@graph\":[{\"@type\":\"WebPage\",\"@id\":\"https:\/\/hotelpunt14.com\/fr\/chambres-suites\/superieure\/\",\"url\":\"https:\/\/hotelpunt14.com\/fr\/chambres-suites\/superieure\/\",\"name\":\"Chambre Sup\u00e9rieure \u00e0 Barcelone | Hotel Punt14\",\"isPartOf\":{\"@id\":\"https:\/\/hotelpunt14.com\/#website\"},\"primaryImageOfPage\":{\"@id\":\"https:\/\/hotelpunt14.com\/fr\/chambres-suites\/superieure\/#primaryimage\"},\"image\":{\"@id\":\"https:\/\/hotelpunt14.com\/fr\/chambres-suites\/superieure\/#primaryimage\"},\"thumbnailUrl\":\"https:\/\/hotelpunt14.com\/wp-content\/uploads\/habitacion-superior-hotel-punt-14-2.webp\",\"datePublished\":\"2013-06-07T17:44:33+00:00\",\"dateModified\":\"2025-05-30T10:37:58+00:00\",\"description\":\"Chambres sup\u00e9rieures H\u00f4tel Punt 14 : confort et design pr\u00e8s de Barcelone\",\"breadcrumb\":{\"@id\":\"https:\/\/hotelpunt14.com\/fr\/chambres-suites\/superieure\/#breadcrumb\"},\"inLanguage\":\"fr-FR\",\"potentialAction\":[{\"@type\":\"ReadAction\",\"target\":[\"https:\/\/hotelpunt14.com\/fr\/chambres-suites\/superieure\/\"]}]},{\"@type\":\"ImageObject\",\"inLanguage\":\"fr-FR\",\"@id\":\"https:\/\/hotelpunt14.com\/fr\/chambres-suites\/superieure\/#primaryimage\",\"url\":\"https:\/\/hotelpunt14.com\/wp-content\/uploads\/habitacion-superior-hotel-punt-14-2.webp\",\"contentUrl\":\"https:\/\/hotelpunt14.com\/wp-content\/uploads\/habitacion-superior-hotel-punt-14-2.webp\",\"width\":1280,\"height\":853},{\"@type\":\"BreadcrumbList\",\"@id\":\"https:\/\/hotelpunt14.com\/fr\/chambres-suites\/superieure\/#breadcrumb\",\"itemListElement\":[{\"@type\":\"ListItem\",\"position\":1,\"name\":\"Inici\",\"item\":\"https:\/\/hotelpunt14.com\/fr\/\"},{\"@type\":\"ListItem\",\"position\":2,\"name\":\"Chambres et Suites\",\"item\":\"https:\/\/hotelpunt14.com\/fr\/chambres-suites\/\"},{\"@type\":\"ListItem\",\"position\":3,\"name\":\"Sup\u00e9rieure\"}]},{\"@type\":\"WebSite\",\"@id\":\"https:\/\/hotelpunt14.com\/#website\",\"url\":\"https:\/\/hotelpunt14.com\/\",\"name\":\"Motel Punt14\",\"description\":\"Chambres \u00e0 l&#039;heure \u00e0 Barcelone\",\"potentialAction\":[{\"@type\":\"SearchAction\",\"target\":{\"@type\":\"EntryPoint\",\"urlTemplate\":\"https:\/\/hotelpunt14.com\/?s={search_term_string}\"},\"query-input\":{\"@type\":\"PropertyValueSpecification\",\"valueRequired\":true,\"valueName\":\"search_term_string\"}}],\"inLanguage\":\"fr-FR\"}]}<\/script>\r\n<!-- \/ Yoast SEO plugin. -->","yoast_head_json":{"title":"Chambre Sup\u00e9rieure \u00e0 Barcelone | Hotel Punt14","description":"Chambres sup\u00e9rieures H\u00f4tel Punt 14 : confort et design pr\u00e8s de Barcelone","robots":{"index":"index","follow":"follow","max-snippet":"max-snippet:-1","max-image-preview":"max-image-preview:large","max-video-preview":"max-video-preview:-1"},"canonical":"https:\/\/hotelpunt14.com\/fr\/chambres-suites\/superieure\/","og_locale":"fr_FR","og_type":"article","og_title":"Chambre Sup\u00e9rieure \u00e0 Barcelone | Hotel Punt14","og_description":"Chambres sup\u00e9rieures H\u00f4tel Punt 14 : confort et design pr\u00e8s de Barcelone","og_url":"https:\/\/hotelpunt14.com\/fr\/chambres-suites\/superieure\/","og_site_name":"Motel Punt14","article_modified_time":"2025-05-30T10:37:58+00:00","og_image":[{"width":1280,"height":853,"url":"https:\/\/hotelpunt14.com\/wp-content\/uploads\/habitacion-superior-hotel-punt-14-2.webp","type":"image\/webp"}],"twitter_card":"summary_large_image","twitter_misc":{"Dur\u00e9e de lecture estim\u00e9e":"3 minutes"},"schema":{"@context":"https:\/\/schema.org","@graph":[{"@type":"WebPage","@id":"https:\/\/hotelpunt14.com\/fr\/chambres-suites\/superieure\/","url":"https:\/\/hotelpunt14.com\/fr\/chambres-suites\/superieure\/","name":"Chambre Sup\u00e9rieure \u00e0 Barcelone | Hotel Punt14","isPartOf":{"@id":"https:\/\/hotelpunt14.com\/#website"},"primaryImageOfPage":{"@id":"https:\/\/hotelpunt14.com\/fr\/chambres-suites\/superieure\/#primaryimage"},"image":{"@id":"https:\/\/hotelpunt14.com\/fr\/chambres-suites\/superieure\/#primaryimage"},"thumbnailUrl":"https:\/\/hotelpunt14.com\/wp-content\/uploads\/habitacion-superior-hotel-punt-14-2.webp","datePublished":"2013-06-07T17:44:33+00:00","dateModified":"2025-05-30T10:37:58+00:00","description":"Chambres sup\u00e9rieures H\u00f4tel Punt 14 : confort et design pr\u00e8s de Barcelone","breadcrumb":{"@id":"https:\/\/hotelpunt14.com\/fr\/chambres-suites\/superieure\/#breadcrumb"},"inLanguage":"fr-FR","potentialAction":[{"@type":"ReadAction","target":["https:\/\/hotelpunt14.com\/fr\/chambres-suites\/superieure\/"]}]},{"@type":"ImageObject","inLanguage":"fr-FR","@id":"https:\/\/hotelpunt14.com\/fr\/chambres-suites\/superieure\/#primaryimage","url":"https:\/\/hotelpunt14.com\/wp-content\/uploads\/habitacion-superior-hotel-punt-14-2.webp","contentUrl":"https:\/\/hotelpunt14.com\/wp-content\/uploads\/habitacion-superior-hotel-punt-14-2.webp","width":1280,"height":853},{"@type":"BreadcrumbList","@id":"https:\/\/hotelpunt14.com\/fr\/chambres-suites\/superieure\/#breadcrumb","itemListElement":[{"@type":"ListItem","position":1,"name":"Inici","item":"https:\/\/hotelpunt14.com\/fr\/"},{"@type":"ListItem","position":2,"name":"Chambres et Suites","item":"https:\/\/hotelpunt14.com\/fr\/chambres-suites\/"},{"@type":"ListItem","position":3,"name":"Sup\u00e9rieure"}]},{"@type":"WebSite","@id":"https:\/\/hotelpunt14.com\/#website","url":"https:\/\/hotelpunt14.com\/","name":"Motel Punt14","description":"Chambres \u00e0 l&#039;heure \u00e0 Barcelone","potentialAction":[{"@type":"SearchAction","target":{"@type":"EntryPoint","urlTemplate":"https:\/\/hotelpunt14.com\/?s={search_term_string}"},"query-input":{"@type":"PropertyValueSpecification","valueRequired":true,"valueName":"search_term_string"}}],"inLanguage":"fr-FR"}]}},"_links":{"self":[{"href":"https:\/\/hotelpunt14.com\/fr\/wp-json\/wp\/v2\/pages\/904","targetHints":{"allow":["GET"]}}],"collection":[{"href":"https:\/\/hotelpunt14.com\/fr\/wp-json\/wp\/v2\/pages"}],"about":[{"href":"https:\/\/hotelpunt14.com\/fr\/wp-json\/wp\/v2\/types\/page"}],"author":[{"embeddable":true,"href":"https:\/\/hotelpunt14.com\/fr\/wp-json\/wp\/v2\/users\/5"}],"replies":[{"embeddable":true,"href":"https:\/\/hotelpunt14.com\/fr\/wp-json\/wp\/v2\/comments?post=904"}],"version-history":[{"count":12,"href":"https:\/\/hotelpunt14.com\/fr\/wp-json\/wp\/v2\/pages\/904\/revisions"}],"predecessor-version":[{"id":3067,"href":"https:\/\/hotelpunt14.com\/fr\/wp-json\/wp\/v2\/pages\/904\/revisions\/3067"}],"up":[{"embeddable":true,"href":"https:\/\/hotelpunt14.com\/fr\/wp-json\/wp\/v2\/pages\/888"}],"wp:featuredmedia":[{"embeddable":true,"href":"https:\/\/hotelpunt14.com\/fr\/wp-json\/wp\/v2\/media\/2495"}],"wp:attachment":[{"href":"https:\/\/hotelpunt14.com\/fr\/wp-json\/wp\/v2\/media?parent=904"}],"curies":[{"name":"wp","href":"https:\/\/api.w.org\/{rel}","templated":true}]}}