{"id":891,"date":"2013-06-07T17:44:05","date_gmt":"2013-06-07T17:44:05","guid":{"rendered":"https:\/\/hotelpunt14.com\/fr\/chambres-lheure-barcelone\/gran-suite\/"},"modified":"2025-05-30T10:36:29","modified_gmt":"2025-05-30T10:36:29","slug":"grande-suite","status":"publish","type":"page","link":"https:\/\/hotelpunt14.com\/fr\/chambres-suites\/grande-suite\/","title":{"rendered":"Grande Suite"},"content":{"rendered":"<p>Notre plus grande chambre, avec parking simple \u00e0 c\u00f4t\u00e9. Lit king size &#8211; 180 x 200 cm. Fabuleuse salle de bains avec douche et bain \u00e0 remous.<\/p>\r\n<p>&nbsp;<\/p>\r\n\r\n<div class=\"wp-block-button boton-reservar-habitacion\"><a class=\"wp-block-button__link has-text-color has-background wp-element-button\" style=\"color: #ffffff; background-color: #000000;\" href=\"https:\/\/mp14.hotelintranet.com\/Default\" target=\"_blank\" rel=\"noreferrer noopener\">R\u00e9server <\/a><\/div>\r\n\r\n<p>&nbsp;<\/p>\r\n<div class=\"servicios-habitacion\">\r\n<ul>\r\n<li><img decoding=\"async\" src=\"\/wp-content\/uploads\/icono-cama-doble-extra.svg\" width=\"50\" \/> Tr\u00e8s grand lit double<\/li>\r\n<li><img decoding=\"async\" src=\"\/wp-content\/uploads\/icono-tamano.svg\" width=\"50\" \/> 35 m2 (acc\u00e8s priv\u00e9)<\/li>\r\n<li><img decoding=\"async\" src=\"\/wp-content\/uploads\/icono-parking.svg\" width=\"50\" \/> Parking priv\u00e9<\/li>\r\n<li><img decoding=\"async\" src=\"\/wp-content\/uploads\/icono-wifi.svg\" width=\"50\" \/> WiFi gratuit<\/li>\r\n<li><img decoding=\"async\" src=\"\/wp-content\/uploads\/icono-aire-acondicionado.svg\" width=\"50\" \/> Air conditionn\u00e9<\/li>\r\n<li><img decoding=\"async\" src=\"\/wp-content\/uploads\/icono-tv.svg\" width=\"50\" \/> TV \u00e9cran 43\u2019\u2019<\/li>\r\n<li><img decoding=\"async\" src=\"\/wp-content\/uploads\/icono-bano-habitacion.svg\" width=\"50\" \/> Salle de bain dans la chambre<\/li>\r\n<li><img decoding=\"async\" src=\"\/wp-content\/uploads\/icono-banera-hidromasaje.svg\" width=\"50\" \/> Baignoire de type jacuzzi &#8211; douche<\/li>\r\n<li><img decoding=\"async\" src=\"\/wp-content\/uploads\/icono-secador.svg\" width=\"50\" \/> S\u00e8che-cheveux<\/li>\r\n<li><img decoding=\"async\" src=\"\/wp-content\/uploads\/icono-articulos-aseo.svg\" width=\"50\" \/>Articles d&rsquo;hygi\u00e8ne gratuit<\/li>\r\n<li><img decoding=\"async\" src=\"\/wp-content\/uploads\/icono-armario.svg\" width=\"50\" \/> Armoire et petit bureau<\/li>\r\n<\/ul>\r\n<\/div>","protected":false},"excerpt":{"rendered":"<p>Notre plus grande chambre, avec parking simple \u00e0 c\u00f4t\u00e9. Lit king size &#8211; 180 x 200 cm. Fabuleuse salle de bains avec douche et bain \u00e0 remous. &nbsp; &nbsp; Tr\u00e8s grand lit double 35 m2 (acc\u00e8s priv\u00e9) Parking priv\u00e9 WiFi gratuit Air conditionn\u00e9 TV \u00e9cran 43\u2019\u2019 Salle de bain dans la chambre Baignoire de type [&hellip;]<\/p>\n","protected":false},"author":5,"featured_media":2115,"parent":888,"menu_order":2,"comment_status":"closed","ping_status":"closed","template":"habitacio.php","meta":{"_acf_changed":false,"footnotes":""},"class_list":["post-891","page","type-page","status-publish","has-post-thumbnail","hentry"],"acf":[],"yoast_head":"<!-- This site is optimized with the Yoast SEO plugin v25.3 - https:\/\/yoast.com\/wordpress\/plugins\/seo\/ -->\r\n<title>Gran Suite \u00e0 Barcelone | H\u00f4tel Punt14<\/title>\r\n<meta name=\"description\" content=\"H\u00f4tel avec hydromassage dans la chambre. Pain romantique pour les couples \u00e0 Barcelone. Parking priv\u00e9 gratuit. Ouvert toute l&#039;ann\u00e9e.\" \/>\r\n<meta name=\"robots\" content=\"index, follow, max-snippet:-1, max-image-preview:large, max-video-preview:-1\" \/>\r\n<link rel=\"canonical\" href=\"https:\/\/hotelpunt14.com\/fr\/chambres-suites\/grande-suite\/\" \/>\r\n<meta property=\"og:locale\" content=\"fr_FR\" \/>\r\n<meta property=\"og:type\" content=\"article\" \/>\r\n<meta property=\"og:title\" content=\"Gran Suite \u00e0 Barcelone | H\u00f4tel Punt14\" \/>\r\n<meta property=\"og:description\" content=\"H\u00f4tel avec hydromassage dans la chambre. Pain romantique pour les couples \u00e0 Barcelone. Parking priv\u00e9 gratuit. Ouvert toute l&#039;ann\u00e9e.\" \/>\r\n<meta property=\"og:url\" content=\"https:\/\/hotelpunt14.com\/fr\/chambres-suites\/grande-suite\/\" \/>\r\n<meta property=\"og:site_name\" content=\"Motel Punt14\" \/>\r\n<meta property=\"article:modified_time\" content=\"2025-05-30T10:36:29+00:00\" \/>\r\n<meta property=\"og:image\" content=\"https:\/\/hotelpunt14.com\/wp-content\/uploads\/gran-suite-motel-punt-14-2-1.png\" \/>\r\n\t<meta property=\"og:image:width\" content=\"1279\" \/>\r\n\t<meta property=\"og:image:height\" content=\"853\" \/>\r\n\t<meta property=\"og:image:type\" content=\"image\/png\" \/>\r\n<meta name=\"twitter:card\" content=\"summary_large_image\" \/>\r\n<meta name=\"twitter:label1\" content=\"Dur\u00e9e de lecture estim\u00e9e\" \/>\n\t<meta name=\"twitter:data1\" content=\"3 minutes\" \/>\r\n<script type=\"application\/ld+json\" class=\"yoast-schema-graph\">{\"@context\":\"https:\/\/schema.org\",\"@graph\":[{\"@type\":\"WebPage\",\"@id\":\"https:\/\/hotelpunt14.com\/fr\/chambres-suites\/grande-suite\/\",\"url\":\"https:\/\/hotelpunt14.com\/fr\/chambres-suites\/grande-suite\/\",\"name\":\"Gran Suite \u00e0 Barcelone | H\u00f4tel Punt14\",\"isPartOf\":{\"@id\":\"https:\/\/hotelpunt14.com\/#website\"},\"primaryImageOfPage\":{\"@id\":\"https:\/\/hotelpunt14.com\/fr\/chambres-suites\/grande-suite\/#primaryimage\"},\"image\":{\"@id\":\"https:\/\/hotelpunt14.com\/fr\/chambres-suites\/grande-suite\/#primaryimage\"},\"thumbnailUrl\":\"https:\/\/hotelpunt14.com\/wp-content\/uploads\/gran-suite-motel-punt-14-2-1.png\",\"datePublished\":\"2013-06-07T17:44:05+00:00\",\"dateModified\":\"2025-05-30T10:36:29+00:00\",\"description\":\"H\u00f4tel avec hydromassage dans la chambre. Pain romantique pour les couples \u00e0 Barcelone. Parking priv\u00e9 gratuit. Ouvert toute l'ann\u00e9e.\",\"breadcrumb\":{\"@id\":\"https:\/\/hotelpunt14.com\/fr\/chambres-suites\/grande-suite\/#breadcrumb\"},\"inLanguage\":\"fr-FR\",\"potentialAction\":[{\"@type\":\"ReadAction\",\"target\":[\"https:\/\/hotelpunt14.com\/fr\/chambres-suites\/grande-suite\/\"]}]},{\"@type\":\"ImageObject\",\"inLanguage\":\"fr-FR\",\"@id\":\"https:\/\/hotelpunt14.com\/fr\/chambres-suites\/grande-suite\/#primaryimage\",\"url\":\"https:\/\/hotelpunt14.com\/wp-content\/uploads\/gran-suite-motel-punt-14-2-1.png\",\"contentUrl\":\"https:\/\/hotelpunt14.com\/wp-content\/uploads\/gran-suite-motel-punt-14-2-1.png\",\"width\":1279,\"height\":853},{\"@type\":\"BreadcrumbList\",\"@id\":\"https:\/\/hotelpunt14.com\/fr\/chambres-suites\/grande-suite\/#breadcrumb\",\"itemListElement\":[{\"@type\":\"ListItem\",\"position\":1,\"name\":\"Inici\",\"item\":\"https:\/\/hotelpunt14.com\/fr\/\"},{\"@type\":\"ListItem\",\"position\":2,\"name\":\"Chambres et Suites\",\"item\":\"https:\/\/hotelpunt14.com\/fr\/chambres-suites\/\"},{\"@type\":\"ListItem\",\"position\":3,\"name\":\"Grande Suite\"}]},{\"@type\":\"WebSite\",\"@id\":\"https:\/\/hotelpunt14.com\/#website\",\"url\":\"https:\/\/hotelpunt14.com\/\",\"name\":\"Motel Punt14\",\"description\":\"Chambres \u00e0 l&#039;heure \u00e0 Barcelone\",\"potentialAction\":[{\"@type\":\"SearchAction\",\"target\":{\"@type\":\"EntryPoint\",\"urlTemplate\":\"https:\/\/hotelpunt14.com\/?s={search_term_string}\"},\"query-input\":{\"@type\":\"PropertyValueSpecification\",\"valueRequired\":true,\"valueName\":\"search_term_string\"}}],\"inLanguage\":\"fr-FR\"}]}<\/script>\r\n<!-- \/ Yoast SEO plugin. -->","yoast_head_json":{"title":"Gran Suite \u00e0 Barcelone | H\u00f4tel Punt14","description":"H\u00f4tel avec hydromassage dans la chambre. Pain romantique pour les couples \u00e0 Barcelone. Parking priv\u00e9 gratuit. Ouvert toute l'ann\u00e9e.","robots":{"index":"index","follow":"follow","max-snippet":"max-snippet:-1","max-image-preview":"max-image-preview:large","max-video-preview":"max-video-preview:-1"},"canonical":"https:\/\/hotelpunt14.com\/fr\/chambres-suites\/grande-suite\/","og_locale":"fr_FR","og_type":"article","og_title":"Gran Suite \u00e0 Barcelone | H\u00f4tel Punt14","og_description":"H\u00f4tel avec hydromassage dans la chambre. Pain romantique pour les couples \u00e0 Barcelone. Parking priv\u00e9 gratuit. Ouvert toute l'ann\u00e9e.","og_url":"https:\/\/hotelpunt14.com\/fr\/chambres-suites\/grande-suite\/","og_site_name":"Motel Punt14","article_modified_time":"2025-05-30T10:36:29+00:00","og_image":[{"width":1279,"height":853,"url":"https:\/\/hotelpunt14.com\/wp-content\/uploads\/gran-suite-motel-punt-14-2-1.png","type":"image\/png"}],"twitter_card":"summary_large_image","twitter_misc":{"Dur\u00e9e de lecture estim\u00e9e":"3 minutes"},"schema":{"@context":"https:\/\/schema.org","@graph":[{"@type":"WebPage","@id":"https:\/\/hotelpunt14.com\/fr\/chambres-suites\/grande-suite\/","url":"https:\/\/hotelpunt14.com\/fr\/chambres-suites\/grande-suite\/","name":"Gran Suite \u00e0 Barcelone | H\u00f4tel Punt14","isPartOf":{"@id":"https:\/\/hotelpunt14.com\/#website"},"primaryImageOfPage":{"@id":"https:\/\/hotelpunt14.com\/fr\/chambres-suites\/grande-suite\/#primaryimage"},"image":{"@id":"https:\/\/hotelpunt14.com\/fr\/chambres-suites\/grande-suite\/#primaryimage"},"thumbnailUrl":"https:\/\/hotelpunt14.com\/wp-content\/uploads\/gran-suite-motel-punt-14-2-1.png","datePublished":"2013-06-07T17:44:05+00:00","dateModified":"2025-05-30T10:36:29+00:00","description":"H\u00f4tel avec hydromassage dans la chambre. Pain romantique pour les couples \u00e0 Barcelone. Parking priv\u00e9 gratuit. Ouvert toute l'ann\u00e9e.","breadcrumb":{"@id":"https:\/\/hotelpunt14.com\/fr\/chambres-suites\/grande-suite\/#breadcrumb"},"inLanguage":"fr-FR","potentialAction":[{"@type":"ReadAction","target":["https:\/\/hotelpunt14.com\/fr\/chambres-suites\/grande-suite\/"]}]},{"@type":"ImageObject","inLanguage":"fr-FR","@id":"https:\/\/hotelpunt14.com\/fr\/chambres-suites\/grande-suite\/#primaryimage","url":"https:\/\/hotelpunt14.com\/wp-content\/uploads\/gran-suite-motel-punt-14-2-1.png","contentUrl":"https:\/\/hotelpunt14.com\/wp-content\/uploads\/gran-suite-motel-punt-14-2-1.png","width":1279,"height":853},{"@type":"BreadcrumbList","@id":"https:\/\/hotelpunt14.com\/fr\/chambres-suites\/grande-suite\/#breadcrumb","itemListElement":[{"@type":"ListItem","position":1,"name":"Inici","item":"https:\/\/hotelpunt14.com\/fr\/"},{"@type":"ListItem","position":2,"name":"Chambres et Suites","item":"https:\/\/hotelpunt14.com\/fr\/chambres-suites\/"},{"@type":"ListItem","position":3,"name":"Grande Suite"}]},{"@type":"WebSite","@id":"https:\/\/hotelpunt14.com\/#website","url":"https:\/\/hotelpunt14.com\/","name":"Motel Punt14","description":"Chambres \u00e0 l&#039;heure \u00e0 Barcelone","potentialAction":[{"@type":"SearchAction","target":{"@type":"EntryPoint","urlTemplate":"https:\/\/hotelpunt14.com\/?s={search_term_string}"},"query-input":{"@type":"PropertyValueSpecification","valueRequired":true,"valueName":"search_term_string"}}],"inLanguage":"fr-FR"}]}},"_links":{"self":[{"href":"https:\/\/hotelpunt14.com\/fr\/wp-json\/wp\/v2\/pages\/891","targetHints":{"allow":["GET"]}}],"collection":[{"href":"https:\/\/hotelpunt14.com\/fr\/wp-json\/wp\/v2\/pages"}],"about":[{"href":"https:\/\/hotelpunt14.com\/fr\/wp-json\/wp\/v2\/types\/page"}],"author":[{"embeddable":true,"href":"https:\/\/hotelpunt14.com\/fr\/wp-json\/wp\/v2\/users\/5"}],"replies":[{"embeddable":true,"href":"https:\/\/hotelpunt14.com\/fr\/wp-json\/wp\/v2\/comments?post=891"}],"version-history":[{"count":11,"href":"https:\/\/hotelpunt14.com\/fr\/wp-json\/wp\/v2\/pages\/891\/revisions"}],"predecessor-version":[{"id":3102,"href":"https:\/\/hotelpunt14.com\/fr\/wp-json\/wp\/v2\/pages\/891\/revisions\/3102"}],"up":[{"embeddable":true,"href":"https:\/\/hotelpunt14.com\/fr\/wp-json\/wp\/v2\/pages\/888"}],"wp:featuredmedia":[{"embeddable":true,"href":"https:\/\/hotelpunt14.com\/fr\/wp-json\/wp\/v2\/media\/2115"}],"wp:attachment":[{"href":"https:\/\/hotelpunt14.com\/fr\/wp-json\/wp\/v2\/media?parent=891"}],"curies":[{"name":"wp","href":"https:\/\/api.w.org\/{rel}","templated":true}]}}