{"id":888,"date":"2013-06-07T17:43:41","date_gmt":"2013-06-07T17:43:41","guid":{"rendered":"https:\/\/hotelpunt14.com\/fr\/habitacions-per-hores-barcelona\/"},"modified":"2025-09-01T09:48:15","modified_gmt":"2025-09-01T09:48:15","slug":"chambres-suites","status":"publish","type":"page","link":"https:\/\/hotelpunt14.com\/fr\/chambres-suites\/","title":{"rendered":"Chambres et Suites"},"content":{"rendered":"<p>Dans nos installations, vous trouverez une atmosph\u00e8re agr\u00e9able, une propret\u00e9 absolue, un excellent service et une attention particuli\u00e8re aux d\u00e9tails.<\/p>\n","protected":false},"excerpt":{"rendered":"<p>Dans nos installations, vous trouverez une atmosph\u00e8re agr\u00e9able, une propret\u00e9 absolue, un excellent service et une attention particuli\u00e8re aux d\u00e9tails.<\/p>\n","protected":false},"author":5,"featured_media":0,"parent":0,"menu_order":0,"comment_status":"closed","ping_status":"closed","template":"habitacions.php","meta":{"_acf_changed":false,"footnotes":""},"class_list":["post-888","page","type-page","status-publish","hentry"],"acf":[],"yoast_head":"<!-- This site is optimized with the Yoast SEO plugin v25.3 - https:\/\/yoast.com\/wordpress\/plugins\/seo\/ -->\r\n<title>Hotel Suites \u00e0 Barcelone | H\u00f4tel Punt14<\/title>\r\n<meta name=\"description\" content=\"R\u00e9servez l&#039;une de nos suites pr\u00e8s de l&#039;a\u00e9roport de Barcelone et profitez de notre h\u00f4tel \u00e0 15 minutes de marche de la plage.\" \/>\r\n<meta name=\"robots\" content=\"index, follow, max-snippet:-1, max-image-preview:large, max-video-preview:-1\" \/>\r\n<link rel=\"canonical\" href=\"https:\/\/hotelpunt14.com\/fr\/chambres-suites\/\" \/>\r\n<meta property=\"og:locale\" content=\"fr_FR\" \/>\r\n<meta property=\"og:type\" content=\"article\" \/>\r\n<meta property=\"og:title\" content=\"Hotel Suites \u00e0 Barcelone | H\u00f4tel Punt14\" \/>\r\n<meta property=\"og:description\" content=\"R\u00e9servez l&#039;une de nos suites pr\u00e8s de l&#039;a\u00e9roport de Barcelone et profitez de notre h\u00f4tel \u00e0 15 minutes de marche de la plage.\" \/>\r\n<meta property=\"og:url\" content=\"https:\/\/hotelpunt14.com\/fr\/chambres-suites\/\" \/>\r\n<meta property=\"og:site_name\" content=\"Motel Punt14\" \/>\r\n<meta property=\"article:modified_time\" content=\"2025-09-01T09:48:15+00:00\" \/>\r\n<meta name=\"twitter:card\" content=\"summary_large_image\" \/>\r\n<meta name=\"twitter:label1\" content=\"Dur\u00e9e de lecture estim\u00e9e\" \/>\n\t<meta name=\"twitter:data1\" content=\"1 minute\" \/>\r\n<script type=\"application\/ld+json\" class=\"yoast-schema-graph\">{\"@context\":\"https:\/\/schema.org\",\"@graph\":[{\"@type\":\"WebPage\",\"@id\":\"https:\/\/hotelpunt14.com\/fr\/chambres-suites\/\",\"url\":\"https:\/\/hotelpunt14.com\/fr\/chambres-suites\/\",\"name\":\"Hotel Suites \u00e0 Barcelone | H\u00f4tel Punt14\",\"isPartOf\":{\"@id\":\"https:\/\/hotelpunt14.com\/#website\"},\"datePublished\":\"2013-06-07T17:43:41+00:00\",\"dateModified\":\"2025-09-01T09:48:15+00:00\",\"description\":\"R\u00e9servez l'une de nos suites pr\u00e8s de l'a\u00e9roport de Barcelone et profitez de notre h\u00f4tel \u00e0 15 minutes de marche de la plage.\",\"breadcrumb\":{\"@id\":\"https:\/\/hotelpunt14.com\/fr\/chambres-suites\/#breadcrumb\"},\"inLanguage\":\"fr-FR\",\"potentialAction\":[{\"@type\":\"ReadAction\",\"target\":[\"https:\/\/hotelpunt14.com\/fr\/chambres-suites\/\"]}]},{\"@type\":\"BreadcrumbList\",\"@id\":\"https:\/\/hotelpunt14.com\/fr\/chambres-suites\/#breadcrumb\",\"itemListElement\":[{\"@type\":\"ListItem\",\"position\":1,\"name\":\"Inici\",\"item\":\"https:\/\/hotelpunt14.com\/fr\/\"},{\"@type\":\"ListItem\",\"position\":2,\"name\":\"Chambres et Suites\"}]},{\"@type\":\"WebSite\",\"@id\":\"https:\/\/hotelpunt14.com\/#website\",\"url\":\"https:\/\/hotelpunt14.com\/\",\"name\":\"Motel Punt14\",\"description\":\"Chambres \u00e0 l&#039;heure \u00e0 Barcelone\",\"potentialAction\":[{\"@type\":\"SearchAction\",\"target\":{\"@type\":\"EntryPoint\",\"urlTemplate\":\"https:\/\/hotelpunt14.com\/?s={search_term_string}\"},\"query-input\":{\"@type\":\"PropertyValueSpecification\",\"valueRequired\":true,\"valueName\":\"search_term_string\"}}],\"inLanguage\":\"fr-FR\"}]}<\/script>\r\n<!-- \/ Yoast SEO plugin. -->","yoast_head_json":{"title":"Hotel Suites \u00e0 Barcelone | H\u00f4tel Punt14","description":"R\u00e9servez l'une de nos suites pr\u00e8s de l'a\u00e9roport de Barcelone et profitez de notre h\u00f4tel \u00e0 15 minutes de marche de la plage.","robots":{"index":"index","follow":"follow","max-snippet":"max-snippet:-1","max-image-preview":"max-image-preview:large","max-video-preview":"max-video-preview:-1"},"canonical":"https:\/\/hotelpunt14.com\/fr\/chambres-suites\/","og_locale":"fr_FR","og_type":"article","og_title":"Hotel Suites \u00e0 Barcelone | H\u00f4tel Punt14","og_description":"R\u00e9servez l'une de nos suites pr\u00e8s de l'a\u00e9roport de Barcelone et profitez de notre h\u00f4tel \u00e0 15 minutes de marche de la plage.","og_url":"https:\/\/hotelpunt14.com\/fr\/chambres-suites\/","og_site_name":"Motel Punt14","article_modified_time":"2025-09-01T09:48:15+00:00","twitter_card":"summary_large_image","twitter_misc":{"Dur\u00e9e de lecture estim\u00e9e":"1 minute"},"schema":{"@context":"https:\/\/schema.org","@graph":[{"@type":"WebPage","@id":"https:\/\/hotelpunt14.com\/fr\/chambres-suites\/","url":"https:\/\/hotelpunt14.com\/fr\/chambres-suites\/","name":"Hotel Suites \u00e0 Barcelone | H\u00f4tel Punt14","isPartOf":{"@id":"https:\/\/hotelpunt14.com\/#website"},"datePublished":"2013-06-07T17:43:41+00:00","dateModified":"2025-09-01T09:48:15+00:00","description":"R\u00e9servez l'une de nos suites pr\u00e8s de l'a\u00e9roport de Barcelone et profitez de notre h\u00f4tel \u00e0 15 minutes de marche de la plage.","breadcrumb":{"@id":"https:\/\/hotelpunt14.com\/fr\/chambres-suites\/#breadcrumb"},"inLanguage":"fr-FR","potentialAction":[{"@type":"ReadAction","target":["https:\/\/hotelpunt14.com\/fr\/chambres-suites\/"]}]},{"@type":"BreadcrumbList","@id":"https:\/\/hotelpunt14.com\/fr\/chambres-suites\/#breadcrumb","itemListElement":[{"@type":"ListItem","position":1,"name":"Inici","item":"https:\/\/hotelpunt14.com\/fr\/"},{"@type":"ListItem","position":2,"name":"Chambres et Suites"}]},{"@type":"WebSite","@id":"https:\/\/hotelpunt14.com\/#website","url":"https:\/\/hotelpunt14.com\/","name":"Motel Punt14","description":"Chambres \u00e0 l&#039;heure \u00e0 Barcelone","potentialAction":[{"@type":"SearchAction","target":{"@type":"EntryPoint","urlTemplate":"https:\/\/hotelpunt14.com\/?s={search_term_string}"},"query-input":{"@type":"PropertyValueSpecification","valueRequired":true,"valueName":"search_term_string"}}],"inLanguage":"fr-FR"}]}},"_links":{"self":[{"href":"https:\/\/hotelpunt14.com\/fr\/wp-json\/wp\/v2\/pages\/888","targetHints":{"allow":["GET"]}}],"collection":[{"href":"https:\/\/hotelpunt14.com\/fr\/wp-json\/wp\/v2\/pages"}],"about":[{"href":"https:\/\/hotelpunt14.com\/fr\/wp-json\/wp\/v2\/types\/page"}],"author":[{"embeddable":true,"href":"https:\/\/hotelpunt14.com\/fr\/wp-json\/wp\/v2\/users\/5"}],"replies":[{"embeddable":true,"href":"https:\/\/hotelpunt14.com\/fr\/wp-json\/wp\/v2\/comments?post=888"}],"version-history":[{"count":3,"href":"https:\/\/hotelpunt14.com\/fr\/wp-json\/wp\/v2\/pages\/888\/revisions"}],"predecessor-version":[{"id":3208,"href":"https:\/\/hotelpunt14.com\/fr\/wp-json\/wp\/v2\/pages\/888\/revisions\/3208"}],"wp:attachment":[{"href":"https:\/\/hotelpunt14.com\/fr\/wp-json\/wp\/v2\/media?parent=888"}],"curies":[{"name":"wp","href":"https:\/\/api.w.org\/{rel}","templated":true}]}}