{"id":877,"date":"2013-02-01T07:41:13","date_gmt":"2013-02-01T07:41:13","guid":{"rendered":"https:\/\/hotelpunt14.com\/fr\/portada\/"},"modified":"2025-05-30T10:41:44","modified_gmt":"2025-05-30T10:41:44","slug":"portada","status":"publish","type":"page","link":"https:\/\/hotelpunt14.com\/fr\/","title":{"rendered":"Page d&rsquo;acueil"},"content":{"rendered":"","protected":false},"excerpt":{"rendered":"","protected":false},"author":5,"featured_media":0,"parent":0,"menu_order":0,"comment_status":"closed","ping_status":"closed","template":"","meta":{"_acf_changed":false,"footnotes":""},"class_list":["post-877","page","type-page","status-publish","hentry"],"acf":[],"yoast_head":"<!-- This site is optimized with the Yoast SEO plugin v25.3 - https:\/\/yoast.com\/wordpress\/plugins\/seo\/ -->\r\n<title>H\u00f4tel proche de Barcelone | Hotel Punt14<\/title>\r\n<meta name=\"description\" content=\"H\u00f4tel situ\u00e9 pr\u00e8s de la plage de Gav\u00e0 Mar, \u00e0 15 minutes de Barcelone en voiture et \u00e0 5 minutes de l&#039;a\u00e9roport El Prat de Llobregat.\" \/>\r\n<meta name=\"robots\" content=\"index, follow, max-snippet:-1, max-image-preview:large, max-video-preview:-1\" \/>\r\n<link rel=\"canonical\" href=\"https:\/\/hotelpunt14.com\/fr\/\" \/>\r\n<meta property=\"og:locale\" content=\"fr_FR\" \/>\r\n<meta property=\"og:type\" content=\"article\" \/>\r\n<meta property=\"og:title\" content=\"H\u00f4tel proche de Barcelone | Hotel Punt14\" \/>\r\n<meta property=\"og:description\" content=\"H\u00f4tel situ\u00e9 pr\u00e8s de la plage de Gav\u00e0 Mar, \u00e0 15 minutes de Barcelone en voiture et \u00e0 5 minutes de l&#039;a\u00e9roport El Prat de Llobregat.\" \/>\r\n<meta property=\"og:url\" content=\"https:\/\/hotelpunt14.com\/fr\/\" \/>\r\n<meta property=\"og:site_name\" content=\"Motel Punt14\" \/>\r\n<meta property=\"article:modified_time\" content=\"2025-05-30T10:41:44+00:00\" \/>\r\n<meta name=\"twitter:card\" content=\"summary_large_image\" \/>\r\n<script type=\"application\/ld+json\" class=\"yoast-schema-graph\">{\"@context\":\"https:\/\/schema.org\",\"@graph\":[{\"@type\":\"WebPage\",\"@id\":\"https:\/\/hotelpunt14.com\/fr\/\",\"url\":\"https:\/\/hotelpunt14.com\/fr\/\",\"name\":\"H\u00f4tel proche de Barcelone | Hotel Punt14\",\"isPartOf\":{\"@id\":\"https:\/\/hotelpunt14.com\/#website\"},\"datePublished\":\"2013-02-01T07:41:13+00:00\",\"dateModified\":\"2025-05-30T10:41:44+00:00\",\"description\":\"H\u00f4tel situ\u00e9 pr\u00e8s de la plage de Gav\u00e0 Mar, \u00e0 15 minutes de Barcelone en voiture et \u00e0 5 minutes de l'a\u00e9roport El Prat de Llobregat.\",\"breadcrumb\":{\"@id\":\"https:\/\/hotelpunt14.com\/fr\/#breadcrumb\"},\"inLanguage\":\"fr-FR\",\"potentialAction\":[{\"@type\":\"ReadAction\",\"target\":[\"https:\/\/hotelpunt14.com\/fr\/\"]}]},{\"@type\":\"BreadcrumbList\",\"@id\":\"https:\/\/hotelpunt14.com\/fr\/#breadcrumb\",\"itemListElement\":[{\"@type\":\"ListItem\",\"position\":1,\"name\":\"Inici\",\"item\":\"https:\/\/hotelpunt14.com\/fr\/\"},{\"@type\":\"ListItem\",\"position\":2,\"name\":\"Page d&#8217;acueil\"}]},{\"@type\":\"WebSite\",\"@id\":\"https:\/\/hotelpunt14.com\/#website\",\"url\":\"https:\/\/hotelpunt14.com\/\",\"name\":\"Motel Punt14\",\"description\":\"Chambres \u00e0 l&#039;heure \u00e0 Barcelone\",\"potentialAction\":[{\"@type\":\"SearchAction\",\"target\":{\"@type\":\"EntryPoint\",\"urlTemplate\":\"https:\/\/hotelpunt14.com\/?s={search_term_string}\"},\"query-input\":{\"@type\":\"PropertyValueSpecification\",\"valueRequired\":true,\"valueName\":\"search_term_string\"}}],\"inLanguage\":\"fr-FR\"}]}<\/script>\r\n<!-- \/ Yoast SEO plugin. -->","yoast_head_json":{"title":"H\u00f4tel proche de Barcelone | Hotel Punt14","description":"H\u00f4tel situ\u00e9 pr\u00e8s de la plage de Gav\u00e0 Mar, \u00e0 15 minutes de Barcelone en voiture et \u00e0 5 minutes de l'a\u00e9roport El Prat de Llobregat.","robots":{"index":"index","follow":"follow","max-snippet":"max-snippet:-1","max-image-preview":"max-image-preview:large","max-video-preview":"max-video-preview:-1"},"canonical":"https:\/\/hotelpunt14.com\/fr\/","og_locale":"fr_FR","og_type":"article","og_title":"H\u00f4tel proche de Barcelone | Hotel Punt14","og_description":"H\u00f4tel situ\u00e9 pr\u00e8s de la plage de Gav\u00e0 Mar, \u00e0 15 minutes de Barcelone en voiture et \u00e0 5 minutes de l'a\u00e9roport El Prat de Llobregat.","og_url":"https:\/\/hotelpunt14.com\/fr\/","og_site_name":"Motel Punt14","article_modified_time":"2025-05-30T10:41:44+00:00","twitter_card":"summary_large_image","schema":{"@context":"https:\/\/schema.org","@graph":[{"@type":"WebPage","@id":"https:\/\/hotelpunt14.com\/fr\/","url":"https:\/\/hotelpunt14.com\/fr\/","name":"H\u00f4tel proche de Barcelone | Hotel Punt14","isPartOf":{"@id":"https:\/\/hotelpunt14.com\/#website"},"datePublished":"2013-02-01T07:41:13+00:00","dateModified":"2025-05-30T10:41:44+00:00","description":"H\u00f4tel situ\u00e9 pr\u00e8s de la plage de Gav\u00e0 Mar, \u00e0 15 minutes de Barcelone en voiture et \u00e0 5 minutes de l'a\u00e9roport El Prat de Llobregat.","breadcrumb":{"@id":"https:\/\/hotelpunt14.com\/fr\/#breadcrumb"},"inLanguage":"fr-FR","potentialAction":[{"@type":"ReadAction","target":["https:\/\/hotelpunt14.com\/fr\/"]}]},{"@type":"BreadcrumbList","@id":"https:\/\/hotelpunt14.com\/fr\/#breadcrumb","itemListElement":[{"@type":"ListItem","position":1,"name":"Inici","item":"https:\/\/hotelpunt14.com\/fr\/"},{"@type":"ListItem","position":2,"name":"Page d&#8217;acueil"}]},{"@type":"WebSite","@id":"https:\/\/hotelpunt14.com\/#website","url":"https:\/\/hotelpunt14.com\/","name":"Motel Punt14","description":"Chambres \u00e0 l&#039;heure \u00e0 Barcelone","potentialAction":[{"@type":"SearchAction","target":{"@type":"EntryPoint","urlTemplate":"https:\/\/hotelpunt14.com\/?s={search_term_string}"},"query-input":{"@type":"PropertyValueSpecification","valueRequired":true,"valueName":"search_term_string"}}],"inLanguage":"fr-FR"}]}},"_links":{"self":[{"href":"https:\/\/hotelpunt14.com\/fr\/wp-json\/wp\/v2\/pages\/877","targetHints":{"allow":["GET"]}}],"collection":[{"href":"https:\/\/hotelpunt14.com\/fr\/wp-json\/wp\/v2\/pages"}],"about":[{"href":"https:\/\/hotelpunt14.com\/fr\/wp-json\/wp\/v2\/types\/page"}],"author":[{"embeddable":true,"href":"https:\/\/hotelpunt14.com\/fr\/wp-json\/wp\/v2\/users\/5"}],"replies":[{"embeddable":true,"href":"https:\/\/hotelpunt14.com\/fr\/wp-json\/wp\/v2\/comments?post=877"}],"version-history":[{"count":23,"href":"https:\/\/hotelpunt14.com\/fr\/wp-json\/wp\/v2\/pages\/877\/revisions"}],"predecessor-version":[{"id":3032,"href":"https:\/\/hotelpunt14.com\/fr\/wp-json\/wp\/v2\/pages\/877\/revisions\/3032"}],"wp:attachment":[{"href":"https:\/\/hotelpunt14.com\/fr\/wp-json\/wp\/v2\/media?parent=877"}],"curies":[{"name":"wp","href":"https:\/\/api.w.org\/{rel}","templated":true}]}}