{"id":2136,"date":"2023-04-26T12:55:34","date_gmt":"2023-04-26T12:55:34","guid":{"rendered":"https:\/\/hotelpunt14.com\/?page_id=2136"},"modified":"2025-05-30T10:37:00","modified_gmt":"2025-05-30T10:37:00","slug":"suite-avec-hydromassage","status":"publish","type":"page","link":"https:\/\/hotelpunt14.com\/fr\/chambres-suites\/suite-avec-hydromassage\/","title":{"rendered":"Suite avec hydromassage"},"content":{"rendered":"<p>Chambre tr\u00e8s spacieuse avec parking individuel \u00e0 c\u00f4t\u00e9. Immense lit King Size tr\u00e8s confortable. Salle de bain tr\u00e8s spacieuse avec douche et grande baignoire jacuzzi circulaire. Canap\u00e9, armoire, tv et bureau, s\u00e8che-cheveux et Wifi HS. D\u00e9tendez-vous et reposez vous en toute tranquillit\u00e9.<\/p>\r\n\r\n<div class=\"wp-block-button boton-reservar-habitacion\"><a class=\"wp-block-button__link has-text-color has-background wp-element-button\" style=\"color: #ffffff; background-color: #000000;\" href=\"https:\/\/mp14.hotelintranet.com\/Default\" target=\"_blank\" rel=\"noreferrer noopener\">R\u00e9server<\/a><\/div>\r\n\r\n<p>&nbsp;<\/p>\r\n<div class=\"servicios-habitacion\">\r\n<ul>\r\n<li><img decoding=\"async\" src=\"\/wp-content\/uploads\/icono-cama-doble-extra.svg\" width=\"50\" \/> Tr\u00e8s grand lit double<\/li>\r\n<li><img decoding=\"async\" src=\"\/wp-content\/uploads\/icono-tamano.svg\" width=\"50\" \/> 31 m2 (acc\u00e8s priv\u00e9)<\/li>\r\n<li><img decoding=\"async\" src=\"\/wp-content\/uploads\/icono-parking.svg\" width=\"50\" \/> Parking priv\u00e9<\/li>\r\n<li><img decoding=\"async\" src=\"\/wp-content\/uploads\/icono-wifi.svg\" width=\"50\" \/> WiFi gratuit<\/li>\r\n<li><img decoding=\"async\" src=\"\/wp-content\/uploads\/icono-aire-acondicionado.svg\" width=\"50\" \/> Air conditionn\u00e9<\/li>\r\n<li><img decoding=\"async\" src=\"\/wp-content\/uploads\/icono-tv.svg\" width=\"50\" \/> TV \u00e9cran 40&Prime;\u00a0\u00bb<\/li>\r\n<li><img decoding=\"async\" src=\"\/wp-content\/uploads\/icono-bano-habitacion.svg\" width=\"50\" \/> Salle de bain dans la chambre<\/li>\r\n<li><img decoding=\"async\" src=\"\/wp-content\/uploads\/icono-banera-hidromasaje.svg\" width=\"50\" \/> Baignoire d&rsquo;hydromassage &#8211; Douche<\/li>\r\n<li><img decoding=\"async\" src=\"\/wp-content\/uploads\/icono-secador.svg\" width=\"50\" \/> S\u00e8che-cheveux<\/li>\r\n<li><img decoding=\"async\" src=\"\/wp-content\/uploads\/icono-articulos-aseo.svg\" width=\"50\" \/> Articles d&rsquo;hygi\u00e8ne gratuit<\/li>\r\n<li><img decoding=\"async\" src=\"\/wp-content\/uploads\/icono-armario.svg\" width=\"50\" \/> Armoire et petit bureau<\/li>\r\n<\/ul>\r\n<\/div>","protected":false},"excerpt":{"rendered":"<p>Chambre tr\u00e8s spacieuse avec parking individuel \u00e0 c\u00f4t\u00e9. Immense lit King Size tr\u00e8s confortable. Salle de bain tr\u00e8s spacieuse avec douche et grande baignoire jacuzzi circulaire. Canap\u00e9, armoire, tv et bureau, s\u00e8che-cheveux et Wifi HS. D\u00e9tendez-vous et reposez vous en toute tranquillit\u00e9. &nbsp; Tr\u00e8s grand lit double 31 m2 (acc\u00e8s priv\u00e9) Parking priv\u00e9 WiFi gratuit [&hellip;]<\/p>\n","protected":false},"author":4,"featured_media":2111,"parent":888,"menu_order":2,"comment_status":"closed","ping_status":"closed","template":"habitacio.php","meta":{"_acf_changed":false,"footnotes":""},"class_list":["post-2136","page","type-page","status-publish","has-post-thumbnail","hentry"],"acf":[],"yoast_head":"<!-- This site is optimized with the Yoast SEO plugin v25.3 - https:\/\/yoast.com\/wordpress\/plugins\/seo\/ -->\r\n<title>Suite avec hydromassage \u00e0 Barcelone | H\u00f4tel Punt14<\/title>\r\n<meta name=\"description\" content=\"Hotel suites with hydromassage in the room. Romantic plan for couples in Barcelona. Free private parking. Open all year round.\" \/>\r\n<meta name=\"robots\" content=\"index, follow, max-snippet:-1, max-image-preview:large, max-video-preview:-1\" \/>\r\n<link rel=\"canonical\" href=\"https:\/\/hotelpunt14.com\/fr\/chambres-suites\/suite-avec-hydromassage\/\" \/>\r\n<meta property=\"og:locale\" content=\"fr_FR\" \/>\r\n<meta property=\"og:type\" content=\"article\" \/>\r\n<meta property=\"og:title\" content=\"Suite avec hydromassage \u00e0 Barcelone | H\u00f4tel Punt14\" \/>\r\n<meta property=\"og:description\" content=\"Hotel suites with hydromassage in the room. Romantic plan for couples in Barcelona. Free private parking. Open all year round.\" \/>\r\n<meta property=\"og:url\" content=\"https:\/\/hotelpunt14.com\/fr\/chambres-suites\/suite-avec-hydromassage\/\" \/>\r\n<meta property=\"og:site_name\" content=\"Motel Punt14\" \/>\r\n<meta property=\"article:modified_time\" content=\"2025-05-30T10:37:00+00:00\" \/>\r\n<meta property=\"og:image\" content=\"https:\/\/hotelpunt14.com\/wp-content\/uploads\/suite-hidromasaje-motel-punt-14-6-1.png\" \/>\r\n\t<meta property=\"og:image:width\" content=\"1280\" \/>\r\n\t<meta property=\"og:image:height\" content=\"853\" \/>\r\n\t<meta property=\"og:image:type\" content=\"image\/png\" \/>\r\n<meta name=\"twitter:card\" content=\"summary_large_image\" \/>\r\n<meta name=\"twitter:label1\" content=\"Dur\u00e9e de lecture estim\u00e9e\" \/>\n\t<meta name=\"twitter:data1\" content=\"3 minutes\" \/>\r\n<script type=\"application\/ld+json\" class=\"yoast-schema-graph\">{\"@context\":\"https:\/\/schema.org\",\"@graph\":[{\"@type\":\"WebPage\",\"@id\":\"https:\/\/hotelpunt14.com\/fr\/chambres-suites\/suite-avec-hydromassage\/\",\"url\":\"https:\/\/hotelpunt14.com\/fr\/chambres-suites\/suite-avec-hydromassage\/\",\"name\":\"Suite avec hydromassage \u00e0 Barcelone | H\u00f4tel Punt14\",\"isPartOf\":{\"@id\":\"https:\/\/hotelpunt14.com\/#website\"},\"primaryImageOfPage\":{\"@id\":\"https:\/\/hotelpunt14.com\/fr\/chambres-suites\/suite-avec-hydromassage\/#primaryimage\"},\"image\":{\"@id\":\"https:\/\/hotelpunt14.com\/fr\/chambres-suites\/suite-avec-hydromassage\/#primaryimage\"},\"thumbnailUrl\":\"https:\/\/hotelpunt14.com\/wp-content\/uploads\/suite-hidromasaje-motel-punt-14-6-1.png\",\"datePublished\":\"2023-04-26T12:55:34+00:00\",\"dateModified\":\"2025-05-30T10:37:00+00:00\",\"description\":\"Hotel suites with hydromassage in the room. Romantic plan for couples in Barcelona. Free private parking. Open all year round.\",\"breadcrumb\":{\"@id\":\"https:\/\/hotelpunt14.com\/fr\/chambres-suites\/suite-avec-hydromassage\/#breadcrumb\"},\"inLanguage\":\"fr-FR\",\"potentialAction\":[{\"@type\":\"ReadAction\",\"target\":[\"https:\/\/hotelpunt14.com\/fr\/chambres-suites\/suite-avec-hydromassage\/\"]}]},{\"@type\":\"ImageObject\",\"inLanguage\":\"fr-FR\",\"@id\":\"https:\/\/hotelpunt14.com\/fr\/chambres-suites\/suite-avec-hydromassage\/#primaryimage\",\"url\":\"https:\/\/hotelpunt14.com\/wp-content\/uploads\/suite-hidromasaje-motel-punt-14-6-1.png\",\"contentUrl\":\"https:\/\/hotelpunt14.com\/wp-content\/uploads\/suite-hidromasaje-motel-punt-14-6-1.png\",\"width\":1280,\"height\":853},{\"@type\":\"BreadcrumbList\",\"@id\":\"https:\/\/hotelpunt14.com\/fr\/chambres-suites\/suite-avec-hydromassage\/#breadcrumb\",\"itemListElement\":[{\"@type\":\"ListItem\",\"position\":1,\"name\":\"Inici\",\"item\":\"https:\/\/hotelpunt14.com\/fr\/\"},{\"@type\":\"ListItem\",\"position\":2,\"name\":\"Chambres et Suites\",\"item\":\"https:\/\/hotelpunt14.com\/fr\/chambres-suites\/\"},{\"@type\":\"ListItem\",\"position\":3,\"name\":\"Suite avec hydromassage\"}]},{\"@type\":\"WebSite\",\"@id\":\"https:\/\/hotelpunt14.com\/#website\",\"url\":\"https:\/\/hotelpunt14.com\/\",\"name\":\"Motel Punt14\",\"description\":\"Chambres \u00e0 l&#039;heure \u00e0 Barcelone\",\"potentialAction\":[{\"@type\":\"SearchAction\",\"target\":{\"@type\":\"EntryPoint\",\"urlTemplate\":\"https:\/\/hotelpunt14.com\/?s={search_term_string}\"},\"query-input\":{\"@type\":\"PropertyValueSpecification\",\"valueRequired\":true,\"valueName\":\"search_term_string\"}}],\"inLanguage\":\"fr-FR\"}]}<\/script>\r\n<!-- \/ Yoast SEO plugin. -->","yoast_head_json":{"title":"Suite avec hydromassage \u00e0 Barcelone | H\u00f4tel Punt14","description":"Hotel suites with hydromassage in the room. Romantic plan for couples in Barcelona. Free private parking. Open all year round.","robots":{"index":"index","follow":"follow","max-snippet":"max-snippet:-1","max-image-preview":"max-image-preview:large","max-video-preview":"max-video-preview:-1"},"canonical":"https:\/\/hotelpunt14.com\/fr\/chambres-suites\/suite-avec-hydromassage\/","og_locale":"fr_FR","og_type":"article","og_title":"Suite avec hydromassage \u00e0 Barcelone | H\u00f4tel Punt14","og_description":"Hotel suites with hydromassage in the room. Romantic plan for couples in Barcelona. Free private parking. Open all year round.","og_url":"https:\/\/hotelpunt14.com\/fr\/chambres-suites\/suite-avec-hydromassage\/","og_site_name":"Motel Punt14","article_modified_time":"2025-05-30T10:37:00+00:00","og_image":[{"width":1280,"height":853,"url":"https:\/\/hotelpunt14.com\/wp-content\/uploads\/suite-hidromasaje-motel-punt-14-6-1.png","type":"image\/png"}],"twitter_card":"summary_large_image","twitter_misc":{"Dur\u00e9e de lecture estim\u00e9e":"3 minutes"},"schema":{"@context":"https:\/\/schema.org","@graph":[{"@type":"WebPage","@id":"https:\/\/hotelpunt14.com\/fr\/chambres-suites\/suite-avec-hydromassage\/","url":"https:\/\/hotelpunt14.com\/fr\/chambres-suites\/suite-avec-hydromassage\/","name":"Suite avec hydromassage \u00e0 Barcelone | H\u00f4tel Punt14","isPartOf":{"@id":"https:\/\/hotelpunt14.com\/#website"},"primaryImageOfPage":{"@id":"https:\/\/hotelpunt14.com\/fr\/chambres-suites\/suite-avec-hydromassage\/#primaryimage"},"image":{"@id":"https:\/\/hotelpunt14.com\/fr\/chambres-suites\/suite-avec-hydromassage\/#primaryimage"},"thumbnailUrl":"https:\/\/hotelpunt14.com\/wp-content\/uploads\/suite-hidromasaje-motel-punt-14-6-1.png","datePublished":"2023-04-26T12:55:34+00:00","dateModified":"2025-05-30T10:37:00+00:00","description":"Hotel suites with hydromassage in the room. Romantic plan for couples in Barcelona. Free private parking. Open all year round.","breadcrumb":{"@id":"https:\/\/hotelpunt14.com\/fr\/chambres-suites\/suite-avec-hydromassage\/#breadcrumb"},"inLanguage":"fr-FR","potentialAction":[{"@type":"ReadAction","target":["https:\/\/hotelpunt14.com\/fr\/chambres-suites\/suite-avec-hydromassage\/"]}]},{"@type":"ImageObject","inLanguage":"fr-FR","@id":"https:\/\/hotelpunt14.com\/fr\/chambres-suites\/suite-avec-hydromassage\/#primaryimage","url":"https:\/\/hotelpunt14.com\/wp-content\/uploads\/suite-hidromasaje-motel-punt-14-6-1.png","contentUrl":"https:\/\/hotelpunt14.com\/wp-content\/uploads\/suite-hidromasaje-motel-punt-14-6-1.png","width":1280,"height":853},{"@type":"BreadcrumbList","@id":"https:\/\/hotelpunt14.com\/fr\/chambres-suites\/suite-avec-hydromassage\/#breadcrumb","itemListElement":[{"@type":"ListItem","position":1,"name":"Inici","item":"https:\/\/hotelpunt14.com\/fr\/"},{"@type":"ListItem","position":2,"name":"Chambres et Suites","item":"https:\/\/hotelpunt14.com\/fr\/chambres-suites\/"},{"@type":"ListItem","position":3,"name":"Suite avec hydromassage"}]},{"@type":"WebSite","@id":"https:\/\/hotelpunt14.com\/#website","url":"https:\/\/hotelpunt14.com\/","name":"Motel Punt14","description":"Chambres \u00e0 l&#039;heure \u00e0 Barcelone","potentialAction":[{"@type":"SearchAction","target":{"@type":"EntryPoint","urlTemplate":"https:\/\/hotelpunt14.com\/?s={search_term_string}"},"query-input":{"@type":"PropertyValueSpecification","valueRequired":true,"valueName":"search_term_string"}}],"inLanguage":"fr-FR"}]}},"_links":{"self":[{"href":"https:\/\/hotelpunt14.com\/fr\/wp-json\/wp\/v2\/pages\/2136","targetHints":{"allow":["GET"]}}],"collection":[{"href":"https:\/\/hotelpunt14.com\/fr\/wp-json\/wp\/v2\/pages"}],"about":[{"href":"https:\/\/hotelpunt14.com\/fr\/wp-json\/wp\/v2\/types\/page"}],"author":[{"embeddable":true,"href":"https:\/\/hotelpunt14.com\/fr\/wp-json\/wp\/v2\/users\/4"}],"replies":[{"embeddable":true,"href":"https:\/\/hotelpunt14.com\/fr\/wp-json\/wp\/v2\/comments?post=2136"}],"version-history":[{"count":16,"href":"https:\/\/hotelpunt14.com\/fr\/wp-json\/wp\/v2\/pages\/2136\/revisions"}],"predecessor-version":[{"id":3103,"href":"https:\/\/hotelpunt14.com\/fr\/wp-json\/wp\/v2\/pages\/2136\/revisions\/3103"}],"up":[{"embeddable":true,"href":"https:\/\/hotelpunt14.com\/fr\/wp-json\/wp\/v2\/pages\/888"}],"wp:featuredmedia":[{"embeddable":true,"href":"https:\/\/hotelpunt14.com\/fr\/wp-json\/wp\/v2\/media\/2111"}],"wp:attachment":[{"href":"https:\/\/hotelpunt14.com\/fr\/wp-json\/wp\/v2\/media?parent=2136"}],"curies":[{"name":"wp","href":"https:\/\/api.w.org\/{rel}","templated":true}]}}