{"id":9,"date":"2013-06-07T17:24:02","date_gmt":"2013-06-07T17:24:02","guid":{"rendered":"https:\/\/hotelpunt14.com\/?page_id=9"},"modified":"2025-05-30T10:23:59","modified_gmt":"2025-05-30T10:23:59","slug":"reserves-hotel","status":"publish","type":"page","link":"https:\/\/hotelpunt14.com\/ca\/reserves-hotel\/","title":{"rendered":"Ubicaci\u00f3 i Contacte"},"content":{"rendered":"<div class=\"iconos-contacto\">\n<div class=\"servicio\">\n<p><img decoding=\"async\" src=\"\/wp-content\/uploads\/hotel-punt-14-servicio-habitaciones-copia.svg\" width=\"80\" \/><\/p>\n<h3>Tel\u00e8fon \/ WhatsApp<\/h3>\n<p><a href=\"0034936330284\">+34 936 330 284<\/a><br \/>\n<a href=\"https:\/\/wa.me\/0034696277727\">+34 696 27 77 27<\/a><\/p>\n<\/div>\n<div class=\"servicio\">\n<p><img decoding=\"async\" src=\"\/wp-content\/uploads\/hotel-punt-14-email.svg\" width=\"80\" \/><\/p>\n<h3>Correu Electr\u00f2nic<\/h3>\n<p><a href=\"mailto:info@hotelpunt14.com\">info@hotelpunt14.com<\/a><\/p>\n<\/div>\n<div class=\"servicio\">\n<p><img decoding=\"async\" src=\"\/wp-content\/uploads\/hotel-punt-14-ubicacion.svg\" width=\"65px\" \/><\/p>\n<h3>Direcci\u00f3<\/h3>\n<p><a href=\"https:\/\/maps.app.goo.gl\/camjYFQp3qt76E1fA\">Calle Josep Lluis Sert 44-48 | 08850 Gav\u00e0 | Barcelona | Espa\u00f1a<\/a><\/p>\n<\/div>\n<div class=\"servicio\">\n<p><img decoding=\"async\" src=\"\/wp-content\/uploads\/hotel-punt-14-parking.svg\" width=\"80\" \/><\/p>\n<h3>P\u00e0rquing<\/h3>\n<p>P\u00e0rquing gratu\u00eft disponible per a vehicles amb al\u00e7ada m\u00e0xima de 1,8 m<\/p>\n<\/div>\n<\/div>\n<h2><b>Formulari de contacte<\/b><\/h2>\n\n<div class=\"wpcf7 no-js\" id=\"wpcf7-f764-o1\" lang=\"ca\" dir=\"ltr\" data-wpcf7-id=\"764\">\n<div class=\"screen-reader-response\"><p role=\"status\" aria-live=\"polite\" aria-atomic=\"true\"><\/p> <ul><\/ul><\/div>\n<form action=\"\/ca\/wp-json\/wp\/v2\/pages\/9#wpcf7-f764-o1\" method=\"post\" class=\"wpcf7-form init\" aria-label=\"Formulari de contacte\" novalidate=\"novalidate\" data-status=\"init\">\n<div style=\"display: none;\">\n<input type=\"hidden\" name=\"_wpcf7\" value=\"764\" \/>\n<input type=\"hidden\" name=\"_wpcf7_version\" value=\"6.0.6\" \/>\n<input type=\"hidden\" name=\"_wpcf7_locale\" value=\"ca\" \/>\n<input type=\"hidden\" name=\"_wpcf7_unit_tag\" value=\"wpcf7-f764-o1\" \/>\n<input type=\"hidden\" name=\"_wpcf7_container_post\" value=\"0\" \/>\n<input type=\"hidden\" name=\"_wpcf7_posted_data_hash\" value=\"\" \/>\n<\/div>\n<p><span class=\"fila-triple\"><br \/>\n<label><span class=\"wpcf7-form-control-wrap\" data-name=\"nombre\"><input size=\"40\" maxlength=\"400\" class=\"wpcf7-form-control wpcf7-text wpcf7-validates-as-required\" aria-required=\"true\" aria-invalid=\"false\" placeholder=\"Nom *\" value=\"\" type=\"text\" name=\"nombre\" \/><\/span><\/label><br \/>\n<label><span class=\"wpcf7-form-control-wrap\" data-name=\"telefono\"><input size=\"40\" maxlength=\"400\" class=\"wpcf7-form-control wpcf7-tel wpcf7-text wpcf7-validates-as-tel\" aria-invalid=\"false\" placeholder=\"Tel\u00e8fon\" value=\"\" type=\"tel\" name=\"telefono\" \/><\/span><\/label><br \/>\n<label><span class=\"wpcf7-form-control-wrap\" data-name=\"correo\"><input size=\"40\" maxlength=\"400\" class=\"wpcf7-form-control wpcf7-email wpcf7-validates-as-required wpcf7-text wpcf7-validates-as-email\" aria-required=\"true\" aria-invalid=\"false\" placeholder=\"Correu electr\u00f2nic *\" value=\"\" type=\"email\" name=\"correo\" \/><\/span><\/label><br \/>\n<\/span>\n<\/p>\n<p><span class=\"fila-full\"><br \/>\n<label><span class=\"wpcf7-form-control-wrap\" data-name=\"mensaje\"><textarea cols=\"40\" rows=\"10\" maxlength=\"2000\" class=\"wpcf7-form-control wpcf7-textarea wpcf7-validates-as-required\" aria-required=\"true\" aria-invalid=\"false\" placeholder=\"Missatge *\" name=\"mensaje\"><\/textarea><\/span><\/label><br \/>\n<label class=\"privacidad\"><span class=\"wpcf7-form-control-wrap\" data-name=\"privacidad\"><span class=\"wpcf7-form-control wpcf7-acceptance\"><span class=\"wpcf7-list-item\"><input type=\"checkbox\" name=\"privacidad\" value=\"1\" aria-invalid=\"false\" \/><\/span><\/span><\/span> Enviant aquest missatge acceptes la nostra <a href=\"\/politica-de-privacidad\/\">pol\u00edtica de privacitat<\/a><\/label><br \/>\n<span id=\"wpcf7-69fc9a637f214-wrapper\" class=\"wpcf7-form-control-wrap email-wrap\" style=\"display:none !important; visibility:hidden !important;\"><label for=\"wpcf7-69fc9a637f214-field\" class=\"hp-message\">Deixeu aquest camp buit.<\/label><input id=\"wpcf7-69fc9a637f214-field\"  class=\"wpcf7-form-control wpcf7-text\" type=\"text\" name=\"email\" value=\"\" size=\"40\" tabindex=\"-1\" autocomplete=\"new-password\" \/><\/span><br \/>\n<input class=\"wpcf7-form-control wpcf7-submit has-spinner\" type=\"submit\" value=\"Enviar\" \/><br \/>\n<\/span>\n<\/p><div class=\"wpcf7-response-output\" aria-hidden=\"true\"><\/div>\n<\/form>\n<\/div>\n\n<h2><b>Ubicaci\u00f3<\/b><\/h2>\n<div class=\"map\"><iframe loading=\"lazy\" style=\"border: 0;\" src=\"https:\/\/www.google.com\/maps\/embed?pb=!1m18!1m12!1m3!1d80683.08961138278!2d2.0294645304310213!3d41.282770162305994!2m3!1f0!2f0!3f0!3m2!1i1024!2i768!4f13.1!3m3!1m2!1s0x12a4bd011e1caff7%3A0x1b5a9ce83256eac7!2sMotel%20Punt%2014!5e0!3m2!1ses!2ses!4v1738229953313!5m2!1ses!2ses\" width=\"100%\" height=\"100%\" allowfullscreen=\"allowfullscreen\"><\/iframe><\/div>\n","protected":false},"excerpt":{"rendered":"<p>Tel\u00e8fon \/ WhatsApp +34 936 330 284 +34 696 27 77 27 Correu Electr\u00f2nic info@hotelpunt14.com Direcci\u00f3 Calle Josep Lluis Sert 44-48 | 08850 Gav\u00e0 | Barcelona | Espa\u00f1a P\u00e0rquing P\u00e0rquing gratu\u00eft disponible per a vehicles amb al\u00e7ada m\u00e0xima de 1,8 m Formulari de contacte Ubicaci\u00f3<\/p>\n","protected":false},"author":5,"featured_media":2588,"parent":0,"menu_order":0,"comment_status":"closed","ping_status":"closed","template":"contacte.php","meta":{"_acf_changed":false,"footnotes":""},"class_list":["post-9","page","type-page","status-publish","has-post-thumbnail","hentry"],"acf":[],"yoast_head":"<!-- This site is optimized with the Yoast SEO plugin v25.3 - https:\/\/yoast.com\/wordpress\/plugins\/seo\/ -->\r\n<title>Reserves d&#039;hotel a Barcelona | Hotel Punt14<\/title>\r\n<meta name=\"description\" content=\"Reserva d\u00b4habitacions i suites d\u00b4hotel a prop de Barcelona a 5 minuts de l\u00b4aeroport i just al costat de les platges de Gav\u00e0 Mar i Castelldefels.\" \/>\r\n<meta name=\"robots\" content=\"index, follow, max-snippet:-1, max-image-preview:large, max-video-preview:-1\" \/>\r\n<link rel=\"canonical\" href=\"https:\/\/hotelpunt14.com\/ca\/reserves-hotel\/\" \/>\r\n<meta property=\"og:locale\" content=\"ca_ES\" \/>\r\n<meta property=\"og:type\" content=\"article\" \/>\r\n<meta property=\"og:title\" content=\"Reserves d&#039;hotel a Barcelona | Hotel Punt14\" \/>\r\n<meta property=\"og:description\" content=\"Reserva d\u00b4habitacions i suites d\u00b4hotel a prop de Barcelona a 5 minuts de l\u00b4aeroport i just al costat de les platges de Gav\u00e0 Mar i Castelldefels.\" \/>\r\n<meta property=\"og:url\" content=\"https:\/\/hotelpunt14.com\/ca\/reserves-hotel\/\" \/>\r\n<meta property=\"og:site_name\" content=\"Hotel Punt14\" \/>\r\n<meta property=\"article:modified_time\" content=\"2025-05-30T10:23:59+00:00\" \/>\r\n<meta property=\"og:image\" content=\"https:\/\/hotelpunt14.com\/wp-content\/uploads\/Punt14_Imatges_Front1.webp\" \/>\r\n\t<meta property=\"og:image:width\" content=\"1280\" \/>\r\n\t<meta property=\"og:image:height\" content=\"853\" \/>\r\n\t<meta property=\"og:image:type\" content=\"image\/webp\" \/>\r\n<meta name=\"twitter:card\" content=\"summary_large_image\" \/>\r\n<meta name=\"twitter:label1\" content=\"Temps estimat de lectura\" \/>\n\t<meta name=\"twitter:data1\" content=\"2 minuts\" \/>\r\n<script type=\"application\/ld+json\" class=\"yoast-schema-graph\">{\"@context\":\"https:\/\/schema.org\",\"@graph\":[{\"@type\":\"WebPage\",\"@id\":\"https:\/\/hotelpunt14.com\/ca\/reserves-hotel\/\",\"url\":\"https:\/\/hotelpunt14.com\/ca\/reserves-hotel\/\",\"name\":\"Reserves d'hotel a Barcelona | Hotel Punt14\",\"isPartOf\":{\"@id\":\"https:\/\/hotelpunt14.com\/#website\"},\"primaryImageOfPage\":{\"@id\":\"https:\/\/hotelpunt14.com\/ca\/reserves-hotel\/#primaryimage\"},\"image\":{\"@id\":\"https:\/\/hotelpunt14.com\/ca\/reserves-hotel\/#primaryimage\"},\"thumbnailUrl\":\"https:\/\/hotelpunt14.com\/wp-content\/uploads\/Punt14_Imatges_Front1.webp\",\"datePublished\":\"2013-06-07T17:24:02+00:00\",\"dateModified\":\"2025-05-30T10:23:59+00:00\",\"description\":\"Reserva d\u00b4habitacions i suites d\u00b4hotel a prop de Barcelona a 5 minuts de l\u00b4aeroport i just al costat de les platges de Gav\u00e0 Mar i Castelldefels.\",\"breadcrumb\":{\"@id\":\"https:\/\/hotelpunt14.com\/ca\/reserves-hotel\/#breadcrumb\"},\"inLanguage\":\"ca\",\"potentialAction\":[{\"@type\":\"ReadAction\",\"target\":[\"https:\/\/hotelpunt14.com\/ca\/reserves-hotel\/\"]}]},{\"@type\":\"ImageObject\",\"inLanguage\":\"ca\",\"@id\":\"https:\/\/hotelpunt14.com\/ca\/reserves-hotel\/#primaryimage\",\"url\":\"https:\/\/hotelpunt14.com\/wp-content\/uploads\/Punt14_Imatges_Front1.webp\",\"contentUrl\":\"https:\/\/hotelpunt14.com\/wp-content\/uploads\/Punt14_Imatges_Front1.webp\",\"width\":1280,\"height\":853,\"caption\":\"Hotel cerca de Barcelona\"},{\"@type\":\"BreadcrumbList\",\"@id\":\"https:\/\/hotelpunt14.com\/ca\/reserves-hotel\/#breadcrumb\",\"itemListElement\":[{\"@type\":\"ListItem\",\"position\":1,\"name\":\"Inici\",\"item\":\"https:\/\/hotelpunt14.com\/ca\/\"},{\"@type\":\"ListItem\",\"position\":2,\"name\":\"Ubicaci\u00f3 i Contacte\"}]},{\"@type\":\"WebSite\",\"@id\":\"https:\/\/hotelpunt14.com\/#website\",\"url\":\"https:\/\/hotelpunt14.com\/\",\"name\":\"Hotel Punt14\",\"description\":\"Hotel a prop de l&#039;aeroport de Barcelona, \u200b\u200ba 15 minuts de la ciutat i al costat de les platges de Gav\u00e0 i Castelldefels.\",\"potentialAction\":[{\"@type\":\"SearchAction\",\"target\":{\"@type\":\"EntryPoint\",\"urlTemplate\":\"https:\/\/hotelpunt14.com\/?s={search_term_string}\"},\"query-input\":{\"@type\":\"PropertyValueSpecification\",\"valueRequired\":true,\"valueName\":\"search_term_string\"}}],\"inLanguage\":\"ca\"}]}<\/script>\r\n<!-- \/ Yoast SEO plugin. -->","yoast_head_json":{"title":"Reserves d'hotel a Barcelona | Hotel Punt14","description":"Reserva d\u00b4habitacions i suites d\u00b4hotel a prop de Barcelona a 5 minuts de l\u00b4aeroport i just al costat de les platges de Gav\u00e0 Mar i Castelldefels.","robots":{"index":"index","follow":"follow","max-snippet":"max-snippet:-1","max-image-preview":"max-image-preview:large","max-video-preview":"max-video-preview:-1"},"canonical":"https:\/\/hotelpunt14.com\/ca\/reserves-hotel\/","og_locale":"ca_ES","og_type":"article","og_title":"Reserves d'hotel a Barcelona | Hotel Punt14","og_description":"Reserva d\u00b4habitacions i suites d\u00b4hotel a prop de Barcelona a 5 minuts de l\u00b4aeroport i just al costat de les platges de Gav\u00e0 Mar i Castelldefels.","og_url":"https:\/\/hotelpunt14.com\/ca\/reserves-hotel\/","og_site_name":"Hotel Punt14","article_modified_time":"2025-05-30T10:23:59+00:00","og_image":[{"width":1280,"height":853,"url":"https:\/\/hotelpunt14.com\/wp-content\/uploads\/Punt14_Imatges_Front1.webp","type":"image\/webp"}],"twitter_card":"summary_large_image","twitter_misc":{"Temps estimat de lectura":"2 minuts"},"schema":{"@context":"https:\/\/schema.org","@graph":[{"@type":"WebPage","@id":"https:\/\/hotelpunt14.com\/ca\/reserves-hotel\/","url":"https:\/\/hotelpunt14.com\/ca\/reserves-hotel\/","name":"Reserves d'hotel a Barcelona | Hotel Punt14","isPartOf":{"@id":"https:\/\/hotelpunt14.com\/#website"},"primaryImageOfPage":{"@id":"https:\/\/hotelpunt14.com\/ca\/reserves-hotel\/#primaryimage"},"image":{"@id":"https:\/\/hotelpunt14.com\/ca\/reserves-hotel\/#primaryimage"},"thumbnailUrl":"https:\/\/hotelpunt14.com\/wp-content\/uploads\/Punt14_Imatges_Front1.webp","datePublished":"2013-06-07T17:24:02+00:00","dateModified":"2025-05-30T10:23:59+00:00","description":"Reserva d\u00b4habitacions i suites d\u00b4hotel a prop de Barcelona a 5 minuts de l\u00b4aeroport i just al costat de les platges de Gav\u00e0 Mar i Castelldefels.","breadcrumb":{"@id":"https:\/\/hotelpunt14.com\/ca\/reserves-hotel\/#breadcrumb"},"inLanguage":"ca","potentialAction":[{"@type":"ReadAction","target":["https:\/\/hotelpunt14.com\/ca\/reserves-hotel\/"]}]},{"@type":"ImageObject","inLanguage":"ca","@id":"https:\/\/hotelpunt14.com\/ca\/reserves-hotel\/#primaryimage","url":"https:\/\/hotelpunt14.com\/wp-content\/uploads\/Punt14_Imatges_Front1.webp","contentUrl":"https:\/\/hotelpunt14.com\/wp-content\/uploads\/Punt14_Imatges_Front1.webp","width":1280,"height":853,"caption":"Hotel cerca de Barcelona"},{"@type":"BreadcrumbList","@id":"https:\/\/hotelpunt14.com\/ca\/reserves-hotel\/#breadcrumb","itemListElement":[{"@type":"ListItem","position":1,"name":"Inici","item":"https:\/\/hotelpunt14.com\/ca\/"},{"@type":"ListItem","position":2,"name":"Ubicaci\u00f3 i Contacte"}]},{"@type":"WebSite","@id":"https:\/\/hotelpunt14.com\/#website","url":"https:\/\/hotelpunt14.com\/","name":"Hotel Punt14","description":"Hotel a prop de l&#039;aeroport de Barcelona, \u200b\u200ba 15 minuts de la ciutat i al costat de les platges de Gav\u00e0 i Castelldefels.","potentialAction":[{"@type":"SearchAction","target":{"@type":"EntryPoint","urlTemplate":"https:\/\/hotelpunt14.com\/?s={search_term_string}"},"query-input":{"@type":"PropertyValueSpecification","valueRequired":true,"valueName":"search_term_string"}}],"inLanguage":"ca"}]}},"_links":{"self":[{"href":"https:\/\/hotelpunt14.com\/ca\/wp-json\/wp\/v2\/pages\/9","targetHints":{"allow":["GET"]}}],"collection":[{"href":"https:\/\/hotelpunt14.com\/ca\/wp-json\/wp\/v2\/pages"}],"about":[{"href":"https:\/\/hotelpunt14.com\/ca\/wp-json\/wp\/v2\/types\/page"}],"author":[{"embeddable":true,"href":"https:\/\/hotelpunt14.com\/ca\/wp-json\/wp\/v2\/users\/5"}],"replies":[{"embeddable":true,"href":"https:\/\/hotelpunt14.com\/ca\/wp-json\/wp\/v2\/comments?post=9"}],"version-history":[{"count":62,"href":"https:\/\/hotelpunt14.com\/ca\/wp-json\/wp\/v2\/pages\/9\/revisions"}],"predecessor-version":[{"id":3166,"href":"https:\/\/hotelpunt14.com\/ca\/wp-json\/wp\/v2\/pages\/9\/revisions\/3166"}],"wp:featuredmedia":[{"embeddable":true,"href":"https:\/\/hotelpunt14.com\/ca\/wp-json\/wp\/v2\/media\/2588"}],"wp:attachment":[{"href":"https:\/\/hotelpunt14.com\/ca\/wp-json\/wp\/v2\/media?parent=9"}],"curies":[{"name":"wp","href":"https:\/\/api.w.org\/{rel}","templated":true}]}}