{"id":852,"date":"2016-02-16T13:47:35","date_gmt":"2016-02-16T13:47:35","guid":{"rendered":"https:\/\/hotelpunt14.com\/frequent-unanswered-questions\/"},"modified":"2025-08-15T07:18:11","modified_gmt":"2025-08-15T07:18:11","slug":"preguntes-frequents","status":"publish","type":"page","link":"https:\/\/hotelpunt14.com\/ca\/preguntes-frequents\/","title":{"rendered":"Preguntes freq\u00fcents"},"content":{"rendered":"<div class=\"faq-container\">\n<div class=\"faq-item\">\n<button class=\"faq-question\"><\/p>\n<h3>Hora d&#8217;entrada i sortida de l&#8217;hotel<\/h3>\n<p><span class=\"icon\">+<\/span><\/button><\/p>\n<div class=\"faq-answer\">\n<p>Pots fer el check-in a partir de les 14.00 i el check-out fins a les 12.00.Possibilitat de early check-in i late chack-out segons disponibilitat.<\/p>\n<\/div>\n<\/div>\n<div class=\"faq-item\">\n<button class=\"faq-question\"><\/p>\n<h3>Molt a prop de l&#8217;aeroport Josep Tarradellas &#8211; El Prat<\/h3>\n<p><span class=\"icon\">+<\/span><\/button><\/p>\n<div class=\"faq-answer\">\n<p>A nom\u00e9s 9 min (8,4 Km) de dist\u00e0ncia . Acc\u00e9s des de l&#8217;aeroport i amb cotxe.<\/p>\n<\/div>\n<\/div>\n<div class=\"faq-item\">\n<button class=\"faq-question\"><\/p>\n<h3>Molt a prop de la platja<\/h3>\n<p><span class=\"icon\">+<\/span><\/button><\/p>\n<div class=\"faq-answer\">\n<p>A nom\u00e9s 1,5 km i a 4 min de dist\u00e0ncia amb cotxe i a 20 min a peu de les reconegudes platges de Gav\u00e0.<\/p>\n<\/div>\n<\/div>\n<div class=\"faq-item\">\n<button class=\"faq-question\"><\/p>\n<h3>Molt a prop de la Fira<\/h3>\n<p><span class=\"icon\">+<\/span><\/button><\/p>\n<div class=\"faq-answer\">\n<p>A nom\u00e9s 14 min (15\u20186 Km) amb cotxe.<\/p>\n<\/div>\n<\/div>\n<div class=\"faq-item\">\n<button class=\"faq-question\"><\/p>\n<h3>\u00c9s possible aparcar a l&#8217;hotel?<\/h3>\n<p><span class=\"icon\">+<\/span><\/button><\/p>\n<div class=\"faq-answer\">\n<p>S\u00ed. Disposem de p\u00e0rquing privat i vigilat al mateix edifici, sense cost addicional. L&#8217;altura m\u00e0xima permesa \u00e9s de 1,85 m; si el vostre vehicle supera aquesta al\u00e7ada, si us plau, comuniqueu-nos-ho i us oferirem una alternativa d&#8217;aparcament dins de les instal\u00b7lacions de l&#8217;hotel.<\/p>\n<\/div>\n<\/div>\n<div class=\"faq-item\">\n<button class=\"faq-question\"><\/p>\n<h3>Hi ha punts de c\u00e0rrega per a cotxes el\u00e8ctrics?<\/h3>\n<p><span class=\"icon\">+<\/span><\/button><\/p>\n<div class=\"faq-answer\">\n<p>S\u00ed, disposem de dos punts de c\u00e0rrega semi-r\u00e0pida disponibles al nostre p\u00e0rquing privat. El servei \u00e9s de pagament a trav\u00e9s de l&#8217;app MundoGalp.<\/p>\n<\/div>\n<\/div>\n<div class=\"faq-item\">\n<button class=\"faq-question\"><\/p>\n<h3>S\u2019ofereix servei d\u2019esmorzar?<\/h3>\n<p><span class=\"icon\">+<\/span><\/button><\/p>\n<div class=\"faq-answer\">\n<p>S\u00ed. Disposem de packs d&#8217;esmorzar complets i saludables a un preu competitiu, ideals tant per gaudir a l&#8217;hotel com per emportar-se. Actualment, la sala d&#8217;esmorzars no est\u00e0 disponible, per la qual cosa oferim la comoditat de servir l&#8217;esmorzar a la vostra habitaci\u00f3 sense cap cost addicional.<br \/>\nA m\u00e9s, a la planta de Recepci\u00f3 trobareu un servei de caf\u00e8 i te gratu\u00eft.<\/p>\n<\/div>\n<\/div>\n<div class=\"faq-item\">\n<button class=\"faq-question\"><\/p>\n<h3>Qu\u00e8 \u00e9s un hotel Adults Only?<\/h3>\n<p><span class=\"icon\">+<\/span><\/button><\/p>\n<div class=\"faq-answer\">\n<p>\u00c9s un hotel exclusiu per a adults, on l\u2019edat m\u00ednima per fer el check-in \u00e9s de 18 anys. No comptem amb habitacions familiars ni amb llits per a infants o bressols.<\/p>\n<\/div>\n<\/div>\n<div class=\"faq-item\">\n<button class=\"faq-question\"><\/p>\n<h3>He de mostrar el meu DNI?<\/h3>\n<p><span class=\"icon\">+<\/span><\/button><\/p>\n<div class=\"faq-answer\">\n<p>S\u00ed. La presentaci\u00f3 d\u2019un document d\u2019identificaci\u00f3 v\u00e0lid \u00e9s obligat\u00f2ria per a totes les persones que s\u2019inscriguin en un hotel.<\/p>\n<\/div>\n<\/div>\n<div class=\"faq-item\">\n<button class=\"faq-question\"><\/p>\n<h3>Qu\u00e8 \u00e9s un servei Day Use o per hores?<\/h3>\n<p><span class=\"icon\">+<\/span><\/button><\/p>\n<div class=\"faq-answer\">\n<p>\u00c9s l\u2019opci\u00f3 de llogar una habitaci\u00f3 a un preu m\u00e9s econ\u00f2mic, nom\u00e9s pel temps que necessiteu. Podeu triar lliurement l\u2019hora d\u2019entrada i sortida, adaptant-vos a les vostres necessitats.<\/p>\n<\/div>\n<\/div>\n<div class=\"faq-item\">\n<button class=\"faq-question\"><\/p>\n<h3>Hi ha servei de transport a l&#8217;aeroport?<\/h3>\n<p><span class=\"icon\">+<\/span><\/button><\/p>\n<div class=\"faq-answer\">\n<p>No comptem amb un servei de transport propi, per\u00f2 podem posar-vos en contacte, sense cost addicional, amb ag\u00e8ncies que ofereixen aquest servei.<\/p>\n<\/div>\n<\/div>\n<div class=\"faq-item\">\n<button class=\"faq-question\"><\/p>\n<h3>Hi ha habitacions per a no fumadors?<\/h3>\n<p><span class=\"icon\">+<\/span><\/button><\/p>\n<div class=\"faq-answer\">\n<p>S\u00ed, totes les nostres categories d&#8217;habitacions inclouen opcions per a no fumadors, garantint una estada agradable i lliure de fum.<\/p>\n<\/div>\n<\/div>\n<div class=\"faq-item\">\n<button class=\"faq-question\"><\/p>\n<h3>S&#8217;accepten mascotes?<\/h3>\n<p><span class=\"icon\">+<\/span><\/button><\/p>\n<div class=\"faq-answer\">\n<p>No, lamentablement no acceptem mascotes a l\u2019hotel.<\/p>\n<\/div>\n<\/div>\n<div class=\"faq-item\">\n<button class=\"faq-question\"><\/p>\n<h3><b>Tinc m\u00e9s dubtes&#8230;<\/b><\/h3>\n<p><span class=\"icon\">+<\/span><\/button><\/p>\n<div class=\"faq-answer\">\n<p>Posa\u2019t en contacte amb nosaltres a trav\u00e9s del correu electr\u00f2nic <a href=\"mailto:info@motelpuntcatorze.com\">info@motelpuntcatorze.com<\/a> o trucant al <a href=\"tel:+346330284\">93 633 02 84<\/a> i estarem encantats de resoldre tots els teus dubtes.<\/p>\n<\/div>\n<\/div>\n<\/div>\n<p>&nbsp;<\/p>\n<h2 style=\"text-align: left;\">Acc\u00e9s a l&#8217;hotel<\/h2>\n<p style=\"text-align: left;\"><strong>Des de l&#8217;aeroport Josep Tarradellas Barcelona-el Prat<\/strong> &#8211; Amb cotxe &#8211; 9 min (8,4 km)<\/p>\n<ul style=\"text-align: left;\">Pren l&#8217;autovia de Castelldefels\/C-31 a Viladecans des d&#8217;Av. de l&#8217;Aeroport. 3 min (2,2 km)<\/ul>\n<ul style=\"text-align: left;\">Segueix per l&#8217;autovia de Castelldefels\/C-31 cap a Gav\u00e0. Presa la sortida cap a Gav\u00e0 des d&#8217;autovia de Castelldefels\/C-31. 3 min (4,8 km)<\/ul>\n<ul style=\"text-align: left;\">Pren cam\u00ed de la Pineda i carrer de la ciutat del Rep\u00f2s cap a carrer de Josep Llu\u00eds Sert. 3 min (1,4 km)<\/ul>\n<ul style=\"text-align: left;\">Motel Punt 14 Carrer de Josep Llu\u00eds Sert, 48, 08850 Gav\u00e0, Barcelona<\/ul>\n<p style=\"text-align: left;\"><strong>Des de l&#8217;aeroport Josep Tarradellas Barcelona-El Prat (T1)<\/strong> &#8211; En transport p\u00fablic (autob\u00fas) &#8211; 29 min (8,4 km)<\/p>\n<ul style=\"text-align: left;\">L77 cap a Av. Europa &#8211; Av. de la Mar. 12 min (2 parades) &#8211; N\u00fam. Parada 109197<\/ul>\n<ul style=\"text-align: left;\">Av. Europa &#8211; Av. de la Mar. 17 minuts a peu, aproximadament (1,3 km)<\/ul>\n<ul style=\"text-align: left;\">Hotel Punt 14 Carrer de Josep Llu\u00eds Sert, 48, 08850 Gav\u00e0, Barcelona<\/ul>\n<p style=\"text-align: left;\">\n","protected":false},"excerpt":{"rendered":"<p>Hora d&#8217;entrada i sortida de l&#8217;hotel + Pots fer el check-in a partir de les 14.00 i el check-out fins a les 12.00.Possibilitat de early check-in i late chack-out segons disponibilitat. Molt a prop de l&#8217;aeroport Josep Tarradellas &#8211; El Prat + A nom\u00e9s 9 min (8,4 Km) de dist\u00e0ncia . Acc\u00e9s des de l&#8217;aeroport [&hellip;]<\/p>\n","protected":false},"author":5,"featured_media":0,"parent":0,"menu_order":0,"comment_status":"closed","ping_status":"closed","template":"","meta":{"_acf_changed":false,"footnotes":""},"class_list":["post-852","page","type-page","status-publish","hentry"],"acf":[],"yoast_head":"<!-- This site is optimized with the Yoast SEO plugin v25.3 - https:\/\/yoast.com\/wordpress\/plugins\/seo\/ -->\r\n<title>Hotels i apartaments per hores Barcelona | Hotel Punt14<\/title>\r\n<meta name=\"description\" content=\"Hotel per hores ideal per a trobades de parella rom\u00e0ntiques. Hotel rom\u00e0ntic per a parelles per hores amb garantia de privacitat. Aparcament gratu\u00eft. Servei d&#039;habitacions 24 h. Obert tot l&#039;any.\" \/>\r\n<meta name=\"robots\" content=\"index, follow, max-snippet:-1, max-image-preview:large, max-video-preview:-1\" \/>\r\n<link rel=\"canonical\" href=\"https:\/\/hotelpunt14.com\/ca\/preguntes-frequents\/\" \/>\r\n<meta property=\"og:locale\" content=\"ca_ES\" \/>\r\n<meta property=\"og:type\" content=\"article\" \/>\r\n<meta property=\"og:title\" content=\"Hotels i apartaments per hores Barcelona | Hotel Punt14\" \/>\r\n<meta property=\"og:description\" content=\"Hotel per hores ideal per a trobades de parella rom\u00e0ntiques. Hotel rom\u00e0ntic per a parelles per hores amb garantia de privacitat. Aparcament gratu\u00eft. Servei d&#039;habitacions 24 h. Obert tot l&#039;any.\" \/>\r\n<meta property=\"og:url\" content=\"https:\/\/hotelpunt14.com\/ca\/preguntes-frequents\/\" \/>\r\n<meta property=\"og:site_name\" content=\"Hotel Punt14\" \/>\r\n<meta property=\"article:modified_time\" content=\"2025-08-15T07:18:11+00:00\" \/>\r\n<meta name=\"twitter:card\" content=\"summary_large_image\" \/>\r\n<meta name=\"twitter:label1\" content=\"Temps estimat de lectura\" \/>\n\t<meta name=\"twitter:data1\" content=\"3 minuts\" \/>\r\n<script type=\"application\/ld+json\" class=\"yoast-schema-graph\">{\"@context\":\"https:\/\/schema.org\",\"@graph\":[{\"@type\":\"WebPage\",\"@id\":\"https:\/\/hotelpunt14.com\/ca\/preguntes-frequents\/\",\"url\":\"https:\/\/hotelpunt14.com\/ca\/preguntes-frequents\/\",\"name\":\"Hotels i apartaments per hores Barcelona | Hotel Punt14\",\"isPartOf\":{\"@id\":\"https:\/\/hotelpunt14.com\/#website\"},\"datePublished\":\"2016-02-16T13:47:35+00:00\",\"dateModified\":\"2025-08-15T07:18:11+00:00\",\"description\":\"Hotel per hores ideal per a trobades de parella rom\u00e0ntiques. Hotel rom\u00e0ntic per a parelles per hores amb garantia de privacitat. Aparcament gratu\u00eft. Servei d'habitacions 24 h. Obert tot l'any.\",\"breadcrumb\":{\"@id\":\"https:\/\/hotelpunt14.com\/ca\/preguntes-frequents\/#breadcrumb\"},\"inLanguage\":\"ca\",\"potentialAction\":[{\"@type\":\"ReadAction\",\"target\":[\"https:\/\/hotelpunt14.com\/ca\/preguntes-frequents\/\"]}]},{\"@type\":\"BreadcrumbList\",\"@id\":\"https:\/\/hotelpunt14.com\/ca\/preguntes-frequents\/#breadcrumb\",\"itemListElement\":[{\"@type\":\"ListItem\",\"position\":1,\"name\":\"Inici\",\"item\":\"https:\/\/hotelpunt14.com\/ca\/\"},{\"@type\":\"ListItem\",\"position\":2,\"name\":\"Preguntes freq\u00fcents\"}]},{\"@type\":\"WebSite\",\"@id\":\"https:\/\/hotelpunt14.com\/#website\",\"url\":\"https:\/\/hotelpunt14.com\/\",\"name\":\"Hotel Punt14\",\"description\":\"Hotel a prop de l&#039;aeroport de Barcelona, \u200b\u200ba 15 minuts de la ciutat i al costat de les platges de Gav\u00e0 i Castelldefels.\",\"potentialAction\":[{\"@type\":\"SearchAction\",\"target\":{\"@type\":\"EntryPoint\",\"urlTemplate\":\"https:\/\/hotelpunt14.com\/?s={search_term_string}\"},\"query-input\":{\"@type\":\"PropertyValueSpecification\",\"valueRequired\":true,\"valueName\":\"search_term_string\"}}],\"inLanguage\":\"ca\"}]}<\/script>\r\n<!-- \/ Yoast SEO plugin. -->","yoast_head_json":{"title":"Hotels i apartaments per hores Barcelona | Hotel Punt14","description":"Hotel per hores ideal per a trobades de parella rom\u00e0ntiques. Hotel rom\u00e0ntic per a parelles per hores amb garantia de privacitat. Aparcament gratu\u00eft. Servei d'habitacions 24 h. Obert tot l'any.","robots":{"index":"index","follow":"follow","max-snippet":"max-snippet:-1","max-image-preview":"max-image-preview:large","max-video-preview":"max-video-preview:-1"},"canonical":"https:\/\/hotelpunt14.com\/ca\/preguntes-frequents\/","og_locale":"ca_ES","og_type":"article","og_title":"Hotels i apartaments per hores Barcelona | Hotel Punt14","og_description":"Hotel per hores ideal per a trobades de parella rom\u00e0ntiques. Hotel rom\u00e0ntic per a parelles per hores amb garantia de privacitat. Aparcament gratu\u00eft. Servei d'habitacions 24 h. Obert tot l'any.","og_url":"https:\/\/hotelpunt14.com\/ca\/preguntes-frequents\/","og_site_name":"Hotel Punt14","article_modified_time":"2025-08-15T07:18:11+00:00","twitter_card":"summary_large_image","twitter_misc":{"Temps estimat de lectura":"3 minuts"},"schema":{"@context":"https:\/\/schema.org","@graph":[{"@type":"WebPage","@id":"https:\/\/hotelpunt14.com\/ca\/preguntes-frequents\/","url":"https:\/\/hotelpunt14.com\/ca\/preguntes-frequents\/","name":"Hotels i apartaments per hores Barcelona | Hotel Punt14","isPartOf":{"@id":"https:\/\/hotelpunt14.com\/#website"},"datePublished":"2016-02-16T13:47:35+00:00","dateModified":"2025-08-15T07:18:11+00:00","description":"Hotel per hores ideal per a trobades de parella rom\u00e0ntiques. Hotel rom\u00e0ntic per a parelles per hores amb garantia de privacitat. Aparcament gratu\u00eft. Servei d'habitacions 24 h. Obert tot l'any.","breadcrumb":{"@id":"https:\/\/hotelpunt14.com\/ca\/preguntes-frequents\/#breadcrumb"},"inLanguage":"ca","potentialAction":[{"@type":"ReadAction","target":["https:\/\/hotelpunt14.com\/ca\/preguntes-frequents\/"]}]},{"@type":"BreadcrumbList","@id":"https:\/\/hotelpunt14.com\/ca\/preguntes-frequents\/#breadcrumb","itemListElement":[{"@type":"ListItem","position":1,"name":"Inici","item":"https:\/\/hotelpunt14.com\/ca\/"},{"@type":"ListItem","position":2,"name":"Preguntes freq\u00fcents"}]},{"@type":"WebSite","@id":"https:\/\/hotelpunt14.com\/#website","url":"https:\/\/hotelpunt14.com\/","name":"Hotel Punt14","description":"Hotel a prop de l&#039;aeroport de Barcelona, \u200b\u200ba 15 minuts de la ciutat i al costat de les platges de Gav\u00e0 i Castelldefels.","potentialAction":[{"@type":"SearchAction","target":{"@type":"EntryPoint","urlTemplate":"https:\/\/hotelpunt14.com\/?s={search_term_string}"},"query-input":{"@type":"PropertyValueSpecification","valueRequired":true,"valueName":"search_term_string"}}],"inLanguage":"ca"}]}},"_links":{"self":[{"href":"https:\/\/hotelpunt14.com\/ca\/wp-json\/wp\/v2\/pages\/852","targetHints":{"allow":["GET"]}}],"collection":[{"href":"https:\/\/hotelpunt14.com\/ca\/wp-json\/wp\/v2\/pages"}],"about":[{"href":"https:\/\/hotelpunt14.com\/ca\/wp-json\/wp\/v2\/types\/page"}],"author":[{"embeddable":true,"href":"https:\/\/hotelpunt14.com\/ca\/wp-json\/wp\/v2\/users\/5"}],"replies":[{"embeddable":true,"href":"https:\/\/hotelpunt14.com\/ca\/wp-json\/wp\/v2\/comments?post=852"}],"version-history":[{"count":24,"href":"https:\/\/hotelpunt14.com\/ca\/wp-json\/wp\/v2\/pages\/852\/revisions"}],"predecessor-version":[{"id":3200,"href":"https:\/\/hotelpunt14.com\/ca\/wp-json\/wp\/v2\/pages\/852\/revisions\/3200"}],"wp:attachment":[{"href":"https:\/\/hotelpunt14.com\/ca\/wp-json\/wp\/v2\/media?parent=852"}],"curies":[{"name":"wp","href":"https:\/\/api.w.org\/{rel}","templated":true}]}}