{"id":27,"date":"2013-06-07T17:44:49","date_gmt":"2013-06-07T17:44:49","guid":{"rendered":"https:\/\/hotelpunt14.com\/?page_id=27"},"modified":"2025-05-30T10:21:13","modified_gmt":"2025-05-30T10:21:13","slug":"estandard","status":"publish","type":"page","link":"https:\/\/hotelpunt14.com\/ca\/habitacions\/estandard\/","title":{"rendered":"Est\u00e0ndard"},"content":{"rendered":"<p>Habitaci\u00f3 amplia, amb llit Queen Size molt comfortable i un bany amb dutxa i banyera. Cadires, armari, tv, wifi i petit escriptori.<\/p>\r\n<p>&nbsp;<\/p>\r\n\r\n<div class=\"wp-block-button boton-reservar-habitacion\"><a class=\"wp-block-button__link has-text-color has-background wp-element-button\" style=\"color: #ffffff; background-color: #000000;\" href=\"https:\/\/mp14.hotelintranet.com\/Default\" target=\"_blank\" rel=\"noreferrer noopener\">Reservar<\/a><\/div>\r\n\r\n<div class=\"servicios-habitacion\">\r\n<ul>\r\n<li><img decoding=\"async\" src=\"\/wp-content\/uploads\/icono-cama-doble-grande.svg\" width=\"50\" \/> Llit doble gran<\/li>\r\n<li><img decoding=\"async\" src=\"\/wp-content\/uploads\/icono-tamano.svg\" width=\"50\" \/> 25 m2<\/li>\r\n<li><img decoding=\"async\" src=\"\/wp-content\/uploads\/icono-wifi.svg\" width=\"50\" \/> Wifi gratu\u00eft<\/li>\r\n<li><img decoding=\"async\" src=\"\/wp-content\/uploads\/icono-aire-acondicionado.svg\" width=\"50\" \/> Aire condicionat<\/li>\r\n<li><img decoding=\"async\" src=\"\/wp-content\/uploads\/icono-tv.svg\" width=\"50\" \/> TV de pantalla 40\u2019\u2019<\/li>\r\n<li><img decoding=\"async\" src=\"\/wp-content\/uploads\/icono-bano-habitacion.svg\" width=\"50\" \/> Bany a l&#8217;habitaci\u00f3<\/li>\r\n<li><img decoding=\"async\" src=\"\/wp-content\/uploads\/icono-banera-ducha.svg\" width=\"50\" \/> Banyera \u2013 Dutxa<\/li>\r\n<li><img decoding=\"async\" src=\"\/wp-content\/uploads\/icono-secador.svg\" width=\"50\" \/> Assecador de cabells disponible<\/li>\r\n<li><img decoding=\"async\" src=\"\/wp-content\/uploads\/icono-articulos-aseo.svg\" width=\"50\" \/> Articles d&#8217;higiene gratis<\/li>\r\n<li><img decoding=\"async\" src=\"\/wp-content\/uploads\/icono-armario.svg\" width=\"50\" \/> Armari<\/li>\r\n<\/ul>\r\n<\/div>","protected":false},"excerpt":{"rendered":"<p>Habitaci\u00f3 amplia, amb llit Queen Size molt comfortable i un bany amb dutxa i banyera. Cadires, armari, tv, wifi i petit escriptori. &nbsp; Llit doble gran 25 m2 Wifi gratu\u00eft Aire condicionat TV de pantalla 40\u2019\u2019 Bany a l&#8217;habitaci\u00f3 Banyera \u2013 Dutxa Assecador de cabells disponible Articles d&#8217;higiene gratis Armari<\/p>\n","protected":false},"author":5,"featured_media":2449,"parent":20,"menu_order":5,"comment_status":"closed","ping_status":"closed","template":"habitacio.php","meta":{"_acf_changed":false,"footnotes":""},"class_list":["post-27","page","type-page","status-publish","has-post-thumbnail","hentry"],"acf":[],"yoast_head":"<!-- This site is optimized with the Yoast SEO plugin v25.3 - https:\/\/yoast.com\/wordpress\/plugins\/seo\/ -->\r\n<title>Habitaci\u00f3 Est\u00e0ndard a Barcelona | Hotel Punt14<\/title>\r\n<meta name=\"description\" content=\"Habitacions est\u00e0ndard a l&#039;Hotel Punt 14 comoditat a prop de Barcelona, \u200b\u200bl&#039;aeroport i les platges. Perfectes per a una estada pr\u00e0ctica i ben ubicada.\" \/>\r\n<meta name=\"robots\" content=\"index, follow, max-snippet:-1, max-image-preview:large, max-video-preview:-1\" \/>\r\n<link rel=\"canonical\" href=\"https:\/\/hotelpunt14.com\/ca\/habitacions\/estandard\/\" \/>\r\n<meta property=\"og:locale\" content=\"ca_ES\" \/>\r\n<meta property=\"og:type\" content=\"article\" \/>\r\n<meta property=\"og:title\" content=\"Habitaci\u00f3 Est\u00e0ndard a Barcelona | Hotel Punt14\" \/>\r\n<meta property=\"og:description\" content=\"Habitacions est\u00e0ndard a l&#039;Hotel Punt 14 comoditat a prop de Barcelona, \u200b\u200bl&#039;aeroport i les platges. Perfectes per a una estada pr\u00e0ctica i ben ubicada.\" \/>\r\n<meta property=\"og:url\" content=\"https:\/\/hotelpunt14.com\/ca\/habitacions\/estandard\/\" \/>\r\n<meta property=\"og:site_name\" content=\"Hotel Punt14\" \/>\r\n<meta property=\"article:modified_time\" content=\"2025-05-30T10:21:13+00:00\" \/>\r\n<meta property=\"og:image\" content=\"https:\/\/hotelpunt14.com\/wp-content\/uploads\/habitacion-estandar-hotel-punt-14-1.webp\" \/>\r\n\t<meta property=\"og:image:width\" content=\"1279\" \/>\r\n\t<meta property=\"og:image:height\" content=\"853\" \/>\r\n\t<meta property=\"og:image:type\" content=\"image\/webp\" \/>\r\n<meta name=\"twitter:card\" content=\"summary_large_image\" \/>\r\n<meta name=\"twitter:label1\" content=\"Temps estimat de lectura\" \/>\n\t<meta name=\"twitter:data1\" content=\"3 minuts\" \/>\r\n<script type=\"application\/ld+json\" class=\"yoast-schema-graph\">{\"@context\":\"https:\/\/schema.org\",\"@graph\":[{\"@type\":\"WebPage\",\"@id\":\"https:\/\/hotelpunt14.com\/ca\/habitacions\/estandard\/\",\"url\":\"https:\/\/hotelpunt14.com\/ca\/habitacions\/estandard\/\",\"name\":\"Habitaci\u00f3 Est\u00e0ndard a Barcelona | Hotel Punt14\",\"isPartOf\":{\"@id\":\"https:\/\/hotelpunt14.com\/#website\"},\"primaryImageOfPage\":{\"@id\":\"https:\/\/hotelpunt14.com\/ca\/habitacions\/estandard\/#primaryimage\"},\"image\":{\"@id\":\"https:\/\/hotelpunt14.com\/ca\/habitacions\/estandard\/#primaryimage\"},\"thumbnailUrl\":\"https:\/\/hotelpunt14.com\/wp-content\/uploads\/habitacion-estandar-hotel-punt-14-1.webp\",\"datePublished\":\"2013-06-07T17:44:49+00:00\",\"dateModified\":\"2025-05-30T10:21:13+00:00\",\"description\":\"Habitacions est\u00e0ndard a l'Hotel Punt 14 comoditat a prop de Barcelona, \u200b\u200bl'aeroport i les platges. Perfectes per a una estada pr\u00e0ctica i ben ubicada.\",\"breadcrumb\":{\"@id\":\"https:\/\/hotelpunt14.com\/ca\/habitacions\/estandard\/#breadcrumb\"},\"inLanguage\":\"ca\",\"potentialAction\":[{\"@type\":\"ReadAction\",\"target\":[\"https:\/\/hotelpunt14.com\/ca\/habitacions\/estandard\/\"]}]},{\"@type\":\"ImageObject\",\"inLanguage\":\"ca\",\"@id\":\"https:\/\/hotelpunt14.com\/ca\/habitacions\/estandard\/#primaryimage\",\"url\":\"https:\/\/hotelpunt14.com\/wp-content\/uploads\/habitacion-estandar-hotel-punt-14-1.webp\",\"contentUrl\":\"https:\/\/hotelpunt14.com\/wp-content\/uploads\/habitacion-estandar-hotel-punt-14-1.webp\",\"width\":1279,\"height\":853,\"caption\":\"Confortable Habitaci\u00f3n Est\u00e1ndar del Hotel Punt14 con cama doble y ambiente acogedor.\"},{\"@type\":\"BreadcrumbList\",\"@id\":\"https:\/\/hotelpunt14.com\/ca\/habitacions\/estandard\/#breadcrumb\",\"itemListElement\":[{\"@type\":\"ListItem\",\"position\":1,\"name\":\"Inici\",\"item\":\"https:\/\/hotelpunt14.com\/ca\/\"},{\"@type\":\"ListItem\",\"position\":2,\"name\":\"Habitacions i Suites\",\"item\":\"https:\/\/hotelpunt14.com\/ca\/habitacions\/\"},{\"@type\":\"ListItem\",\"position\":3,\"name\":\"Est\u00e0ndard\"}]},{\"@type\":\"WebSite\",\"@id\":\"https:\/\/hotelpunt14.com\/#website\",\"url\":\"https:\/\/hotelpunt14.com\/\",\"name\":\"Hotel Punt14\",\"description\":\"Hotel a prop de l&#039;aeroport de Barcelona, \u200b\u200ba 15 minuts de la ciutat i al costat de les platges de Gav\u00e0 i Castelldefels.\",\"potentialAction\":[{\"@type\":\"SearchAction\",\"target\":{\"@type\":\"EntryPoint\",\"urlTemplate\":\"https:\/\/hotelpunt14.com\/?s={search_term_string}\"},\"query-input\":{\"@type\":\"PropertyValueSpecification\",\"valueRequired\":true,\"valueName\":\"search_term_string\"}}],\"inLanguage\":\"ca\"}]}<\/script>\r\n<!-- \/ Yoast SEO plugin. -->","yoast_head_json":{"title":"Habitaci\u00f3 Est\u00e0ndard a Barcelona | Hotel Punt14","description":"Habitacions est\u00e0ndard a l'Hotel Punt 14 comoditat a prop de Barcelona, \u200b\u200bl'aeroport i les platges. Perfectes per a una estada pr\u00e0ctica i ben ubicada.","robots":{"index":"index","follow":"follow","max-snippet":"max-snippet:-1","max-image-preview":"max-image-preview:large","max-video-preview":"max-video-preview:-1"},"canonical":"https:\/\/hotelpunt14.com\/ca\/habitacions\/estandard\/","og_locale":"ca_ES","og_type":"article","og_title":"Habitaci\u00f3 Est\u00e0ndard a Barcelona | Hotel Punt14","og_description":"Habitacions est\u00e0ndard a l'Hotel Punt 14 comoditat a prop de Barcelona, \u200b\u200bl'aeroport i les platges. Perfectes per a una estada pr\u00e0ctica i ben ubicada.","og_url":"https:\/\/hotelpunt14.com\/ca\/habitacions\/estandard\/","og_site_name":"Hotel Punt14","article_modified_time":"2025-05-30T10:21:13+00:00","og_image":[{"width":1279,"height":853,"url":"https:\/\/hotelpunt14.com\/wp-content\/uploads\/habitacion-estandar-hotel-punt-14-1.webp","type":"image\/webp"}],"twitter_card":"summary_large_image","twitter_misc":{"Temps estimat de lectura":"3 minuts"},"schema":{"@context":"https:\/\/schema.org","@graph":[{"@type":"WebPage","@id":"https:\/\/hotelpunt14.com\/ca\/habitacions\/estandard\/","url":"https:\/\/hotelpunt14.com\/ca\/habitacions\/estandard\/","name":"Habitaci\u00f3 Est\u00e0ndard a Barcelona | Hotel Punt14","isPartOf":{"@id":"https:\/\/hotelpunt14.com\/#website"},"primaryImageOfPage":{"@id":"https:\/\/hotelpunt14.com\/ca\/habitacions\/estandard\/#primaryimage"},"image":{"@id":"https:\/\/hotelpunt14.com\/ca\/habitacions\/estandard\/#primaryimage"},"thumbnailUrl":"https:\/\/hotelpunt14.com\/wp-content\/uploads\/habitacion-estandar-hotel-punt-14-1.webp","datePublished":"2013-06-07T17:44:49+00:00","dateModified":"2025-05-30T10:21:13+00:00","description":"Habitacions est\u00e0ndard a l'Hotel Punt 14 comoditat a prop de Barcelona, \u200b\u200bl'aeroport i les platges. Perfectes per a una estada pr\u00e0ctica i ben ubicada.","breadcrumb":{"@id":"https:\/\/hotelpunt14.com\/ca\/habitacions\/estandard\/#breadcrumb"},"inLanguage":"ca","potentialAction":[{"@type":"ReadAction","target":["https:\/\/hotelpunt14.com\/ca\/habitacions\/estandard\/"]}]},{"@type":"ImageObject","inLanguage":"ca","@id":"https:\/\/hotelpunt14.com\/ca\/habitacions\/estandard\/#primaryimage","url":"https:\/\/hotelpunt14.com\/wp-content\/uploads\/habitacion-estandar-hotel-punt-14-1.webp","contentUrl":"https:\/\/hotelpunt14.com\/wp-content\/uploads\/habitacion-estandar-hotel-punt-14-1.webp","width":1279,"height":853,"caption":"Confortable Habitaci\u00f3n Est\u00e1ndar del Hotel Punt14 con cama doble y ambiente acogedor."},{"@type":"BreadcrumbList","@id":"https:\/\/hotelpunt14.com\/ca\/habitacions\/estandard\/#breadcrumb","itemListElement":[{"@type":"ListItem","position":1,"name":"Inici","item":"https:\/\/hotelpunt14.com\/ca\/"},{"@type":"ListItem","position":2,"name":"Habitacions i Suites","item":"https:\/\/hotelpunt14.com\/ca\/habitacions\/"},{"@type":"ListItem","position":3,"name":"Est\u00e0ndard"}]},{"@type":"WebSite","@id":"https:\/\/hotelpunt14.com\/#website","url":"https:\/\/hotelpunt14.com\/","name":"Hotel Punt14","description":"Hotel a prop de l&#039;aeroport de Barcelona, \u200b\u200ba 15 minuts de la ciutat i al costat de les platges de Gav\u00e0 i Castelldefels.","potentialAction":[{"@type":"SearchAction","target":{"@type":"EntryPoint","urlTemplate":"https:\/\/hotelpunt14.com\/?s={search_term_string}"},"query-input":{"@type":"PropertyValueSpecification","valueRequired":true,"valueName":"search_term_string"}}],"inLanguage":"ca"}]}},"_links":{"self":[{"href":"https:\/\/hotelpunt14.com\/ca\/wp-json\/wp\/v2\/pages\/27","targetHints":{"allow":["GET"]}}],"collection":[{"href":"https:\/\/hotelpunt14.com\/ca\/wp-json\/wp\/v2\/pages"}],"about":[{"href":"https:\/\/hotelpunt14.com\/ca\/wp-json\/wp\/v2\/types\/page"}],"author":[{"embeddable":true,"href":"https:\/\/hotelpunt14.com\/ca\/wp-json\/wp\/v2\/users\/5"}],"replies":[{"embeddable":true,"href":"https:\/\/hotelpunt14.com\/ca\/wp-json\/wp\/v2\/comments?post=27"}],"version-history":[{"count":36,"href":"https:\/\/hotelpunt14.com\/ca\/wp-json\/wp\/v2\/pages\/27\/revisions"}],"predecessor-version":[{"id":3051,"href":"https:\/\/hotelpunt14.com\/ca\/wp-json\/wp\/v2\/pages\/27\/revisions\/3051"}],"up":[{"embeddable":true,"href":"https:\/\/hotelpunt14.com\/ca\/wp-json\/wp\/v2\/pages\/20"}],"wp:featuredmedia":[{"embeddable":true,"href":"https:\/\/hotelpunt14.com\/ca\/wp-json\/wp\/v2\/media\/2449"}],"wp:attachment":[{"href":"https:\/\/hotelpunt14.com\/ca\/wp-json\/wp\/v2\/media?parent=27"}],"curies":[{"name":"wp","href":"https:\/\/api.w.org\/{rel}","templated":true}]}}