{"id":2230,"date":"2024-11-19T09:06:43","date_gmt":"2024-11-19T09:06:43","guid":{"rendered":"https:\/\/hotelpunt14.com\/?page_id=2230"},"modified":"2025-07-16T10:37:41","modified_gmt":"2025-07-16T10:37:41","slug":"serveis","status":"publish","type":"page","link":"https:\/\/hotelpunt14.com\/ca\/serveis\/","title":{"rendered":"Serveis"},"content":{"rendered":"","protected":false},"excerpt":{"rendered":"","protected":false},"author":4,"featured_media":0,"parent":0,"menu_order":0,"comment_status":"closed","ping_status":"closed","template":"serveis.php","meta":{"_acf_changed":false,"footnotes":""},"class_list":["post-2230","page","type-page","status-publish","hentry"],"acf":[],"yoast_head":"<!-- This site is optimized with the Yoast SEO plugin v25.3 - https:\/\/yoast.com\/wordpress\/plugins\/seo\/ -->\r\n<title>Serveis | Hotel Punt14<\/title>\r\n<meta name=\"description\" content=\"P\u00e0rquing, internet Wi-Fi gratu\u00efta i atenci\u00f3 personalitzada en una ubicaci\u00f3 ideal a prop de Barcelona, \u200b\u200bl&#039;aeroport i les platges. Tot el que necessites per a una estada perfecta!\" \/>\r\n<meta name=\"robots\" content=\"index, follow, max-snippet:-1, max-image-preview:large, max-video-preview:-1\" \/>\r\n<link rel=\"canonical\" href=\"https:\/\/hotelpunt14.com\/ca\/serveis\/\" \/>\r\n<meta property=\"og:locale\" content=\"ca_ES\" \/>\r\n<meta property=\"og:type\" content=\"article\" \/>\r\n<meta property=\"og:title\" content=\"Serveis | Hotel Punt14\" \/>\r\n<meta property=\"og:description\" content=\"P\u00e0rquing, internet Wi-Fi gratu\u00efta i atenci\u00f3 personalitzada en una ubicaci\u00f3 ideal a prop de Barcelona, \u200b\u200bl&#039;aeroport i les platges. Tot el que necessites per a una estada perfecta!\" \/>\r\n<meta property=\"og:url\" content=\"https:\/\/hotelpunt14.com\/ca\/serveis\/\" \/>\r\n<meta property=\"og:site_name\" content=\"Hotel Punt14\" \/>\r\n<meta property=\"article:modified_time\" content=\"2025-07-16T10:37:41+00:00\" \/>\r\n<meta name=\"twitter:card\" content=\"summary_large_image\" \/>\r\n<script type=\"application\/ld+json\" class=\"yoast-schema-graph\">{\"@context\":\"https:\/\/schema.org\",\"@graph\":[{\"@type\":\"WebPage\",\"@id\":\"https:\/\/hotelpunt14.com\/ca\/serveis\/\",\"url\":\"https:\/\/hotelpunt14.com\/ca\/serveis\/\",\"name\":\"Serveis | Hotel Punt14\",\"isPartOf\":{\"@id\":\"https:\/\/hotelpunt14.com\/#website\"},\"datePublished\":\"2024-11-19T09:06:43+00:00\",\"dateModified\":\"2025-07-16T10:37:41+00:00\",\"description\":\"P\u00e0rquing, internet Wi-Fi gratu\u00efta i atenci\u00f3 personalitzada en una ubicaci\u00f3 ideal a prop de Barcelona, \u200b\u200bl'aeroport i les platges. Tot el que necessites per a una estada perfecta!\",\"breadcrumb\":{\"@id\":\"https:\/\/hotelpunt14.com\/ca\/serveis\/#breadcrumb\"},\"inLanguage\":\"ca\",\"potentialAction\":[{\"@type\":\"ReadAction\",\"target\":[\"https:\/\/hotelpunt14.com\/ca\/serveis\/\"]}]},{\"@type\":\"BreadcrumbList\",\"@id\":\"https:\/\/hotelpunt14.com\/ca\/serveis\/#breadcrumb\",\"itemListElement\":[{\"@type\":\"ListItem\",\"position\":1,\"name\":\"Inici\",\"item\":\"https:\/\/hotelpunt14.com\/ca\/\"},{\"@type\":\"ListItem\",\"position\":2,\"name\":\"Serveis\"}]},{\"@type\":\"WebSite\",\"@id\":\"https:\/\/hotelpunt14.com\/#website\",\"url\":\"https:\/\/hotelpunt14.com\/\",\"name\":\"Hotel Punt14\",\"description\":\"Hotel a prop de l&#039;aeroport de Barcelona, \u200b\u200ba 15 minuts de la ciutat i al costat de les platges de Gav\u00e0 i Castelldefels.\",\"potentialAction\":[{\"@type\":\"SearchAction\",\"target\":{\"@type\":\"EntryPoint\",\"urlTemplate\":\"https:\/\/hotelpunt14.com\/?s={search_term_string}\"},\"query-input\":{\"@type\":\"PropertyValueSpecification\",\"valueRequired\":true,\"valueName\":\"search_term_string\"}}],\"inLanguage\":\"ca\"}]}<\/script>\r\n<!-- \/ Yoast SEO plugin. -->","yoast_head_json":{"title":"Serveis | Hotel Punt14","description":"P\u00e0rquing, internet Wi-Fi gratu\u00efta i atenci\u00f3 personalitzada en una ubicaci\u00f3 ideal a prop de Barcelona, \u200b\u200bl'aeroport i les platges. Tot el que necessites per a una estada perfecta!","robots":{"index":"index","follow":"follow","max-snippet":"max-snippet:-1","max-image-preview":"max-image-preview:large","max-video-preview":"max-video-preview:-1"},"canonical":"https:\/\/hotelpunt14.com\/ca\/serveis\/","og_locale":"ca_ES","og_type":"article","og_title":"Serveis | Hotel Punt14","og_description":"P\u00e0rquing, internet Wi-Fi gratu\u00efta i atenci\u00f3 personalitzada en una ubicaci\u00f3 ideal a prop de Barcelona, \u200b\u200bl'aeroport i les platges. Tot el que necessites per a una estada perfecta!","og_url":"https:\/\/hotelpunt14.com\/ca\/serveis\/","og_site_name":"Hotel Punt14","article_modified_time":"2025-07-16T10:37:41+00:00","twitter_card":"summary_large_image","schema":{"@context":"https:\/\/schema.org","@graph":[{"@type":"WebPage","@id":"https:\/\/hotelpunt14.com\/ca\/serveis\/","url":"https:\/\/hotelpunt14.com\/ca\/serveis\/","name":"Serveis | Hotel Punt14","isPartOf":{"@id":"https:\/\/hotelpunt14.com\/#website"},"datePublished":"2024-11-19T09:06:43+00:00","dateModified":"2025-07-16T10:37:41+00:00","description":"P\u00e0rquing, internet Wi-Fi gratu\u00efta i atenci\u00f3 personalitzada en una ubicaci\u00f3 ideal a prop de Barcelona, \u200b\u200bl'aeroport i les platges. Tot el que necessites per a una estada perfecta!","breadcrumb":{"@id":"https:\/\/hotelpunt14.com\/ca\/serveis\/#breadcrumb"},"inLanguage":"ca","potentialAction":[{"@type":"ReadAction","target":["https:\/\/hotelpunt14.com\/ca\/serveis\/"]}]},{"@type":"BreadcrumbList","@id":"https:\/\/hotelpunt14.com\/ca\/serveis\/#breadcrumb","itemListElement":[{"@type":"ListItem","position":1,"name":"Inici","item":"https:\/\/hotelpunt14.com\/ca\/"},{"@type":"ListItem","position":2,"name":"Serveis"}]},{"@type":"WebSite","@id":"https:\/\/hotelpunt14.com\/#website","url":"https:\/\/hotelpunt14.com\/","name":"Hotel Punt14","description":"Hotel a prop de l&#039;aeroport de Barcelona, \u200b\u200ba 15 minuts de la ciutat i al costat de les platges de Gav\u00e0 i Castelldefels.","potentialAction":[{"@type":"SearchAction","target":{"@type":"EntryPoint","urlTemplate":"https:\/\/hotelpunt14.com\/?s={search_term_string}"},"query-input":{"@type":"PropertyValueSpecification","valueRequired":true,"valueName":"search_term_string"}}],"inLanguage":"ca"}]}},"_links":{"self":[{"href":"https:\/\/hotelpunt14.com\/ca\/wp-json\/wp\/v2\/pages\/2230","targetHints":{"allow":["GET"]}}],"collection":[{"href":"https:\/\/hotelpunt14.com\/ca\/wp-json\/wp\/v2\/pages"}],"about":[{"href":"https:\/\/hotelpunt14.com\/ca\/wp-json\/wp\/v2\/types\/page"}],"author":[{"embeddable":true,"href":"https:\/\/hotelpunt14.com\/ca\/wp-json\/wp\/v2\/users\/4"}],"replies":[{"embeddable":true,"href":"https:\/\/hotelpunt14.com\/ca\/wp-json\/wp\/v2\/comments?post=2230"}],"version-history":[{"count":50,"href":"https:\/\/hotelpunt14.com\/ca\/wp-json\/wp\/v2\/pages\/2230\/revisions"}],"predecessor-version":[{"id":3194,"href":"https:\/\/hotelpunt14.com\/ca\/wp-json\/wp\/v2\/pages\/2230\/revisions\/3194"}],"wp:attachment":[{"href":"https:\/\/hotelpunt14.com\/ca\/wp-json\/wp\/v2\/media?parent=2230"}],"curies":[{"name":"wp","href":"https:\/\/api.w.org\/{rel}","templated":true}]}}