{"id":2188,"date":"2023-05-26T07:58:00","date_gmt":"2023-05-26T07:58:00","guid":{"rendered":"https:\/\/hotelpunt14.com\/?page_id=2188"},"modified":"2025-05-28T11:00:34","modified_gmt":"2025-05-28T11:00:34","slug":"politica-de-privacidad","status":"publish","type":"page","link":"https:\/\/hotelpunt14.com\/ca\/politica-de-privacidad\/","title":{"rendered":"Pol\u00edtica de privacidad"},"content":{"rendered":"<p><i><span style=\"font-weight: 400;\">A efecto de lo previsto en la Ley Org\u00e1nica 15\/1999, de 13 de diciembre, de Protecci\u00f3n de Datos de Car\u00e1cter Personal Castellver SA, con\u00a0 CIF: A58270760 informa al Usuario de que es titular de ficheros de datos de car\u00e1cter personal inscritos en el R.G.P.D. (Registro General de Protecci\u00f3n de Datos) en los que sus datos quedan incorporados y son tratados con el fin de prestarle los servicios solicitados y enviarle la informaci\u00f3n acerca de nuestra empresa que pueda ser de su inter\u00e9s.<\/span><\/i><\/p>\n<p><i><span style=\"font-weight: 400;\">De ahora en adelante la empresa Castellver\u00a0 SA ser\u00e1 denominada HotelPuntCatorze.<\/span><\/i><\/p>\n<p><b>ENVIO Y REGISTRO DE DATOS DE CAR\u00c1CTER PERSONAL<\/b><\/p>\n<p><span style=\"font-weight: 400;\">El env\u00edo de datos de car\u00e1cter personal es obligatorio para contactar y recibir informaci\u00f3n sobre los servicios prestados por <em>HotelPuntCatorze<\/em><\/span><span style=\"font-weight: 400;\">.<\/span><\/p>\n<p><span style=\"font-weight: 400;\">Asimismo, el no facilitar los datos personales solicitados o el no aceptar la presente pol\u00edtica de protecci\u00f3n de datos supone la imposibilidad de suscribirse, registrarse o recibir informaci\u00f3n de dichos servicios.<\/span><\/p>\n<p><span style=\"font-weight: 400;\">De acuerdo a lo establecido en la Ley Org\u00e1nica 15\/1999, de 13 de diciembre, de Protecci\u00f3n de Datos de Car\u00e1cter Personal, le informamos que los datos personales que se obtengan como consecuencia de su env\u00edo de datos personales, ser\u00e1n incorporados a un fichero titularidad de <em>HotelPuntCatorze<\/em><\/span><span style=\"font-weight: 400;\">\u00a0con C\/ JOSEP LLUIS SERT 44-48 \u2013 08850 \u2013 GAV\u00c0 MAR \u2013 BARCELONA, teniendo implementadas todas las medidas de seguridad establecidas en el Real Decreto 1720\/2007.<\/span><\/p>\n<p><span style=\"font-weight: 400;\">\u00a0<\/span><\/p>\n<p><b>Exactitud y veracidad de los datos facilitados.<\/b><\/p>\n<p><span style=\"font-weight: 400;\">El Usuario que env\u00eda la informaci\u00f3n a <em>HotelPuntCatorze<\/em><\/span><span style=\"font-weight: 400;\"> es el \u00fanico responsable de la veracidad y correcci\u00f3n de los datos incluidos, exoner\u00e1ndose <em>HotelPuntCatorze<\/em><\/span><span style=\"font-weight: 400;\">\u00a0de cualquier responsabilidad al respecto.<\/span><\/p>\n<p><span style=\"font-weight: 400;\">Los usuarios garantizan y responden, en cualquier caso, de la exactitud, vigencia y autenticidad de los datos personales facilitados, y se comprometen a mantenerlos debidamente actualizados. El usuario acepta proporcionar informaci\u00f3n completa y correcta en el formulario de registro o suscripci\u00f3n.<\/span><\/p>\n<p><span style=\"font-weight: 400;\"><em>HotelPuntCatorze<\/em> no responde de la veracidad de las informaciones que no sean de elaboraci\u00f3n propia y de las que se indique otra fuente, por lo que tampoco asume responsabilidad alguna en cuanto a hipot\u00e9ticos perjuicios que pudieran originarse por el uso de dicha informaci\u00f3n.<\/span><\/p>\n<p><span style=\"font-weight: 400;\">Se exonera a <em>HotelPuntCatorze<\/em><\/span><span style=\"font-weight: 400;\"> de responsabilidad ante cualquier da\u00f1o o perjuicio que pudiera sufrir el Usuario como consecuencia de errores, defectos u omisiones, en la informaci\u00f3n facilitada por <em>HotelPuntCatorze<\/em><\/span><span style=\"font-weight: 400;\"> siempre que proceda de fuentes ajenas a <em>HotelPuntCatorze<\/em><\/span><span style=\"font-weight: 400;\">.<\/span><\/p>\n<p><span style=\"font-weight: 400;\">\u00a0<\/span><\/p>\n<p><b>Cesi\u00f3n de datos a terceros.<\/b><\/p>\n<p><span style=\"font-weight: 400;\"><em>HotelPuntCatorze<\/em> no ceder\u00e1 los datos personales a terceros. No obstante, en el caso de ser cedidos a alg\u00fan tercero se producir\u00eda una informaci\u00f3n previa solicitando el consentimiento expreso del afectado en virtud del Art. 6 LOPD.<\/span><\/p>\n<p><span style=\"font-weight: 400;\">\u00a0<\/span><\/p>\n<p><b>Ejercicio de derechos de acceso, rectificaci\u00f3n, cancelaci\u00f3n y oposici\u00f3n.<\/b><\/p>\n<p><span style=\"font-weight: 400;\">En todo momento, podr\u00e1 Ud. ejercitar sus derechos:<\/span><\/p>\n<p><span style=\"font-weight: 400;\">Puede ejercer los derechos de acceso, rectificaci\u00f3n, supresi\u00f3n y oposici\u00f3n, limitar el tratamiento de sus datos, o directamente oponerse al tratamiento, o ejercer el derecho a la portabilidad de los mismos. Todo ello, mediante escrito, acompa\u00f1ado de copia de documento oficial que le identifique, dirigido\u00a0 a <em>HotelPuntCatorze<\/em><\/span><span style=\"font-weight: 400;\"> &#8211; CIF: A58270760, Dir. Postal: C\/ JOSEP LLUIS SERT 44-48 \u2013 Localidad: GAV\u00c0 MAR \u2013 CP:\u00a0 08850 \u2014 BARCELONA, tambi\u00e9n puede enviar un email a: info@hotelpunt14.com<\/span><\/p>\n<p><span style=\"font-weight: 400;\">En caso de disconformidad con el tratamiento, tambi\u00e9n tiene derecho a presentar una reclamaci\u00f3n ante la Agencia Espa\u00f1ola de Protecci\u00f3n de Datos. Tambi\u00e9n podr\u00e1 oponerse a nuestros env\u00edos de comunicaciones comerciales (Art.21.2 de la LSSI) a trav\u00e9s de la siguiente direcci\u00f3n de correo electr\u00f3nico: info@h<\/span><span style=\"font-weight: 400;\">otelpunt14.com indicando BAJA en el asunto<\/span><\/p>\n<p><span style=\"font-weight: 400;\">Puede consultar la INFORMACION AMPLIADA sobre Protecci\u00f3n de Datos solicit\u00e1ndoselo a nuestro personal, o bien al correo electr\u00f3nico info@hotelpunt14.com <\/span><span style=\"font-weight: 400;\">indicando en el asunto: INFORMACION AMPLIADA.<\/span><\/p>\n<p><span style=\"font-weight: 400;\">\u00a0<\/span><\/p>\n<p><b>Aceptaci\u00f3n y Consentimiento.<\/b><\/p>\n<p><span style=\"font-weight: 400;\">El Usuario declara haber sido informado de las condiciones sobre protecci\u00f3n de datos de car\u00e1cter personal, aceptando y consintiendo el tratamiento de los mismos por parte de (<em>HotelPuntCatorze<\/em>), en la forma y para las finalidades indicadas en la presente Pol\u00edtica de Protecci\u00f3n de Datos Personales.<\/span><\/p>\n<p><span style=\"font-weight: 400;\">\u00a0<\/span><\/p>\n<p><b>CAMBIOS EN LA PRESENTE POL\u00cdTICA DE PRIVACIDAD.<\/b><\/p>\n<p><span style=\"font-weight: 400;\"><em>HotelPuntCatorze<\/em> se reserva el derecho a modificar la presente pol\u00edtica para adaptarla a novedades legislativas o jurisprudenciales as\u00ed como a pr\u00e1cticas de la industria. En dichos supuestos, <em>HotelPuntCatorze<\/em> anunciar\u00e1 en esta p\u00e1gina los cambios introducidos con razonable antelaci\u00f3n a su puesta en pr\u00e1ctica.<\/span><\/p>\n","protected":false},"excerpt":{"rendered":"<p>A efecto de lo previsto en la Ley Org\u00e1nica 15\/1999, de 13 de diciembre, de Protecci\u00f3n de Datos de Car\u00e1cter Personal Castellver SA, con\u00a0 CIF: A58270760 informa al Usuario de que es titular de ficheros de datos de car\u00e1cter personal inscritos en el R.G.P.D. (Registro General de Protecci\u00f3n de Datos) en los que sus datos [&hellip;]<\/p>\n","protected":false},"author":4,"featured_media":0,"parent":0,"menu_order":0,"comment_status":"closed","ping_status":"closed","template":"","meta":{"_acf_changed":false,"footnotes":""},"class_list":["post-2188","page","type-page","status-publish","hentry"],"acf":[],"yoast_head":"<!-- This site is optimized with the Yoast SEO plugin v25.3 - https:\/\/yoast.com\/wordpress\/plugins\/seo\/ -->\r\n<title>Pol\u00edtica de privacidad | Hotel Punt14<\/title>\r\n<meta name=\"robots\" content=\"index, follow, max-snippet:-1, max-image-preview:large, max-video-preview:-1\" \/>\r\n<link rel=\"canonical\" href=\"https:\/\/hotelpunt14.com\/ca\/politica-de-privacidad\/\" \/>\r\n<meta property=\"og:locale\" content=\"ca_ES\" \/>\r\n<meta property=\"og:type\" content=\"article\" \/>\r\n<meta property=\"og:title\" content=\"Pol\u00edtica de privacidad | Hotel Punt14\" \/>\r\n<meta property=\"og:description\" content=\"A efecto de lo previsto en la Ley Org\u00e1nica 15\/1999, de 13 de diciembre, de Protecci\u00f3n de Datos de Car\u00e1cter Personal Castellver SA, con\u00a0 CIF: A58270760 informa al Usuario de que es titular de ficheros de datos de car\u00e1cter personal inscritos en el R.G.P.D. (Registro General de Protecci\u00f3n de Datos) en los que sus datos [&hellip;]\" \/>\r\n<meta property=\"og:url\" content=\"https:\/\/hotelpunt14.com\/ca\/politica-de-privacidad\/\" \/>\r\n<meta property=\"og:site_name\" content=\"Hotel Punt14\" \/>\r\n<meta property=\"article:modified_time\" content=\"2025-05-28T11:00:34+00:00\" \/>\r\n<meta name=\"twitter:card\" content=\"summary_large_image\" \/>\r\n<meta name=\"twitter:label1\" content=\"Temps estimat de lectura\" \/>\n\t<meta name=\"twitter:data1\" content=\"4 minuts\" \/>\r\n<script type=\"application\/ld+json\" class=\"yoast-schema-graph\">{\"@context\":\"https:\/\/schema.org\",\"@graph\":[{\"@type\":\"WebPage\",\"@id\":\"https:\/\/hotelpunt14.com\/ca\/politica-de-privacidad\/\",\"url\":\"https:\/\/hotelpunt14.com\/ca\/politica-de-privacidad\/\",\"name\":\"Pol\u00edtica de privacidad | Hotel Punt14\",\"isPartOf\":{\"@id\":\"https:\/\/hotelpunt14.com\/#website\"},\"datePublished\":\"2023-05-26T07:58:00+00:00\",\"dateModified\":\"2025-05-28T11:00:34+00:00\",\"breadcrumb\":{\"@id\":\"https:\/\/hotelpunt14.com\/ca\/politica-de-privacidad\/#breadcrumb\"},\"inLanguage\":\"ca\",\"potentialAction\":[{\"@type\":\"ReadAction\",\"target\":[\"https:\/\/hotelpunt14.com\/ca\/politica-de-privacidad\/\"]}]},{\"@type\":\"BreadcrumbList\",\"@id\":\"https:\/\/hotelpunt14.com\/ca\/politica-de-privacidad\/#breadcrumb\",\"itemListElement\":[{\"@type\":\"ListItem\",\"position\":1,\"name\":\"Inici\",\"item\":\"https:\/\/hotelpunt14.com\/ca\/\"},{\"@type\":\"ListItem\",\"position\":2,\"name\":\"Pol\u00edtica de privacidad\"}]},{\"@type\":\"WebSite\",\"@id\":\"https:\/\/hotelpunt14.com\/#website\",\"url\":\"https:\/\/hotelpunt14.com\/\",\"name\":\"Hotel Punt14\",\"description\":\"Hotel a prop de l&#039;aeroport de Barcelona, \u200b\u200ba 15 minuts de la ciutat i al costat de les platges de Gav\u00e0 i Castelldefels.\",\"potentialAction\":[{\"@type\":\"SearchAction\",\"target\":{\"@type\":\"EntryPoint\",\"urlTemplate\":\"https:\/\/hotelpunt14.com\/?s={search_term_string}\"},\"query-input\":{\"@type\":\"PropertyValueSpecification\",\"valueRequired\":true,\"valueName\":\"search_term_string\"}}],\"inLanguage\":\"ca\"}]}<\/script>\r\n<!-- \/ Yoast SEO plugin. -->","yoast_head_json":{"title":"Pol\u00edtica de privacidad | Hotel Punt14","robots":{"index":"index","follow":"follow","max-snippet":"max-snippet:-1","max-image-preview":"max-image-preview:large","max-video-preview":"max-video-preview:-1"},"canonical":"https:\/\/hotelpunt14.com\/ca\/politica-de-privacidad\/","og_locale":"ca_ES","og_type":"article","og_title":"Pol\u00edtica de privacidad | Hotel Punt14","og_description":"A efecto de lo previsto en la Ley Org\u00e1nica 15\/1999, de 13 de diciembre, de Protecci\u00f3n de Datos de Car\u00e1cter Personal Castellver SA, con\u00a0 CIF: A58270760 informa al Usuario de que es titular de ficheros de datos de car\u00e1cter personal inscritos en el R.G.P.D. (Registro General de Protecci\u00f3n de Datos) en los que sus datos [&hellip;]","og_url":"https:\/\/hotelpunt14.com\/ca\/politica-de-privacidad\/","og_site_name":"Hotel Punt14","article_modified_time":"2025-05-28T11:00:34+00:00","twitter_card":"summary_large_image","twitter_misc":{"Temps estimat de lectura":"4 minuts"},"schema":{"@context":"https:\/\/schema.org","@graph":[{"@type":"WebPage","@id":"https:\/\/hotelpunt14.com\/ca\/politica-de-privacidad\/","url":"https:\/\/hotelpunt14.com\/ca\/politica-de-privacidad\/","name":"Pol\u00edtica de privacidad | Hotel Punt14","isPartOf":{"@id":"https:\/\/hotelpunt14.com\/#website"},"datePublished":"2023-05-26T07:58:00+00:00","dateModified":"2025-05-28T11:00:34+00:00","breadcrumb":{"@id":"https:\/\/hotelpunt14.com\/ca\/politica-de-privacidad\/#breadcrumb"},"inLanguage":"ca","potentialAction":[{"@type":"ReadAction","target":["https:\/\/hotelpunt14.com\/ca\/politica-de-privacidad\/"]}]},{"@type":"BreadcrumbList","@id":"https:\/\/hotelpunt14.com\/ca\/politica-de-privacidad\/#breadcrumb","itemListElement":[{"@type":"ListItem","position":1,"name":"Inici","item":"https:\/\/hotelpunt14.com\/ca\/"},{"@type":"ListItem","position":2,"name":"Pol\u00edtica de privacidad"}]},{"@type":"WebSite","@id":"https:\/\/hotelpunt14.com\/#website","url":"https:\/\/hotelpunt14.com\/","name":"Hotel Punt14","description":"Hotel a prop de l&#039;aeroport de Barcelona, \u200b\u200ba 15 minuts de la ciutat i al costat de les platges de Gav\u00e0 i Castelldefels.","potentialAction":[{"@type":"SearchAction","target":{"@type":"EntryPoint","urlTemplate":"https:\/\/hotelpunt14.com\/?s={search_term_string}"},"query-input":{"@type":"PropertyValueSpecification","valueRequired":true,"valueName":"search_term_string"}}],"inLanguage":"ca"}]}},"_links":{"self":[{"href":"https:\/\/hotelpunt14.com\/ca\/wp-json\/wp\/v2\/pages\/2188","targetHints":{"allow":["GET"]}}],"collection":[{"href":"https:\/\/hotelpunt14.com\/ca\/wp-json\/wp\/v2\/pages"}],"about":[{"href":"https:\/\/hotelpunt14.com\/ca\/wp-json\/wp\/v2\/types\/page"}],"author":[{"embeddable":true,"href":"https:\/\/hotelpunt14.com\/ca\/wp-json\/wp\/v2\/users\/4"}],"replies":[{"embeddable":true,"href":"https:\/\/hotelpunt14.com\/ca\/wp-json\/wp\/v2\/comments?post=2188"}],"version-history":[{"count":5,"href":"https:\/\/hotelpunt14.com\/ca\/wp-json\/wp\/v2\/pages\/2188\/revisions"}],"predecessor-version":[{"id":3153,"href":"https:\/\/hotelpunt14.com\/ca\/wp-json\/wp\/v2\/pages\/2188\/revisions\/3153"}],"wp:attachment":[{"href":"https:\/\/hotelpunt14.com\/ca\/wp-json\/wp\/v2\/media?parent=2188"}],"curies":[{"name":"wp","href":"https:\/\/api.w.org\/{rel}","templated":true}]}}