{"id":2185,"date":"2023-05-26T07:55:26","date_gmt":"2023-05-26T07:55:26","guid":{"rendered":"https:\/\/hotelpunt14.com\/?page_id=2185"},"modified":"2025-05-28T11:01:52","modified_gmt":"2025-05-28T11:01:52","slug":"aviso-legal","status":"publish","type":"page","link":"https:\/\/hotelpunt14.com\/ca\/aviso-legal\/","title":{"rendered":"Aviso legal"},"content":{"rendered":"<p><i><span style=\"font-weight: 400;\">En cumplimiento del art\u00edculo 10 de la Ley 34\/2002, de 11 de julio, de Servicios de la Sociedad de la Informaci\u00f3n y Comercio Electr\u00f3nico (LSSICE) a continuaci\u00f3n se detallan los datos identificativos de la empresa:<\/span><\/i><\/p>\n<p><span style=\"font-weight: 400;\">Raz\u00f3n social: CASTELLVER SA, CIF: A58270760<\/span><\/p>\n<p><span style=\"font-weight: 400;\">Direcci\u00f3n: C\/ JOSEP LLUIS SERT 44-48\u00a0 \u2013 GAV\u00c0 MAR \u2013 BARCELONA<\/span><\/p>\n<p><span style=\"font-weight: 400;\">Tel\u00e9fono: 936330284 Email:\u00a0<\/span><a href=\"mailto:info@hotelpunt14.com\"><span style=\"font-weight: 400;\">info@hotelpunt14.com<\/span><\/a><\/p>\n<p><b>INSCRIPCI\u00d3N REGISTRAL.<\/b><\/p>\n<p><span style=\"font-weight: 400;\">Castellver, S.A. domiciliada en C\/Josep Lluis Sert 41<\/span><\/p>\n<p><span style=\"font-weight: 400;\">Constituida por tiempo indefinido el d\u00eda 02-12-1986 bajo el n\u00famero 4065 de su protocolo.<\/span><\/p>\n<p><span style=\"font-weight: 400;\">Inscrita en el registro mercantil de Barcelona tomo 24342, folio 180, hoja n\u00famero B-171042.<\/span><\/p>\n<p><b>FINALIDAD DE LA P\u00c1GINA WEB.<\/b><\/p>\n<p><span style=\"font-weight: 400;\">El presente aviso legal (en adelante, el \u201cAviso Legal\u201d) regula el uso del sitio web:\u00a0<\/span><a href=\"https:\/\/hotelpunt14.com\/\"><span style=\"font-weight: 400;\">https:\/\/hotelpunt14.com\/<\/span><\/a><span style=\"font-weight: 400;\">\u00a0<\/span><\/p>\n<p><b>LEGISLACI\u00d3N.<\/b><\/p>\n<p><span style=\"font-weight: 400;\">Con car\u00e1cter general las relaciones entre <em>HotelPuntCatorze<\/em> con los Usuarios de sus servicios telem\u00e1ticos, presentes en este sitio web, se encuentran sometidas a la legislaci\u00f3n y jurisdicci\u00f3n espa\u00f1olas.<\/span><span style=\"font-weight: 400;\">\u00a0<\/span><\/p>\n<p><b>USO Y ACCESO DE USUARIOS.<\/b><\/p>\n<p><span style=\"font-weight: 400;\">El Usuario queda informado, y acepta, que el acceso a la presente web no supone, en modo alguno, el inicio de una relaci\u00f3n comercial con <em>HotelPuntCatorze<\/em> o cualquiera de sus delegaciones.<\/span><\/p>\n<p><b>PROPIEDAD INTELECTUAL E INDUSTRIAL.<\/b><\/p>\n<p><span style=\"font-weight: 400;\">Los derechos de propiedad intelectual del contenido de las p\u00e1ginas web, su dise\u00f1o gr\u00e1fico y c\u00f3digos son titularidad de <em>HotelPuntCatorze<\/em> y, por tanto, queda prohibida su reproducci\u00f3n, distribuci\u00f3n, comunicaci\u00f3n p\u00fablica, transformaci\u00f3n o cualquier otra actividad que se pueda realizar con los contenidos de sus p\u00e1ginas web ni aun citando las fuentes, salvo consentimiento por escrito de <em>HotelPuntCatorze<\/em>.<\/span><\/p>\n<p><b>CONTENIDO DE LA WEB Y ENLACES (LINKS).<\/b><\/p>\n<p><span style=\"font-weight: 400;\"><em>HotelPuntCatorze<\/em> se reserva el derecho a actualizar, modificar o eliminar la informaci\u00f3n contenida en sus p\u00e1ginas web pudiendo incluso limitar o no permitir el acceso a dicha informaci\u00f3n a ciertos usuarios.<\/span><\/p>\n<p><span style=\"font-weight: 400;\"><em>HotelPuntCatorze<\/em> no asume responsabilidad alguna por la informaci\u00f3n contenida en p\u00e1ginas web de terceros a las que se pueda acceder por \u201clinks\u201d o enlaces desde cualquier p\u00e1gina web propiedad de <em>HotelPuntCatorze<\/em>. La presencia de \u201clinks\u201d o enlaces en las p\u00e1ginas web de <em>HotelPuntCatorze<\/em> tiene finalidad meramente informativa y en ning\u00fan caso supone sugerencia, invitaci\u00f3n o recomendaci\u00f3n sobre los mismos.<\/span><\/p>\n","protected":false},"excerpt":{"rendered":"<p>En cumplimiento del art\u00edculo 10 de la Ley 34\/2002, de 11 de julio, de Servicios de la Sociedad de la Informaci\u00f3n y Comercio Electr\u00f3nico (LSSICE) a continuaci\u00f3n se detallan los datos identificativos de la empresa: Raz\u00f3n social: CASTELLVER SA, CIF: A58270760 Direcci\u00f3n: C\/ JOSEP LLUIS SERT 44-48\u00a0 \u2013 GAV\u00c0 MAR \u2013 BARCELONA Tel\u00e9fono: 936330284 Email:\u00a0info@hotelpunt14.com [&hellip;]<\/p>\n","protected":false},"author":4,"featured_media":0,"parent":0,"menu_order":0,"comment_status":"closed","ping_status":"closed","template":"","meta":{"_acf_changed":false,"footnotes":""},"class_list":["post-2185","page","type-page","status-publish","hentry"],"acf":[],"yoast_head":"<!-- This site is optimized with the Yoast SEO plugin v25.3 - https:\/\/yoast.com\/wordpress\/plugins\/seo\/ -->\r\n<title>Aviso legal | Hotel Punt14<\/title>\r\n<meta name=\"robots\" content=\"index, follow, max-snippet:-1, max-image-preview:large, max-video-preview:-1\" \/>\r\n<link rel=\"canonical\" href=\"https:\/\/hotelpunt14.com\/ca\/aviso-legal\/\" \/>\r\n<meta property=\"og:locale\" content=\"ca_ES\" \/>\r\n<meta property=\"og:type\" content=\"article\" \/>\r\n<meta property=\"og:title\" content=\"Aviso legal | Hotel Punt14\" \/>\r\n<meta property=\"og:description\" content=\"En cumplimiento del art\u00edculo 10 de la Ley 34\/2002, de 11 de julio, de Servicios de la Sociedad de la Informaci\u00f3n y Comercio Electr\u00f3nico (LSSICE) a continuaci\u00f3n se detallan los datos identificativos de la empresa: Raz\u00f3n social: CASTELLVER SA, CIF: A58270760 Direcci\u00f3n: C\/ JOSEP LLUIS SERT 44-48\u00a0 \u2013 GAV\u00c0 MAR \u2013 BARCELONA Tel\u00e9fono: 936330284 Email:\u00a0info@hotelpunt14.com [&hellip;]\" \/>\r\n<meta property=\"og:url\" content=\"https:\/\/hotelpunt14.com\/ca\/aviso-legal\/\" \/>\r\n<meta property=\"og:site_name\" content=\"Hotel Punt14\" \/>\r\n<meta property=\"article:modified_time\" content=\"2025-05-28T11:01:52+00:00\" \/>\r\n<meta name=\"twitter:card\" content=\"summary_large_image\" \/>\r\n<meta name=\"twitter:label1\" content=\"Temps estimat de lectura\" \/>\n\t<meta name=\"twitter:data1\" content=\"2 minuts\" \/>\r\n<script type=\"application\/ld+json\" class=\"yoast-schema-graph\">{\"@context\":\"https:\/\/schema.org\",\"@graph\":[{\"@type\":\"WebPage\",\"@id\":\"https:\/\/hotelpunt14.com\/ca\/aviso-legal\/\",\"url\":\"https:\/\/hotelpunt14.com\/ca\/aviso-legal\/\",\"name\":\"Aviso legal | Hotel Punt14\",\"isPartOf\":{\"@id\":\"https:\/\/hotelpunt14.com\/#website\"},\"datePublished\":\"2023-05-26T07:55:26+00:00\",\"dateModified\":\"2025-05-28T11:01:52+00:00\",\"breadcrumb\":{\"@id\":\"https:\/\/hotelpunt14.com\/ca\/aviso-legal\/#breadcrumb\"},\"inLanguage\":\"ca\",\"potentialAction\":[{\"@type\":\"ReadAction\",\"target\":[\"https:\/\/hotelpunt14.com\/ca\/aviso-legal\/\"]}]},{\"@type\":\"BreadcrumbList\",\"@id\":\"https:\/\/hotelpunt14.com\/ca\/aviso-legal\/#breadcrumb\",\"itemListElement\":[{\"@type\":\"ListItem\",\"position\":1,\"name\":\"Inici\",\"item\":\"https:\/\/hotelpunt14.com\/ca\/\"},{\"@type\":\"ListItem\",\"position\":2,\"name\":\"Aviso legal\"}]},{\"@type\":\"WebSite\",\"@id\":\"https:\/\/hotelpunt14.com\/#website\",\"url\":\"https:\/\/hotelpunt14.com\/\",\"name\":\"Hotel Punt14\",\"description\":\"Hotel a prop de l&#039;aeroport de Barcelona, \u200b\u200ba 15 minuts de la ciutat i al costat de les platges de Gav\u00e0 i Castelldefels.\",\"potentialAction\":[{\"@type\":\"SearchAction\",\"target\":{\"@type\":\"EntryPoint\",\"urlTemplate\":\"https:\/\/hotelpunt14.com\/?s={search_term_string}\"},\"query-input\":{\"@type\":\"PropertyValueSpecification\",\"valueRequired\":true,\"valueName\":\"search_term_string\"}}],\"inLanguage\":\"ca\"}]}<\/script>\r\n<!-- \/ Yoast SEO plugin. -->","yoast_head_json":{"title":"Aviso legal | Hotel Punt14","robots":{"index":"index","follow":"follow","max-snippet":"max-snippet:-1","max-image-preview":"max-image-preview:large","max-video-preview":"max-video-preview:-1"},"canonical":"https:\/\/hotelpunt14.com\/ca\/aviso-legal\/","og_locale":"ca_ES","og_type":"article","og_title":"Aviso legal | Hotel Punt14","og_description":"En cumplimiento del art\u00edculo 10 de la Ley 34\/2002, de 11 de julio, de Servicios de la Sociedad de la Informaci\u00f3n y Comercio Electr\u00f3nico (LSSICE) a continuaci\u00f3n se detallan los datos identificativos de la empresa: Raz\u00f3n social: CASTELLVER SA, CIF: A58270760 Direcci\u00f3n: C\/ JOSEP LLUIS SERT 44-48\u00a0 \u2013 GAV\u00c0 MAR \u2013 BARCELONA Tel\u00e9fono: 936330284 Email:\u00a0info@hotelpunt14.com [&hellip;]","og_url":"https:\/\/hotelpunt14.com\/ca\/aviso-legal\/","og_site_name":"Hotel Punt14","article_modified_time":"2025-05-28T11:01:52+00:00","twitter_card":"summary_large_image","twitter_misc":{"Temps estimat de lectura":"2 minuts"},"schema":{"@context":"https:\/\/schema.org","@graph":[{"@type":"WebPage","@id":"https:\/\/hotelpunt14.com\/ca\/aviso-legal\/","url":"https:\/\/hotelpunt14.com\/ca\/aviso-legal\/","name":"Aviso legal | Hotel Punt14","isPartOf":{"@id":"https:\/\/hotelpunt14.com\/#website"},"datePublished":"2023-05-26T07:55:26+00:00","dateModified":"2025-05-28T11:01:52+00:00","breadcrumb":{"@id":"https:\/\/hotelpunt14.com\/ca\/aviso-legal\/#breadcrumb"},"inLanguage":"ca","potentialAction":[{"@type":"ReadAction","target":["https:\/\/hotelpunt14.com\/ca\/aviso-legal\/"]}]},{"@type":"BreadcrumbList","@id":"https:\/\/hotelpunt14.com\/ca\/aviso-legal\/#breadcrumb","itemListElement":[{"@type":"ListItem","position":1,"name":"Inici","item":"https:\/\/hotelpunt14.com\/ca\/"},{"@type":"ListItem","position":2,"name":"Aviso legal"}]},{"@type":"WebSite","@id":"https:\/\/hotelpunt14.com\/#website","url":"https:\/\/hotelpunt14.com\/","name":"Hotel Punt14","description":"Hotel a prop de l&#039;aeroport de Barcelona, \u200b\u200ba 15 minuts de la ciutat i al costat de les platges de Gav\u00e0 i Castelldefels.","potentialAction":[{"@type":"SearchAction","target":{"@type":"EntryPoint","urlTemplate":"https:\/\/hotelpunt14.com\/?s={search_term_string}"},"query-input":{"@type":"PropertyValueSpecification","valueRequired":true,"valueName":"search_term_string"}}],"inLanguage":"ca"}]}},"_links":{"self":[{"href":"https:\/\/hotelpunt14.com\/ca\/wp-json\/wp\/v2\/pages\/2185","targetHints":{"allow":["GET"]}}],"collection":[{"href":"https:\/\/hotelpunt14.com\/ca\/wp-json\/wp\/v2\/pages"}],"about":[{"href":"https:\/\/hotelpunt14.com\/ca\/wp-json\/wp\/v2\/types\/page"}],"author":[{"embeddable":true,"href":"https:\/\/hotelpunt14.com\/ca\/wp-json\/wp\/v2\/users\/4"}],"replies":[{"embeddable":true,"href":"https:\/\/hotelpunt14.com\/ca\/wp-json\/wp\/v2\/comments?post=2185"}],"version-history":[{"count":5,"href":"https:\/\/hotelpunt14.com\/ca\/wp-json\/wp\/v2\/pages\/2185\/revisions"}],"predecessor-version":[{"id":3155,"href":"https:\/\/hotelpunt14.com\/ca\/wp-json\/wp\/v2\/pages\/2185\/revisions\/3155"}],"wp:attachment":[{"href":"https:\/\/hotelpunt14.com\/ca\/wp-json\/wp\/v2\/media?parent=2185"}],"curies":[{"name":"wp","href":"https:\/\/api.w.org\/{rel}","templated":true}]}}