{"id":21,"date":"2013-06-07T17:44:05","date_gmt":"2013-06-07T17:44:05","guid":{"rendered":"https:\/\/hotelpunt14.com\/?page_id=21"},"modified":"2025-06-12T05:40:20","modified_gmt":"2025-06-12T05:40:20","slug":"gran-suite","status":"publish","type":"page","link":"https:\/\/hotelpunt14.com\/ca\/habitacions\/gran-suite\/","title":{"rendered":"Gran Suite"},"content":{"rendered":"<p>La nostra habitaci\u00f3 m\u00e9s \u00e0mplia, amb parking individual anexe al costat. Llit extragran King Size -180 x 200 cm- Fabul\u00f3s bany amb dutxa i banyera d\u2019hidromassatge tipus jacuzzi. Sofa, armari, tv i escriptori, secador I wifi .Relax i descans assegurat.<\/p>\r\n<p>&nbsp;<\/p>\r\n\r\n<div class=\"wp-block-button boton-reservar-habitacion\"><a class=\"wp-block-button__link has-text-color has-background wp-element-button ibe\" style=\"color: #ffffff; background-color: #000000;\" href=\"#\" target=\"_blank\" rel=\"noreferrer noopener\">Reservar<\/a><\/div>\r\n\r\n<p>&nbsp;<\/p>\r\n<div class=\"servicios-habitacion\">\r\n<ul>\r\n<li><img decoding=\"async\" src=\"\/wp-content\/uploads\/icono-cama-doble-extra.svg\" width=\"50\" \/> Llit doble extragran<\/li>\r\n<li><img decoding=\"async\" src=\"\/wp-content\/uploads\/icono-tamano.svg\" width=\"50\" \/> 35 m2 (entrada privada)<\/li>\r\n<li><img decoding=\"async\" src=\"\/wp-content\/uploads\/icono-parking.svg\" width=\"50\" \/> Propi p\u00e0rquing<\/li>\r\n<li><img decoding=\"async\" src=\"\/wp-content\/uploads\/icono-wifi.svg\" width=\"50\" \/> Wifi gratu\u00eft<\/li>\r\n<li><img decoding=\"async\" src=\"\/wp-content\/uploads\/icono-aire-acondicionado.svg\" width=\"50\" \/> Aire condicionat<\/li>\r\n<li><img decoding=\"async\" src=\"\/wp-content\/uploads\/icono-tv.svg\" width=\"50\" \/> TV de pantalla 43\u2019\u2019<\/li>\r\n<li><img decoding=\"async\" src=\"\/wp-content\/uploads\/icono-bano-habitacion.svg\" width=\"50\" \/> Bany a l&#8217;habitaci\u00f3<\/li>\r\n<li><img decoding=\"async\" src=\"\/wp-content\/uploads\/icono-banera-hidromasaje.svg\" width=\"50\" \/> Banyera tipus jacuzzi \u2013 Dutxa<\/li>\r\n<li><img decoding=\"async\" src=\"\/wp-content\/uploads\/icono-secador.svg\" width=\"50\" \/> Assecador de cabells<\/li>\r\n<li><img decoding=\"async\" src=\"\/wp-content\/uploads\/icono-articulos-aseo.svg\" width=\"50\" \/>Articles d&#8217;higiene gratis<\/li>\r\n<li><img decoding=\"async\" src=\"\/wp-content\/uploads\/icono-armario.svg\" width=\"50\" \/> Armari i escriptori<\/li>\r\n<\/ul>\r\n<\/div>","protected":false},"excerpt":{"rendered":"<p>La nostra habitaci\u00f3 m\u00e9s \u00e0mplia, amb parking individual anexe al costat. Llit extragran King Size -180 x 200 cm- Fabul\u00f3s bany amb dutxa i banyera d\u2019hidromassatge tipus jacuzzi. Sofa, armari, tv i escriptori, secador I wifi .Relax i descans assegurat. &nbsp; &nbsp; Llit doble extragran 35 m2 (entrada privada) Propi p\u00e0rquing Wifi gratu\u00eft Aire condicionat [&hellip;]<\/p>\n","protected":false},"author":5,"featured_media":2441,"parent":20,"menu_order":2,"comment_status":"closed","ping_status":"closed","template":"habitacio.php","meta":{"_acf_changed":false,"footnotes":""},"class_list":["post-21","page","type-page","status-publish","has-post-thumbnail","hentry"],"acf":[],"yoast_head":"<!-- This site is optimized with the Yoast SEO plugin v25.3 - https:\/\/yoast.com\/wordpress\/plugins\/seo\/ -->\r\n<title>Gran suite a Barcelona | Hotel Punt14<\/title>\r\n<meta name=\"description\" content=\"Hotel amb hidromassatge a l&#039;habitaci\u00f3. Pla rom\u00e0ntic per parelles a Barcelona. Aparcament privat gratu\u00eft. Obert tot l&#039;any.\" \/>\r\n<meta name=\"robots\" content=\"index, follow, max-snippet:-1, max-image-preview:large, max-video-preview:-1\" \/>\r\n<link rel=\"canonical\" href=\"https:\/\/hotelpunt14.com\/ca\/habitacions\/gran-suite\/\" \/>\r\n<meta property=\"og:locale\" content=\"ca_ES\" \/>\r\n<meta property=\"og:type\" content=\"article\" \/>\r\n<meta property=\"og:title\" content=\"Gran suite a Barcelona | Hotel Punt14\" \/>\r\n<meta property=\"og:description\" content=\"Hotel amb hidromassatge a l&#039;habitaci\u00f3. Pla rom\u00e0ntic per parelles a Barcelona. Aparcament privat gratu\u00eft. Obert tot l&#039;any.\" \/>\r\n<meta property=\"og:url\" content=\"https:\/\/hotelpunt14.com\/ca\/habitacions\/gran-suite\/\" \/>\r\n<meta property=\"og:site_name\" content=\"Hotel Punt14\" \/>\r\n<meta property=\"article:modified_time\" content=\"2025-06-12T05:40:20+00:00\" \/>\r\n<meta property=\"og:image\" content=\"https:\/\/hotelpunt14.com\/wp-content\/uploads\/gran-suite-hotel-punt-14-2-1.webp\" \/>\r\n\t<meta property=\"og:image:width\" content=\"1279\" \/>\r\n\t<meta property=\"og:image:height\" content=\"853\" \/>\r\n\t<meta property=\"og:image:type\" content=\"image\/webp\" \/>\r\n<meta name=\"twitter:card\" content=\"summary_large_image\" \/>\r\n<meta name=\"twitter:label1\" content=\"Temps estimat de lectura\" \/>\n\t<meta name=\"twitter:data1\" content=\"3 minuts\" \/>\r\n<script type=\"application\/ld+json\" class=\"yoast-schema-graph\">{\"@context\":\"https:\/\/schema.org\",\"@graph\":[{\"@type\":\"WebPage\",\"@id\":\"https:\/\/hotelpunt14.com\/ca\/habitacions\/gran-suite\/\",\"url\":\"https:\/\/hotelpunt14.com\/ca\/habitacions\/gran-suite\/\",\"name\":\"Gran suite a Barcelona | Hotel Punt14\",\"isPartOf\":{\"@id\":\"https:\/\/hotelpunt14.com\/#website\"},\"primaryImageOfPage\":{\"@id\":\"https:\/\/hotelpunt14.com\/ca\/habitacions\/gran-suite\/#primaryimage\"},\"image\":{\"@id\":\"https:\/\/hotelpunt14.com\/ca\/habitacions\/gran-suite\/#primaryimage\"},\"thumbnailUrl\":\"https:\/\/hotelpunt14.com\/wp-content\/uploads\/gran-suite-hotel-punt-14-2-1.webp\",\"datePublished\":\"2013-06-07T17:44:05+00:00\",\"dateModified\":\"2025-06-12T05:40:20+00:00\",\"description\":\"Hotel amb hidromassatge a l'habitaci\u00f3. Pla rom\u00e0ntic per parelles a Barcelona. Aparcament privat gratu\u00eft. Obert tot l'any.\",\"breadcrumb\":{\"@id\":\"https:\/\/hotelpunt14.com\/ca\/habitacions\/gran-suite\/#breadcrumb\"},\"inLanguage\":\"ca\",\"potentialAction\":[{\"@type\":\"ReadAction\",\"target\":[\"https:\/\/hotelpunt14.com\/ca\/habitacions\/gran-suite\/\"]}]},{\"@type\":\"ImageObject\",\"inLanguage\":\"ca\",\"@id\":\"https:\/\/hotelpunt14.com\/ca\/habitacions\/gran-suite\/#primaryimage\",\"url\":\"https:\/\/hotelpunt14.com\/wp-content\/uploads\/gran-suite-hotel-punt-14-2-1.webp\",\"contentUrl\":\"https:\/\/hotelpunt14.com\/wp-content\/uploads\/gran-suite-hotel-punt-14-2-1.webp\",\"width\":1279,\"height\":853,\"caption\":\"Ba\u00f1o de la Gran Suite del Hotel Punt14 con jacuzzi y ducha moderna.\"},{\"@type\":\"BreadcrumbList\",\"@id\":\"https:\/\/hotelpunt14.com\/ca\/habitacions\/gran-suite\/#breadcrumb\",\"itemListElement\":[{\"@type\":\"ListItem\",\"position\":1,\"name\":\"Inici\",\"item\":\"https:\/\/hotelpunt14.com\/ca\/\"},{\"@type\":\"ListItem\",\"position\":2,\"name\":\"Habitacions i Suites\",\"item\":\"https:\/\/hotelpunt14.com\/ca\/habitacions\/\"},{\"@type\":\"ListItem\",\"position\":3,\"name\":\"Gran Suite\"}]},{\"@type\":\"WebSite\",\"@id\":\"https:\/\/hotelpunt14.com\/#website\",\"url\":\"https:\/\/hotelpunt14.com\/\",\"name\":\"Hotel Punt14\",\"description\":\"Hotel a prop de l&#039;aeroport de Barcelona, \u200b\u200ba 15 minuts de la ciutat i al costat de les platges de Gav\u00e0 i Castelldefels.\",\"potentialAction\":[{\"@type\":\"SearchAction\",\"target\":{\"@type\":\"EntryPoint\",\"urlTemplate\":\"https:\/\/hotelpunt14.com\/?s={search_term_string}\"},\"query-input\":{\"@type\":\"PropertyValueSpecification\",\"valueRequired\":true,\"valueName\":\"search_term_string\"}}],\"inLanguage\":\"ca\"}]}<\/script>\r\n<!-- \/ Yoast SEO plugin. -->","yoast_head_json":{"title":"Gran suite a Barcelona | Hotel Punt14","description":"Hotel amb hidromassatge a l'habitaci\u00f3. Pla rom\u00e0ntic per parelles a Barcelona. Aparcament privat gratu\u00eft. Obert tot l'any.","robots":{"index":"index","follow":"follow","max-snippet":"max-snippet:-1","max-image-preview":"max-image-preview:large","max-video-preview":"max-video-preview:-1"},"canonical":"https:\/\/hotelpunt14.com\/ca\/habitacions\/gran-suite\/","og_locale":"ca_ES","og_type":"article","og_title":"Gran suite a Barcelona | Hotel Punt14","og_description":"Hotel amb hidromassatge a l'habitaci\u00f3. Pla rom\u00e0ntic per parelles a Barcelona. Aparcament privat gratu\u00eft. Obert tot l'any.","og_url":"https:\/\/hotelpunt14.com\/ca\/habitacions\/gran-suite\/","og_site_name":"Hotel Punt14","article_modified_time":"2025-06-12T05:40:20+00:00","og_image":[{"width":1279,"height":853,"url":"https:\/\/hotelpunt14.com\/wp-content\/uploads\/gran-suite-hotel-punt-14-2-1.webp","type":"image\/webp"}],"twitter_card":"summary_large_image","twitter_misc":{"Temps estimat de lectura":"3 minuts"},"schema":{"@context":"https:\/\/schema.org","@graph":[{"@type":"WebPage","@id":"https:\/\/hotelpunt14.com\/ca\/habitacions\/gran-suite\/","url":"https:\/\/hotelpunt14.com\/ca\/habitacions\/gran-suite\/","name":"Gran suite a Barcelona | Hotel Punt14","isPartOf":{"@id":"https:\/\/hotelpunt14.com\/#website"},"primaryImageOfPage":{"@id":"https:\/\/hotelpunt14.com\/ca\/habitacions\/gran-suite\/#primaryimage"},"image":{"@id":"https:\/\/hotelpunt14.com\/ca\/habitacions\/gran-suite\/#primaryimage"},"thumbnailUrl":"https:\/\/hotelpunt14.com\/wp-content\/uploads\/gran-suite-hotel-punt-14-2-1.webp","datePublished":"2013-06-07T17:44:05+00:00","dateModified":"2025-06-12T05:40:20+00:00","description":"Hotel amb hidromassatge a l'habitaci\u00f3. Pla rom\u00e0ntic per parelles a Barcelona. Aparcament privat gratu\u00eft. Obert tot l'any.","breadcrumb":{"@id":"https:\/\/hotelpunt14.com\/ca\/habitacions\/gran-suite\/#breadcrumb"},"inLanguage":"ca","potentialAction":[{"@type":"ReadAction","target":["https:\/\/hotelpunt14.com\/ca\/habitacions\/gran-suite\/"]}]},{"@type":"ImageObject","inLanguage":"ca","@id":"https:\/\/hotelpunt14.com\/ca\/habitacions\/gran-suite\/#primaryimage","url":"https:\/\/hotelpunt14.com\/wp-content\/uploads\/gran-suite-hotel-punt-14-2-1.webp","contentUrl":"https:\/\/hotelpunt14.com\/wp-content\/uploads\/gran-suite-hotel-punt-14-2-1.webp","width":1279,"height":853,"caption":"Ba\u00f1o de la Gran Suite del Hotel Punt14 con jacuzzi y ducha moderna."},{"@type":"BreadcrumbList","@id":"https:\/\/hotelpunt14.com\/ca\/habitacions\/gran-suite\/#breadcrumb","itemListElement":[{"@type":"ListItem","position":1,"name":"Inici","item":"https:\/\/hotelpunt14.com\/ca\/"},{"@type":"ListItem","position":2,"name":"Habitacions i Suites","item":"https:\/\/hotelpunt14.com\/ca\/habitacions\/"},{"@type":"ListItem","position":3,"name":"Gran Suite"}]},{"@type":"WebSite","@id":"https:\/\/hotelpunt14.com\/#website","url":"https:\/\/hotelpunt14.com\/","name":"Hotel Punt14","description":"Hotel a prop de l&#039;aeroport de Barcelona, \u200b\u200ba 15 minuts de la ciutat i al costat de les platges de Gav\u00e0 i Castelldefels.","potentialAction":[{"@type":"SearchAction","target":{"@type":"EntryPoint","urlTemplate":"https:\/\/hotelpunt14.com\/?s={search_term_string}"},"query-input":{"@type":"PropertyValueSpecification","valueRequired":true,"valueName":"search_term_string"}}],"inLanguage":"ca"}]}},"_links":{"self":[{"href":"https:\/\/hotelpunt14.com\/ca\/wp-json\/wp\/v2\/pages\/21","targetHints":{"allow":["GET"]}}],"collection":[{"href":"https:\/\/hotelpunt14.com\/ca\/wp-json\/wp\/v2\/pages"}],"about":[{"href":"https:\/\/hotelpunt14.com\/ca\/wp-json\/wp\/v2\/types\/page"}],"author":[{"embeddable":true,"href":"https:\/\/hotelpunt14.com\/ca\/wp-json\/wp\/v2\/users\/5"}],"replies":[{"embeddable":true,"href":"https:\/\/hotelpunt14.com\/ca\/wp-json\/wp\/v2\/comments?post=21"}],"version-history":[{"count":24,"href":"https:\/\/hotelpunt14.com\/ca\/wp-json\/wp\/v2\/pages\/21\/revisions"}],"predecessor-version":[{"id":3099,"href":"https:\/\/hotelpunt14.com\/ca\/wp-json\/wp\/v2\/pages\/21\/revisions\/3099"}],"up":[{"embeddable":true,"href":"https:\/\/hotelpunt14.com\/ca\/wp-json\/wp\/v2\/pages\/20"}],"wp:featuredmedia":[{"embeddable":true,"href":"https:\/\/hotelpunt14.com\/ca\/wp-json\/wp\/v2\/media\/2441"}],"wp:attachment":[{"href":"https:\/\/hotelpunt14.com\/ca\/wp-json\/wp\/v2\/media?parent=21"}],"curies":[{"name":"wp","href":"https:\/\/api.w.org\/{rel}","templated":true}]}}