{"id":2075,"date":"2023-04-26T10:36:43","date_gmt":"2023-04-26T10:36:43","guid":{"rendered":"https:\/\/hotelpunt14.com\/?page_id=2075"},"modified":"2025-05-30T10:20:02","modified_gmt":"2025-05-30T10:20:02","slug":"suite-hidromassatge","status":"publish","type":"page","link":"https:\/\/hotelpunt14.com\/ca\/habitacions\/suite-hidromassatge\/","title":{"rendered":"Suite Hidromassatge"},"content":{"rendered":"<p>Habitaci\u00f3 molt amplia amb parking individual anexe al costat. Enorme llit King Size molt comfortable. Bany molt espaios amb dutxa i gran banyera circular d\u2019hidromassatge tipus jacuzzi. Sofa, armari tv i escriptori, secador I wifi HS .Relax i descans assegurat.<\/p>\r\n<p>&nbsp;<\/p>\r\n\r\n<div class=\"wp-block-button boton-reservar-habitacion\"><a class=\"wp-block-button__link has-text-color has-background wp-element-button\" style=\"color: #ffffff; background-color: #000000;\" href=\"https:\/\/mp14.hotelintranet.com\/Default\" target=\"_blank\" rel=\"noreferrer noopener\">Reservar<\/a><\/div>\r\n\r\n<p>&nbsp;<\/p>\r\n<div class=\"servicios-habitacion\">\r\n<ul>\r\n<li><img decoding=\"async\" src=\"\/wp-content\/uploads\/icono-cama-doble-extra.svg\" width=\"50\" \/> Llit doble extragran<\/li>\r\n<li><img decoding=\"async\" src=\"\/wp-content\/uploads\/icono-tamano.svg\" width=\"50\" \/> 31 m2 (entrada privada)<\/li>\r\n<li><img decoding=\"async\" src=\"\/wp-content\/uploads\/icono-parking.svg\" width=\"50\" \/> P\u00e0rquing privat<\/li>\r\n<li><img decoding=\"async\" src=\"\/wp-content\/uploads\/icono-wifi.svg\" width=\"50\" \/> Wifi gratu\u00eft<\/li>\r\n<li><img decoding=\"async\" src=\"\/wp-content\/uploads\/icono-aire-acondicionado.svg\" width=\"50\" \/> Aire condicionat<\/li>\r\n<li><img decoding=\"async\" src=\"\/wp-content\/uploads\/icono-tv.svg\" width=\"50\" \/> TV de pantalla 40\u2019&#8217;<\/li>\r\n<li><img decoding=\"async\" src=\"\/wp-content\/uploads\/icono-bano-habitacion.svg\" width=\"50\" \/> Bany a l&#8217;habitaci\u00f3<\/li>\r\n<li><img decoding=\"async\" src=\"\/wp-content\/uploads\/icono-banera-hidromasaje.svg\" width=\"50\" \/> Banyera hidromassatge \u2013 Dutxa<\/li>\r\n<li><img decoding=\"async\" src=\"\/wp-content\/uploads\/icono-secador.svg\" width=\"50\" \/> Assecador de cabells<\/li>\r\n<li><img decoding=\"async\" src=\"\/wp-content\/uploads\/icono-articulos-aseo.svg\" width=\"50\" \/> Articles d&#8217;higiene gratis<\/li>\r\n<li><img decoding=\"async\" src=\"\/wp-content\/uploads\/icono-armario.svg\" width=\"50\" \/> Armari i escriptori<\/li>\r\n<\/ul>\r\n<\/div>","protected":false},"excerpt":{"rendered":"<p>Habitaci\u00f3 molt amplia amb parking individual anexe al costat. Enorme llit King Size molt comfortable. Bany molt espaios amb dutxa i gran banyera circular d\u2019hidromassatge tipus jacuzzi. Sofa, armari tv i escriptori, secador I wifi HS .Relax i descans assegurat. &nbsp; &nbsp; Llit doble extragran 31 m2 (entrada privada) P\u00e0rquing privat Wifi gratu\u00eft Aire condicionat [&hellip;]<\/p>\n","protected":false},"author":4,"featured_media":2577,"parent":20,"menu_order":2,"comment_status":"closed","ping_status":"closed","template":"habitacio.php","meta":{"_acf_changed":false,"footnotes":""},"class_list":["post-2075","page","type-page","status-publish","has-post-thumbnail","hentry"],"acf":[],"yoast_head":"<!-- This site is optimized with the Yoast SEO plugin v25.3 - https:\/\/yoast.com\/wordpress\/plugins\/seo\/ -->\r\n<title>Suite amb hidromassatge a Barcelona | Hotel Punt14<\/title>\r\n<meta name=\"description\" content=\"Hotel suites amb hidromassatge a l&#039;habitaci\u00f3. Pla rom\u00e0ntic per parelles a Barcelona. Aparcament privat gratu\u00eft. Obert tot l&#039;any.\" \/>\r\n<meta name=\"robots\" content=\"index, follow, max-snippet:-1, max-image-preview:large, max-video-preview:-1\" \/>\r\n<link rel=\"canonical\" href=\"https:\/\/hotelpunt14.com\/ca\/habitacions\/suite-hidromassatge\/\" \/>\r\n<meta property=\"og:locale\" content=\"ca_ES\" \/>\r\n<meta property=\"og:type\" content=\"article\" \/>\r\n<meta property=\"og:title\" content=\"Suite amb hidromassatge a Barcelona | Hotel Punt14\" \/>\r\n<meta property=\"og:description\" content=\"Hotel suites amb hidromassatge a l&#039;habitaci\u00f3. Pla rom\u00e0ntic per parelles a Barcelona. Aparcament privat gratu\u00eft. Obert tot l&#039;any.\" \/>\r\n<meta property=\"og:url\" content=\"https:\/\/hotelpunt14.com\/ca\/habitacions\/suite-hidromassatge\/\" \/>\r\n<meta property=\"og:site_name\" content=\"Hotel Punt14\" \/>\r\n<meta property=\"article:modified_time\" content=\"2025-05-30T10:20:02+00:00\" \/>\r\n<meta property=\"og:image\" content=\"https:\/\/hotelpunt14.com\/wp-content\/uploads\/suite-hidromasaje-hotel-punt-14-6-1.webp\" \/>\r\n\t<meta property=\"og:image:width\" content=\"1280\" \/>\r\n\t<meta property=\"og:image:height\" content=\"853\" \/>\r\n\t<meta property=\"og:image:type\" content=\"image\/webp\" \/>\r\n<meta name=\"twitter:card\" content=\"summary_large_image\" \/>\r\n<meta name=\"twitter:label1\" content=\"Temps estimat de lectura\" \/>\n\t<meta name=\"twitter:data1\" content=\"3 minuts\" \/>\r\n<script type=\"application\/ld+json\" class=\"yoast-schema-graph\">{\"@context\":\"https:\/\/schema.org\",\"@graph\":[{\"@type\":\"WebPage\",\"@id\":\"https:\/\/hotelpunt14.com\/ca\/habitacions\/suite-hidromassatge\/\",\"url\":\"https:\/\/hotelpunt14.com\/ca\/habitacions\/suite-hidromassatge\/\",\"name\":\"Suite amb hidromassatge a Barcelona | Hotel Punt14\",\"isPartOf\":{\"@id\":\"https:\/\/hotelpunt14.com\/#website\"},\"primaryImageOfPage\":{\"@id\":\"https:\/\/hotelpunt14.com\/ca\/habitacions\/suite-hidromassatge\/#primaryimage\"},\"image\":{\"@id\":\"https:\/\/hotelpunt14.com\/ca\/habitacions\/suite-hidromassatge\/#primaryimage\"},\"thumbnailUrl\":\"https:\/\/hotelpunt14.com\/wp-content\/uploads\/suite-hidromasaje-hotel-punt-14-6-1.webp\",\"datePublished\":\"2023-04-26T10:36:43+00:00\",\"dateModified\":\"2025-05-30T10:20:02+00:00\",\"description\":\"Hotel suites amb hidromassatge a l'habitaci\u00f3. Pla rom\u00e0ntic per parelles a Barcelona. Aparcament privat gratu\u00eft. Obert tot l'any.\",\"breadcrumb\":{\"@id\":\"https:\/\/hotelpunt14.com\/ca\/habitacions\/suite-hidromassatge\/#breadcrumb\"},\"inLanguage\":\"ca\",\"potentialAction\":[{\"@type\":\"ReadAction\",\"target\":[\"https:\/\/hotelpunt14.com\/ca\/habitacions\/suite-hidromassatge\/\"]}]},{\"@type\":\"ImageObject\",\"inLanguage\":\"ca\",\"@id\":\"https:\/\/hotelpunt14.com\/ca\/habitacions\/suite-hidromassatge\/#primaryimage\",\"url\":\"https:\/\/hotelpunt14.com\/wp-content\/uploads\/suite-hidromasaje-hotel-punt-14-6-1.webp\",\"contentUrl\":\"https:\/\/hotelpunt14.com\/wp-content\/uploads\/suite-hidromasaje-hotel-punt-14-6-1.webp\",\"width\":1280,\"height\":853,\"caption\":\"Habitaci\u00f3n Suite Hidromasaje del Hotel Punt14 equipada con sof\u00e1 y escritorio.\"},{\"@type\":\"BreadcrumbList\",\"@id\":\"https:\/\/hotelpunt14.com\/ca\/habitacions\/suite-hidromassatge\/#breadcrumb\",\"itemListElement\":[{\"@type\":\"ListItem\",\"position\":1,\"name\":\"Inici\",\"item\":\"https:\/\/hotelpunt14.com\/ca\/\"},{\"@type\":\"ListItem\",\"position\":2,\"name\":\"Habitacions i Suites\",\"item\":\"https:\/\/hotelpunt14.com\/ca\/habitacions\/\"},{\"@type\":\"ListItem\",\"position\":3,\"name\":\"Suite Hidromassatge\"}]},{\"@type\":\"WebSite\",\"@id\":\"https:\/\/hotelpunt14.com\/#website\",\"url\":\"https:\/\/hotelpunt14.com\/\",\"name\":\"Hotel Punt14\",\"description\":\"Hotel a prop de l&#039;aeroport de Barcelona, \u200b\u200ba 15 minuts de la ciutat i al costat de les platges de Gav\u00e0 i Castelldefels.\",\"potentialAction\":[{\"@type\":\"SearchAction\",\"target\":{\"@type\":\"EntryPoint\",\"urlTemplate\":\"https:\/\/hotelpunt14.com\/?s={search_term_string}\"},\"query-input\":{\"@type\":\"PropertyValueSpecification\",\"valueRequired\":true,\"valueName\":\"search_term_string\"}}],\"inLanguage\":\"ca\"}]}<\/script>\r\n<!-- \/ Yoast SEO plugin. -->","yoast_head_json":{"title":"Suite amb hidromassatge a Barcelona | Hotel Punt14","description":"Hotel suites amb hidromassatge a l'habitaci\u00f3. Pla rom\u00e0ntic per parelles a Barcelona. Aparcament privat gratu\u00eft. Obert tot l'any.","robots":{"index":"index","follow":"follow","max-snippet":"max-snippet:-1","max-image-preview":"max-image-preview:large","max-video-preview":"max-video-preview:-1"},"canonical":"https:\/\/hotelpunt14.com\/ca\/habitacions\/suite-hidromassatge\/","og_locale":"ca_ES","og_type":"article","og_title":"Suite amb hidromassatge a Barcelona | Hotel Punt14","og_description":"Hotel suites amb hidromassatge a l'habitaci\u00f3. Pla rom\u00e0ntic per parelles a Barcelona. Aparcament privat gratu\u00eft. Obert tot l'any.","og_url":"https:\/\/hotelpunt14.com\/ca\/habitacions\/suite-hidromassatge\/","og_site_name":"Hotel Punt14","article_modified_time":"2025-05-30T10:20:02+00:00","og_image":[{"width":1280,"height":853,"url":"https:\/\/hotelpunt14.com\/wp-content\/uploads\/suite-hidromasaje-hotel-punt-14-6-1.webp","type":"image\/webp"}],"twitter_card":"summary_large_image","twitter_misc":{"Temps estimat de lectura":"3 minuts"},"schema":{"@context":"https:\/\/schema.org","@graph":[{"@type":"WebPage","@id":"https:\/\/hotelpunt14.com\/ca\/habitacions\/suite-hidromassatge\/","url":"https:\/\/hotelpunt14.com\/ca\/habitacions\/suite-hidromassatge\/","name":"Suite amb hidromassatge a Barcelona | Hotel Punt14","isPartOf":{"@id":"https:\/\/hotelpunt14.com\/#website"},"primaryImageOfPage":{"@id":"https:\/\/hotelpunt14.com\/ca\/habitacions\/suite-hidromassatge\/#primaryimage"},"image":{"@id":"https:\/\/hotelpunt14.com\/ca\/habitacions\/suite-hidromassatge\/#primaryimage"},"thumbnailUrl":"https:\/\/hotelpunt14.com\/wp-content\/uploads\/suite-hidromasaje-hotel-punt-14-6-1.webp","datePublished":"2023-04-26T10:36:43+00:00","dateModified":"2025-05-30T10:20:02+00:00","description":"Hotel suites amb hidromassatge a l'habitaci\u00f3. Pla rom\u00e0ntic per parelles a Barcelona. Aparcament privat gratu\u00eft. Obert tot l'any.","breadcrumb":{"@id":"https:\/\/hotelpunt14.com\/ca\/habitacions\/suite-hidromassatge\/#breadcrumb"},"inLanguage":"ca","potentialAction":[{"@type":"ReadAction","target":["https:\/\/hotelpunt14.com\/ca\/habitacions\/suite-hidromassatge\/"]}]},{"@type":"ImageObject","inLanguage":"ca","@id":"https:\/\/hotelpunt14.com\/ca\/habitacions\/suite-hidromassatge\/#primaryimage","url":"https:\/\/hotelpunt14.com\/wp-content\/uploads\/suite-hidromasaje-hotel-punt-14-6-1.webp","contentUrl":"https:\/\/hotelpunt14.com\/wp-content\/uploads\/suite-hidromasaje-hotel-punt-14-6-1.webp","width":1280,"height":853,"caption":"Habitaci\u00f3n Suite Hidromasaje del Hotel Punt14 equipada con sof\u00e1 y escritorio."},{"@type":"BreadcrumbList","@id":"https:\/\/hotelpunt14.com\/ca\/habitacions\/suite-hidromassatge\/#breadcrumb","itemListElement":[{"@type":"ListItem","position":1,"name":"Inici","item":"https:\/\/hotelpunt14.com\/ca\/"},{"@type":"ListItem","position":2,"name":"Habitacions i Suites","item":"https:\/\/hotelpunt14.com\/ca\/habitacions\/"},{"@type":"ListItem","position":3,"name":"Suite Hidromassatge"}]},{"@type":"WebSite","@id":"https:\/\/hotelpunt14.com\/#website","url":"https:\/\/hotelpunt14.com\/","name":"Hotel Punt14","description":"Hotel a prop de l&#039;aeroport de Barcelona, \u200b\u200ba 15 minuts de la ciutat i al costat de les platges de Gav\u00e0 i Castelldefels.","potentialAction":[{"@type":"SearchAction","target":{"@type":"EntryPoint","urlTemplate":"https:\/\/hotelpunt14.com\/?s={search_term_string}"},"query-input":{"@type":"PropertyValueSpecification","valueRequired":true,"valueName":"search_term_string"}}],"inLanguage":"ca"}]}},"_links":{"self":[{"href":"https:\/\/hotelpunt14.com\/ca\/wp-json\/wp\/v2\/pages\/2075","targetHints":{"allow":["GET"]}}],"collection":[{"href":"https:\/\/hotelpunt14.com\/ca\/wp-json\/wp\/v2\/pages"}],"about":[{"href":"https:\/\/hotelpunt14.com\/ca\/wp-json\/wp\/v2\/types\/page"}],"author":[{"embeddable":true,"href":"https:\/\/hotelpunt14.com\/ca\/wp-json\/wp\/v2\/users\/4"}],"replies":[{"embeddable":true,"href":"https:\/\/hotelpunt14.com\/ca\/wp-json\/wp\/v2\/comments?post=2075"}],"version-history":[{"count":21,"href":"https:\/\/hotelpunt14.com\/ca\/wp-json\/wp\/v2\/pages\/2075\/revisions"}],"predecessor-version":[{"id":3095,"href":"https:\/\/hotelpunt14.com\/ca\/wp-json\/wp\/v2\/pages\/2075\/revisions\/3095"}],"up":[{"embeddable":true,"href":"https:\/\/hotelpunt14.com\/ca\/wp-json\/wp\/v2\/pages\/20"}],"wp:featuredmedia":[{"embeddable":true,"href":"https:\/\/hotelpunt14.com\/ca\/wp-json\/wp\/v2\/media\/2577"}],"wp:attachment":[{"href":"https:\/\/hotelpunt14.com\/ca\/wp-json\/wp\/v2\/media?parent=2075"}],"curies":[{"name":"wp","href":"https:\/\/api.w.org\/{rel}","templated":true}]}}